{"id":1496,"date":"2024-09-13T14:08:54","date_gmt":"2024-09-13T12:08:54","guid":{"rendered":"https:\/\/new.crossbreedingbybbg.com\/innovations\/triple-mix\/"},"modified":"2024-10-31T16:40:04","modified_gmt":"2024-10-31T15:40:04","slug":"triple-mix","status":"publish","type":"page","link":"https:\/\/crossbreedingbybbg.com\/pt-pt\/innovations\/triple-mix\/","title":{"rendered":"BBG Triple Mix"},"content":{"rendered":"\n<h1 class=\"wp-block-heading\" data-aos=\"fade\" data-aos-duration=\"500\" data-aos-once=\"true\">BBG Triple Mix<\/h1>\n\n\n\n<div class=\"wp-block-group has-global-padding is-layout-constrained wp-block-group-is-layout-constrained\">\n<div class=\"wp-block-group has-global-padding is-layout-constrained wp-block-group-is-layout-constrained\" data-aos=\"fade\" data-aos-duration=\"500\" data-aos-once=\"true\">\n<p>Desde <strong>2021<\/strong>, o BBG oferece a mistura de s\u00e9men de 3 touros Blanc-Bleu Belge de cruzamento.<\/p>\n\n\n\n<p><strong>BBG Triple Mix \u00e9 uma solu\u00e7\u00e3o para os criadores que procuram melhorar a taxa de conce\u00e7\u00e3o dos seus efetivos.<\/strong><\/p>\n\n\n\n<figure class=\"wp-block-image aligncenter size-large\"><img loading=\"lazy\" decoding=\"async\" width=\"1024\" height=\"725\" src=\"https:\/\/crossbreedingbybbg.com\/wp-content\/uploads\/2024\/09\/BBG_Site_tripleMix_Photo-copie@2x-e1728905804929-1024x725.png\" alt=\"\" class=\"wp-image-272\" srcset=\"https:\/\/crossbreedingbybbg.com\/wp-content\/uploads\/2024\/09\/BBG_Site_tripleMix_Photo-copie@2x-e1728905804929-1024x725.png 1024w, https:\/\/crossbreedingbybbg.com\/wp-content\/uploads\/2024\/09\/BBG_Site_tripleMix_Photo-copie@2x-e1728905804929-300x212.png 300w, https:\/\/crossbreedingbybbg.com\/wp-content\/uploads\/2024\/09\/BBG_Site_tripleMix_Photo-copie@2x-e1728905804929-768x544.png 768w, https:\/\/crossbreedingbybbg.com\/wp-content\/uploads\/2024\/09\/BBG_Site_tripleMix_Photo-copie@2x-e1728905804929-600x425.png 600w, https:\/\/crossbreedingbybbg.com\/wp-content\/uploads\/2024\/09\/BBG_Site_tripleMix_Photo-copie@2x-e1728905804929-1200x850.png 1200w, https:\/\/crossbreedingbybbg.com\/wp-content\/uploads\/2024\/09\/BBG_Site_tripleMix_Photo-copie@2x-e1728905804929.png 1360w\" sizes=\"auto, (max-width: 1024px) 100vw, 1024px\" \/><\/figure>\n\n\n\n<p><\/p>\n<\/div>\n\n\n\n<div class=\"wp-block-group has-global-padding is-layout-constrained wp-block-group-is-layout-constrained\" data-aos=\"fade\" data-aos-duration=\"500\" data-aos-once=\"true\">\n<p class=\"has-secondary-color has-text-color has-link-color wp-elements-0bd8abc2858d33b8409e7aeb40510789\" style=\"font-size:clamp(0.875rem, 0.875rem + ((1vw - 0.2rem) * 0.556), 1.25rem);font-style:normal;font-weight:700\"><strong>Como funciona?<\/strong>\u00a0<\/p>\n\n\n\n<p>Ao misturar o s\u00e9men de tr\u00eas touros Blanc-Bleu Belges diferentes, o Triple Mix do BBG oferece uma maior variabilidade de longevidade dos espermatozoides. Existe, portanto, uma maior probabilidade de haver espermatozoides dispon\u00edveis para a fecunda\u00e7\u00e3o.<\/p>\n\n\n\n<p class=\"has-secondary-color has-text-color has-link-color wp-elements-aa979d0ee139a982e2766342212b7c02\" style=\"font-size:clamp(0.875rem, 0.875rem + ((1vw - 0.2rem) * 0.556), 1.25rem);font-style:normal;font-weight:700\"><strong>Quais s\u00e3o os resultados do BBG Triple Mix?<\/strong><\/p>\n\n\n\n<p>Melhoria da fertilidade: No primeiro estudo efetuado com >2000 insemina\u00e7\u00f5es, o TNR56 do Triple Mix foi de +4% em compara\u00e7\u00e3o com as doses convencionais. Desde ent\u00e3o, foram vendidas 150\u00a0000 doses por ano e a procura continua a aumentar.\u00a0<\/p>\n\n\n\n<p class=\"has-secondary-color has-text-color has-link-color wp-elements-fe041217b7330d65b55e32d511e40f6b\" style=\"font-size:clamp(0.875rem, 0.875rem + ((1vw - 0.2rem) * 0.556), 1.25rem);font-style:normal;font-weight:700\"><strong>E quanto \u00e0 facilidade de parto?<\/strong><\/p>\n\n\n\n<p>O BBG Triple Mix mant\u00e9m a facilidade durante o parto. Apenas os touros com um \u00edndice de facilidade de parto elevado e semelhante s\u00e3o selecionados para o Triple Mix.<\/p>\n<\/div>\n<\/div>\n\n\n\n<div class=\"wp-block-group alignfull has-background has-global-padding is-layout-constrained wp-block-group-is-layout-constrained\" style=\"background-color:#bcbcc44d;padding-top:var(--wp--preset--spacing--x-small);padding-bottom:var(--wp--preset--spacing--x-small)\">\n<div class=\"wp-block-group has-global-padding is-layout-constrained wp-block-group-is-layout-constrained\" data-aos=\"fade\" data-aos-duration=\"500\" data-aos-once=\"true\">\n<div class=\"wp-block-group has-global-padding is-layout-constrained wp-block-group-is-layout-constrained\">\n<div class=\"wp-block-group has-base-color has-secondary-background-color has-text-color has-background has-link-color wp-elements-5b4b8220584e202f8618fb7b34efa0d8 is-layout-flow wp-block-group-is-layout-flow\" style=\"padding-top:0.5rem;padding-right:var(--wp--preset--spacing--x-small);padding-bottom:0.5rem;padding-left:var(--wp--preset--spacing--x-small)\">\n<h3 class=\"wp-block-heading has-medium-font-size\" style=\"font-style:normal;font-weight:700;text-transform:uppercase\"><strong>! Novo!<\/strong><\/h3>\n<\/div>\n<\/div>\n\n\n\n<p>O BBG Triple Mix tamb\u00e9m est\u00e1 dispon\u00edvel numa vers\u00e3o \u201csem cornos\u201d (P)<\/p>\n<\/div>\n<\/div>\n","protected":false},"excerpt":{"rendered":"<p>BBG Triple Mix Desde 2021, o BBG oferece a mistura de s\u00e9men de 3 touros Blanc-Bleu Belge de cruzamento. BBG Triple Mix \u00e9 uma solu\u00e7\u00e3o para os criadores que procuram melhorar a taxa de conce\u00e7\u00e3o dos seus efetivos. Como funciona?\u00a0 Ao misturar o s\u00e9men de tr\u00eas touros Blanc-Bleu Belges diferentes, o Triple Mix do BBG [&hellip;]<\/p>\n","protected":false},"author":1,"featured_media":0,"parent":1485,"menu_order":0,"comment_status":"closed","ping_status":"closed","template":"no-title","meta":{"inline_featured_image":false,"footnotes":""},"class_list":["post-1496","page","type-page","status-publish","hentry"],"yoast_head":"<!-- This site is optimized with the Yoast SEO plugin v27.5 - https:\/\/yoast.com\/product\/yoast-seo-wordpress\/ -->\n<title>BBG Triple Mix - BBG For Crossing<\/title>\n<meta name=\"robots\" content=\"index, follow, max-snippet:-1, max-image-preview:large, max-video-preview:-1\" \/>\n<link rel=\"canonical\" href=\"https:\/\/crossbreedingbybbg.com\/innovations\/triple-mix\/\" \/>\n<meta property=\"og:locale\" content=\"pt_PT\" \/>\n<meta property=\"og:type\" content=\"article\" \/>\n<meta property=\"og:title\" content=\"BBG Triple Mix - BBG For Crossing\" \/>\n<meta property=\"og:description\" content=\"BBG Triple Mix Desde 2021, o BBG oferece a mistura de s\u00e9men de 3 touros Blanc-Bleu Belge de cruzamento. BBG Triple Mix \u00e9 uma solu\u00e7\u00e3o para os criadores que procuram melhorar a taxa de conce\u00e7\u00e3o dos seus efetivos. Como funciona?\u00a0 Ao misturar o s\u00e9men de tr\u00eas touros Blanc-Bleu Belges diferentes, o Triple Mix do BBG [&hellip;]\" \/>\n<meta property=\"og:url\" content=\"https:\/\/crossbreedingbybbg.com\/innovations\/triple-mix\/\" \/>\n<meta property=\"og:site_name\" content=\"BBG For Crossing\" \/>\n<meta property=\"article:modified_time\" content=\"2024-10-31T15:40:04+00:00\" \/>\n<meta property=\"og:image\" content=\"https:\/\/crossbreedingbybbg.com\/wp-content\/uploads\/2024\/09\/BBG_Site_tripleMix_Photo-copie@2x-e1728905804929-1024x725.png\" \/>\n<meta name=\"twitter:card\" content=\"summary_large_image\" \/>\n<meta name=\"twitter:label1\" content=\"Tempo estimado de leitura\" \/>\n\t<meta name=\"twitter:data1\" content=\"1 minuto\" \/>\n<script type=\"application\/ld+json\" class=\"yoast-schema-graph\">{\"@context\":\"https:\\\/\\\/schema.org\",\"@graph\":[{\"@type\":\"WebPage\",\"@id\":\"https:\\\/\\\/crossbreedingbybbg.com\\\/innovations\\\/triple-mix\\\/\",\"url\":\"https:\\\/\\\/crossbreedingbybbg.com\\\/innovations\\\/triple-mix\\\/\",\"name\":\"BBG Triple Mix - BBG For Crossing\",\"isPartOf\":{\"@id\":\"https:\\\/\\\/crossbreedingbybbg.com\\\/#website\"},\"primaryImageOfPage\":{\"@id\":\"https:\\\/\\\/crossbreedingbybbg.com\\\/innovations\\\/triple-mix\\\/#primaryimage\"},\"image\":{\"@id\":\"https:\\\/\\\/crossbreedingbybbg.com\\\/innovations\\\/triple-mix\\\/#primaryimage\"},\"thumbnailUrl\":\"https:\\\/\\\/crossbreedingbybbg.com\\\/wp-content\\\/uploads\\\/2024\\\/09\\\/BBG_Site_tripleMix_Photo-copie@2x-e1728905804929-1024x725.png\",\"datePublished\":\"2024-09-13T12:08:54+00:00\",\"dateModified\":\"2024-10-31T15:40:04+00:00\",\"breadcrumb\":{\"@id\":\"https:\\\/\\\/crossbreedingbybbg.com\\\/innovations\\\/triple-mix\\\/#breadcrumb\"},\"inLanguage\":\"pt-PT\",\"potentialAction\":[{\"@type\":\"ReadAction\",\"target\":[\"https:\\\/\\\/crossbreedingbybbg.com\\\/innovations\\\/triple-mix\\\/\"]}]},{\"@type\":\"ImageObject\",\"inLanguage\":\"pt-PT\",\"@id\":\"https:\\\/\\\/crossbreedingbybbg.com\\\/innovations\\\/triple-mix\\\/#primaryimage\",\"url\":\"https:\\\/\\\/crossbreedingbybbg.com\\\/wp-content\\\/uploads\\\/2024\\\/09\\\/BBG_Site_tripleMix_Photo-copie@2x-e1728905804929-1024x725.png\",\"contentUrl\":\"https:\\\/\\\/crossbreedingbybbg.com\\\/wp-content\\\/uploads\\\/2024\\\/09\\\/BBG_Site_tripleMix_Photo-copie@2x-e1728905804929-1024x725.png\"},{\"@type\":\"BreadcrumbList\",\"@id\":\"https:\\\/\\\/crossbreedingbybbg.com\\\/innovations\\\/triple-mix\\\/#breadcrumb\",\"itemListElement\":[{\"@type\":\"ListItem\",\"position\":1,\"name\":\"Accueil\",\"item\":\"https:\\\/\\\/crossbreedingbybbg.com\\\/pt-pt\\\/\"},{\"@type\":\"ListItem\",\"position\":2,\"name\":\"Inova\u00e7\u00f5es\",\"item\":\"https:\\\/\\\/crossbreedingbybbg.com\\\/innovations\\\/\"},{\"@type\":\"ListItem\",\"position\":3,\"name\":\"BBG Triple Mix\"}]},{\"@type\":\"WebSite\",\"@id\":\"https:\\\/\\\/crossbreedingbybbg.com\\\/#website\",\"url\":\"https:\\\/\\\/crossbreedingbybbg.com\\\/\",\"name\":\"BBG For Crossing\",\"description\":\"L&rsquo;expertise de BBG au service du croisement\",\"publisher\":{\"@id\":\"https:\\\/\\\/crossbreedingbybbg.com\\\/#organization\"},\"potentialAction\":[{\"@type\":\"SearchAction\",\"target\":{\"@type\":\"EntryPoint\",\"urlTemplate\":\"https:\\\/\\\/crossbreedingbybbg.com\\\/?s={search_term_string}\"},\"query-input\":{\"@type\":\"PropertyValueSpecification\",\"valueRequired\":true,\"valueName\":\"search_term_string\"}}],\"inLanguage\":\"pt-PT\"},{\"@type\":\"Organization\",\"@id\":\"https:\\\/\\\/crossbreedingbybbg.com\\\/#organization\",\"name\":\"BBG For Crossing\",\"url\":\"https:\\\/\\\/crossbreedingbybbg.com\\\/\",\"logo\":{\"@type\":\"ImageObject\",\"inLanguage\":\"pt-PT\",\"@id\":\"https:\\\/\\\/crossbreedingbybbg.com\\\/#\\\/schema\\\/logo\\\/image\\\/\",\"url\":\"https:\\\/\\\/crossbreedingbybbg.com\\\/wp-content\\\/uploads\\\/2024\\\/09\\\/logo_blue.png\",\"contentUrl\":\"https:\\\/\\\/crossbreedingbybbg.com\\\/wp-content\\\/uploads\\\/2024\\\/09\\\/logo_blue.png\",\"width\":150,\"height\":183,\"caption\":\"BBG For Crossing\"},\"image\":{\"@id\":\"https:\\\/\\\/crossbreedingbybbg.com\\\/#\\\/schema\\\/logo\\\/image\\\/\"}}]}<\/script>\n<!-- \/ Yoast SEO plugin. -->","yoast_head_json":{"title":"BBG Triple Mix - BBG For Crossing","robots":{"index":"index","follow":"follow","max-snippet":"max-snippet:-1","max-image-preview":"max-image-preview:large","max-video-preview":"max-video-preview:-1"},"canonical":"https:\/\/crossbreedingbybbg.com\/innovations\/triple-mix\/","og_locale":"pt_PT","og_type":"article","og_title":"BBG Triple Mix - BBG For Crossing","og_description":"BBG Triple Mix Desde 2021, o BBG oferece a mistura de s\u00e9men de 3 touros Blanc-Bleu Belge de cruzamento. BBG Triple Mix \u00e9 uma solu\u00e7\u00e3o para os criadores que procuram melhorar a taxa de conce\u00e7\u00e3o dos seus efetivos. Como funciona?\u00a0 Ao misturar o s\u00e9men de tr\u00eas touros Blanc-Bleu Belges diferentes, o Triple Mix do BBG [&hellip;]","og_url":"https:\/\/crossbreedingbybbg.com\/innovations\/triple-mix\/","og_site_name":"BBG For Crossing","article_modified_time":"2024-10-31T15:40:04+00:00","og_image":[{"url":"https:\/\/crossbreedingbybbg.com\/wp-content\/uploads\/2024\/09\/BBG_Site_tripleMix_Photo-copie@2x-e1728905804929-1024x725.png","type":"","width":"","height":""}],"twitter_card":"summary_large_image","twitter_misc":{"Tempo estimado de leitura":"1 minuto"},"schema":{"@context":"https:\/\/schema.org","@graph":[{"@type":"WebPage","@id":"https:\/\/crossbreedingbybbg.com\/innovations\/triple-mix\/","url":"https:\/\/crossbreedingbybbg.com\/innovations\/triple-mix\/","name":"BBG Triple Mix - BBG For Crossing","isPartOf":{"@id":"https:\/\/crossbreedingbybbg.com\/#website"},"primaryImageOfPage":{"@id":"https:\/\/crossbreedingbybbg.com\/innovations\/triple-mix\/#primaryimage"},"image":{"@id":"https:\/\/crossbreedingbybbg.com\/innovations\/triple-mix\/#primaryimage"},"thumbnailUrl":"https:\/\/crossbreedingbybbg.com\/wp-content\/uploads\/2024\/09\/BBG_Site_tripleMix_Photo-copie@2x-e1728905804929-1024x725.png","datePublished":"2024-09-13T12:08:54+00:00","dateModified":"2024-10-31T15:40:04+00:00","breadcrumb":{"@id":"https:\/\/crossbreedingbybbg.com\/innovations\/triple-mix\/#breadcrumb"},"inLanguage":"pt-PT","potentialAction":[{"@type":"ReadAction","target":["https:\/\/crossbreedingbybbg.com\/innovations\/triple-mix\/"]}]},{"@type":"ImageObject","inLanguage":"pt-PT","@id":"https:\/\/crossbreedingbybbg.com\/innovations\/triple-mix\/#primaryimage","url":"https:\/\/crossbreedingbybbg.com\/wp-content\/uploads\/2024\/09\/BBG_Site_tripleMix_Photo-copie@2x-e1728905804929-1024x725.png","contentUrl":"https:\/\/crossbreedingbybbg.com\/wp-content\/uploads\/2024\/09\/BBG_Site_tripleMix_Photo-copie@2x-e1728905804929-1024x725.png"},{"@type":"BreadcrumbList","@id":"https:\/\/crossbreedingbybbg.com\/innovations\/triple-mix\/#breadcrumb","itemListElement":[{"@type":"ListItem","position":1,"name":"Accueil","item":"https:\/\/crossbreedingbybbg.com\/pt-pt\/"},{"@type":"ListItem","position":2,"name":"Inova\u00e7\u00f5es","item":"https:\/\/crossbreedingbybbg.com\/innovations\/"},{"@type":"ListItem","position":3,"name":"BBG Triple Mix"}]},{"@type":"WebSite","@id":"https:\/\/crossbreedingbybbg.com\/#website","url":"https:\/\/crossbreedingbybbg.com\/","name":"BBG For Crossing","description":"L&rsquo;expertise de BBG au service du croisement","publisher":{"@id":"https:\/\/crossbreedingbybbg.com\/#organization"},"potentialAction":[{"@type":"SearchAction","target":{"@type":"EntryPoint","urlTemplate":"https:\/\/crossbreedingbybbg.com\/?s={search_term_string}"},"query-input":{"@type":"PropertyValueSpecification","valueRequired":true,"valueName":"search_term_string"}}],"inLanguage":"pt-PT"},{"@type":"Organization","@id":"https:\/\/crossbreedingbybbg.com\/#organization","name":"BBG For Crossing","url":"https:\/\/crossbreedingbybbg.com\/","logo":{"@type":"ImageObject","inLanguage":"pt-PT","@id":"https:\/\/crossbreedingbybbg.com\/#\/schema\/logo\/image\/","url":"https:\/\/crossbreedingbybbg.com\/wp-content\/uploads\/2024\/09\/logo_blue.png","contentUrl":"https:\/\/crossbreedingbybbg.com\/wp-content\/uploads\/2024\/09\/logo_blue.png","width":150,"height":183,"caption":"BBG For Crossing"},"image":{"@id":"https:\/\/crossbreedingbybbg.com\/#\/schema\/logo\/image\/"}}]}},"_links":{"self":[{"href":"https:\/\/crossbreedingbybbg.com\/pt-pt\/wp-json\/wp\/v2\/pages\/1496","targetHints":{"allow":["GET"]}}],"collection":[{"href":"https:\/\/crossbreedingbybbg.com\/pt-pt\/wp-json\/wp\/v2\/pages"}],"about":[{"href":"https:\/\/crossbreedingbybbg.com\/pt-pt\/wp-json\/wp\/v2\/types\/page"}],"author":[{"embeddable":true,"href":"https:\/\/crossbreedingbybbg.com\/pt-pt\/wp-json\/wp\/v2\/users\/1"}],"replies":[{"embeddable":true,"href":"https:\/\/crossbreedingbybbg.com\/pt-pt\/wp-json\/wp\/v2\/comments?post=1496"}],"version-history":[{"count":2,"href":"https:\/\/crossbreedingbybbg.com\/pt-pt\/wp-json\/wp\/v2\/pages\/1496\/revisions"}],"predecessor-version":[{"id":1652,"href":"https:\/\/crossbreedingbybbg.com\/pt-pt\/wp-json\/wp\/v2\/pages\/1496\/revisions\/1652"}],"up":[{"embeddable":true,"href":"https:\/\/crossbreedingbybbg.com\/pt-pt\/wp-json\/wp\/v2\/pages\/1485"}],"wp:attachment":[{"href":"https:\/\/crossbreedingbybbg.com\/pt-pt\/wp-json\/wp\/v2\/media?parent=1496"}],"curies":[{"name":"wp","href":"https:\/\/api.w.org\/{rel}","templated":true}]}}