{"id":1492,"date":"2024-09-13T14:08:26","date_gmt":"2024-09-13T12:08:26","guid":{"rendered":"https:\/\/new.crossbreedingbybbg.com\/innovations\/sans-cornes\/"},"modified":"2024-10-31T20:49:05","modified_gmt":"2024-10-31T19:49:05","slug":"sans-cornes","status":"publish","type":"page","link":"https:\/\/crossbreedingbybbg.com\/pt-pt\/innovations\/sans-cornes\/","title":{"rendered":"Sem cornos"},"content":{"rendered":"\n<h1 class=\"wp-block-heading\" data-aos=\"fade\" data-aos-duration=\"500\" data-aos-once=\"true\">Sem Cornos<\/h1>\n\n\n\n<div class=\"wp-block-group has-global-padding is-layout-constrained wp-block-group-is-layout-constrained\" data-aos=\"fade\" data-aos-duration=\"500\" data-aos-once=\"true\">\n<p><strong>A BBG oferece a mais ampla gama de touros Belga Azul sem cornos<\/strong><\/p>\n\n\n\n<div class=\"wp-block-columns is-layout-flex wp-container-core-columns-is-layout-28f84493 wp-block-columns-is-layout-flex\">\n<div class=\"wp-block-column is-layout-flow wp-block-column-is-layout-flow\">\n<figure class=\"wp-block-image size-full\"><img loading=\"lazy\" decoding=\"async\" width=\"974\" height=\"650\" src=\"https:\/\/crossbreedingbybbg.com\/wp-content\/uploads\/2024\/09\/SansCornes_18-Polled-PP-copie@2x.png\" alt=\"\" class=\"wp-image-257\" srcset=\"https:\/\/crossbreedingbybbg.com\/wp-content\/uploads\/2024\/09\/SansCornes_18-Polled-PP-copie@2x.png 974w, https:\/\/crossbreedingbybbg.com\/wp-content\/uploads\/2024\/09\/SansCornes_18-Polled-PP-copie@2x-300x200.png 300w, https:\/\/crossbreedingbybbg.com\/wp-content\/uploads\/2024\/09\/SansCornes_18-Polled-PP-copie@2x-768x513.png 768w, https:\/\/crossbreedingbybbg.com\/wp-content\/uploads\/2024\/09\/SansCornes_18-Polled-PP-copie@2x-600x400.png 600w\" sizes=\"auto, (max-width: 974px) 100vw, 974px\" \/><\/figure>\n<\/div>\n\n\n\n<div class=\"wp-block-column is-layout-flow wp-block-column-is-layout-flow\">\n<figure class=\"wp-block-image size-full\"><img loading=\"lazy\" decoding=\"async\" width=\"974\" height=\"650\" src=\"https:\/\/crossbreedingbybbg.com\/wp-content\/uploads\/2024\/09\/SansCornes_2-Polled-P-copie@2x.png\" alt=\"\" class=\"wp-image-258\" srcset=\"https:\/\/crossbreedingbybbg.com\/wp-content\/uploads\/2024\/09\/SansCornes_2-Polled-P-copie@2x.png 974w, https:\/\/crossbreedingbybbg.com\/wp-content\/uploads\/2024\/09\/SansCornes_2-Polled-P-copie@2x-300x200.png 300w, https:\/\/crossbreedingbybbg.com\/wp-content\/uploads\/2024\/09\/SansCornes_2-Polled-P-copie@2x-768x513.png 768w, https:\/\/crossbreedingbybbg.com\/wp-content\/uploads\/2024\/09\/SansCornes_2-Polled-P-copie@2x-600x400.png 600w\" sizes=\"auto, (max-width: 974px) 100vw, 974px\" \/><\/figure>\n<\/div>\n<\/div>\n\n\n\n<p>A BBG \u00e9 pioneira na sele\u00e7\u00e3o de touros Belga Azul sem cornos. Isso significa que voc\u00ea pode aproveitar a maior variedade de touros sem cornos dispon\u00edvel no mercado.<\/p>\n\n\n\n<p>Eles s\u00e3o f\u00e1ceis de identificar pelo nome do touro: PP (homozigoto), P (heterozigoto).<\/p>\n\n\n\n<p>O gado sem cornos \u00e9 um benef\u00edcio para o bem-estar animal, al\u00e9m de economizar m\u00e3o de obra e custos!<\/p>\n\n\n\n<p>A aus\u00eancia de cornos \u00e9 uma caracter\u00edstica geneticamente determinada. O gene sem cornos (P) \u00e9 geneticamente dominante em rela\u00e7\u00e3o ao gene com cornos (p).<\/p>\n\n\n\n<p>Atualmente, existe um teste gen\u00e9tico dispon\u00edvel para determinar o gen\u00f3tipo sem cornos.<\/p>\n\n\n\n<p>Por conven\u00e7\u00e3o, um animal homozigoto sem cornos \u00e9 identificado como: PP, enquanto um heterozigoto \u00e9: P.<\/p>\n\n\n\n<p>O esquema a seguir esclarece melhor o que esperar das seguintes combina\u00e7\u00f5es:<\/p>\n\n\n\n<div class=\"wp-block-columns is-layout-flex wp-container-core-columns-is-layout-28f84493 wp-block-columns-is-layout-flex\">\n<div class=\"wp-block-column is-layout-flow wp-block-column-is-layout-flow\" style=\"flex-basis:25%\"><\/div>\n\n\n\n<div class=\"wp-block-column is-layout-flow wp-block-column-is-layout-flow\" style=\"flex-basis:50%\">\n<div class=\"wp-block-getwid-images-slider has-arrows-inside has-dots-inside has-images-center has-fitted-images\"><div class=\"wp-block-getwid-images-slider__wrapper\" data-effect=\"slide\" data-slides-show=\"1\" data-slides-show-laptop=\"1\" data-slides-show-tablet=\"1\" data-slides-show-mobile=\"1\" data-slides-scroll=\"1\" data-autoplay=\"true\" data-pause-hover=\"true\" data-autoplay-speed=\"4000\" data-infinite=\"true\" data-animation-speed=\"800\" data-center-mode=\"false\" data-variable-width=\"false\" data-arrows=\"inside\" data-dots=\"inside\" data-spacing=\"none\"><div class=\"wp-block-getwid-images-slider__item\"><figure><img loading=\"lazy\" decoding=\"async\" width=\"1541\" height=\"1329\" src=\"https:\/\/crossbreedingbybbg.com\/wp-content\/uploads\/2024\/10\/BBG_sanscornes_FLASH-04.png\" data-id=\"820\" data-link=\"https:\/\/crossbreedingbybbg.com\/innovations\/sans-cornes\/bbg_sanscornes_flash-04\/\" data-original-link=\"https:\/\/crossbreedingbybbg.com\/wp-content\/uploads\/2024\/10\/BBG_sanscornes_FLASH-04.png\" class=\"wp-block-getwid-images-slider__image wp-image-820\" srcset=\"https:\/\/crossbreedingbybbg.com\/wp-content\/uploads\/2024\/10\/BBG_sanscornes_FLASH-04.png 1541w, https:\/\/crossbreedingbybbg.com\/wp-content\/uploads\/2024\/10\/BBG_sanscornes_FLASH-04-300x259.png 300w, https:\/\/crossbreedingbybbg.com\/wp-content\/uploads\/2024\/10\/BBG_sanscornes_FLASH-04-1024x883.png 1024w, https:\/\/crossbreedingbybbg.com\/wp-content\/uploads\/2024\/10\/BBG_sanscornes_FLASH-04-768x662.png 768w, https:\/\/crossbreedingbybbg.com\/wp-content\/uploads\/2024\/10\/BBG_sanscornes_FLASH-04-1536x1325.png 1536w, https:\/\/crossbreedingbybbg.com\/wp-content\/uploads\/2024\/10\/BBG_sanscornes_FLASH-04-522x450.png 522w, https:\/\/crossbreedingbybbg.com\/wp-content\/uploads\/2024\/10\/BBG_sanscornes_FLASH-04-1044x900.png 1044w, https:\/\/crossbreedingbybbg.com\/wp-content\/uploads\/2024\/10\/BBG_sanscornes_FLASH-04-1252x1080.png 1252w\" sizes=\"auto, (max-width: 1541px) 100vw, 1541px\" \/><\/figure><\/div><div class=\"wp-block-getwid-images-slider__item\"><figure><img loading=\"lazy\" decoding=\"async\" width=\"1541\" height=\"1329\" src=\"https:\/\/crossbreedingbybbg.com\/wp-content\/uploads\/2024\/10\/BBG_sanscornes_FLASH-01.png\" data-id=\"805\" data-link=\"https:\/\/crossbreedingbybbg.com\/innovations\/sans-cornes\/bbg_sanscornes_flash-01\/\" data-original-link=\"https:\/\/crossbreedingbybbg.com\/wp-content\/uploads\/2024\/10\/BBG_sanscornes_FLASH-01.png\" class=\"wp-block-getwid-images-slider__image wp-image-805\" srcset=\"https:\/\/crossbreedingbybbg.com\/wp-content\/uploads\/2024\/10\/BBG_sanscornes_FLASH-01.png 1541w, https:\/\/crossbreedingbybbg.com\/wp-content\/uploads\/2024\/10\/BBG_sanscornes_FLASH-01-300x259.png 300w, https:\/\/crossbreedingbybbg.com\/wp-content\/uploads\/2024\/10\/BBG_sanscornes_FLASH-01-1024x883.png 1024w, https:\/\/crossbreedingbybbg.com\/wp-content\/uploads\/2024\/10\/BBG_sanscornes_FLASH-01-768x662.png 768w, https:\/\/crossbreedingbybbg.com\/wp-content\/uploads\/2024\/10\/BBG_sanscornes_FLASH-01-1536x1325.png 1536w, https:\/\/crossbreedingbybbg.com\/wp-content\/uploads\/2024\/10\/BBG_sanscornes_FLASH-01-522x450.png 522w, https:\/\/crossbreedingbybbg.com\/wp-content\/uploads\/2024\/10\/BBG_sanscornes_FLASH-01-1044x900.png 1044w, https:\/\/crossbreedingbybbg.com\/wp-content\/uploads\/2024\/10\/BBG_sanscornes_FLASH-01-1252x1080.png 1252w\" sizes=\"auto, (max-width: 1541px) 100vw, 1541px\" \/><\/figure><\/div><div class=\"wp-block-getwid-images-slider__item\"><figure><img loading=\"lazy\" decoding=\"async\" width=\"1541\" height=\"1329\" src=\"https:\/\/crossbreedingbybbg.com\/wp-content\/uploads\/2024\/10\/BBG_sanscornes_FLASH-03.png\" data-id=\"815\" data-link=\"https:\/\/crossbreedingbybbg.com\/innovations\/sans-cornes\/bbg_sanscornes_flash-03\/\" data-original-link=\"https:\/\/crossbreedingbybbg.com\/wp-content\/uploads\/2024\/10\/BBG_sanscornes_FLASH-03.png\" class=\"wp-block-getwid-images-slider__image wp-image-815\" srcset=\"https:\/\/crossbreedingbybbg.com\/wp-content\/uploads\/2024\/10\/BBG_sanscornes_FLASH-03.png 1541w, https:\/\/crossbreedingbybbg.com\/wp-content\/uploads\/2024\/10\/BBG_sanscornes_FLASH-03-300x259.png 300w, https:\/\/crossbreedingbybbg.com\/wp-content\/uploads\/2024\/10\/BBG_sanscornes_FLASH-03-1024x883.png 1024w, https:\/\/crossbreedingbybbg.com\/wp-content\/uploads\/2024\/10\/BBG_sanscornes_FLASH-03-768x662.png 768w, https:\/\/crossbreedingbybbg.com\/wp-content\/uploads\/2024\/10\/BBG_sanscornes_FLASH-03-1536x1325.png 1536w, https:\/\/crossbreedingbybbg.com\/wp-content\/uploads\/2024\/10\/BBG_sanscornes_FLASH-03-522x450.png 522w, https:\/\/crossbreedingbybbg.com\/wp-content\/uploads\/2024\/10\/BBG_sanscornes_FLASH-03-1044x900.png 1044w, https:\/\/crossbreedingbybbg.com\/wp-content\/uploads\/2024\/10\/BBG_sanscornes_FLASH-03-1252x1080.png 1252w\" sizes=\"auto, (max-width: 1541px) 100vw, 1541px\" \/><\/figure><\/div><div class=\"wp-block-getwid-images-slider__item\"><figure><img loading=\"lazy\" decoding=\"async\" width=\"1541\" height=\"1329\" src=\"https:\/\/crossbreedingbybbg.com\/wp-content\/uploads\/2024\/10\/BBG_sanscornes_FLASH-02.png\" data-id=\"810\" data-link=\"https:\/\/crossbreedingbybbg.com\/innovations\/sans-cornes\/bbg_sanscornes_flash-02\/\" data-original-link=\"https:\/\/crossbreedingbybbg.com\/wp-content\/uploads\/2024\/10\/BBG_sanscornes_FLASH-02.png\" class=\"wp-block-getwid-images-slider__image wp-image-810\" srcset=\"https:\/\/crossbreedingbybbg.com\/wp-content\/uploads\/2024\/10\/BBG_sanscornes_FLASH-02.png 1541w, https:\/\/crossbreedingbybbg.com\/wp-content\/uploads\/2024\/10\/BBG_sanscornes_FLASH-02-300x259.png 300w, https:\/\/crossbreedingbybbg.com\/wp-content\/uploads\/2024\/10\/BBG_sanscornes_FLASH-02-1024x883.png 1024w, https:\/\/crossbreedingbybbg.com\/wp-content\/uploads\/2024\/10\/BBG_sanscornes_FLASH-02-768x662.png 768w, https:\/\/crossbreedingbybbg.com\/wp-content\/uploads\/2024\/10\/BBG_sanscornes_FLASH-02-1536x1325.png 1536w, https:\/\/crossbreedingbybbg.com\/wp-content\/uploads\/2024\/10\/BBG_sanscornes_FLASH-02-522x450.png 522w, https:\/\/crossbreedingbybbg.com\/wp-content\/uploads\/2024\/10\/BBG_sanscornes_FLASH-02-1044x900.png 1044w, https:\/\/crossbreedingbybbg.com\/wp-content\/uploads\/2024\/10\/BBG_sanscornes_FLASH-02-1252x1080.png 1252w\" sizes=\"auto, (max-width: 1541px) 100vw, 1541px\" \/><\/figure><\/div><\/div><\/div>\n<\/div>\n\n\n\n<div class=\"wp-block-column is-layout-flow wp-block-column-is-layout-flow\" style=\"flex-basis:25%\"><\/div>\n<\/div>\n<\/div>\n","protected":false},"excerpt":{"rendered":"<p>Sem Cornos A BBG oferece a mais ampla gama de touros Belga Azul sem cornos A BBG \u00e9 pioneira na sele\u00e7\u00e3o de touros Belga Azul sem cornos. Isso significa que voc\u00ea pode aproveitar a maior variedade de touros sem cornos dispon\u00edvel no mercado. Eles s\u00e3o f\u00e1ceis de identificar pelo nome do touro: PP (homozigoto), P [&hellip;]<\/p>\n","protected":false},"author":1,"featured_media":0,"parent":1485,"menu_order":0,"comment_status":"closed","ping_status":"closed","template":"no-title","meta":{"inline_featured_image":false,"footnotes":""},"class_list":["post-1492","page","type-page","status-publish","hentry"],"yoast_head":"<!-- This site is optimized with the Yoast SEO plugin v27.4 - https:\/\/yoast.com\/product\/yoast-seo-wordpress\/ -->\n<title>Sem cornos - BBG For Crossing<\/title>\n<meta name=\"robots\" content=\"index, follow, max-snippet:-1, max-image-preview:large, max-video-preview:-1\" \/>\n<link rel=\"canonical\" href=\"https:\/\/crossbreedingbybbg.com\/innovations\/sans-cornes\/\" \/>\n<meta property=\"og:locale\" content=\"pt_PT\" \/>\n<meta property=\"og:type\" content=\"article\" \/>\n<meta property=\"og:title\" content=\"Sem cornos - BBG For Crossing\" \/>\n<meta property=\"og:description\" content=\"Sem Cornos A BBG oferece a mais ampla gama de touros Belga Azul sem cornos A BBG \u00e9 pioneira na sele\u00e7\u00e3o de touros Belga Azul sem cornos. Isso significa que voc\u00ea pode aproveitar a maior variedade de touros sem cornos dispon\u00edvel no mercado. Eles s\u00e3o f\u00e1ceis de identificar pelo nome do touro: PP (homozigoto), P [&hellip;]\" \/>\n<meta property=\"og:url\" content=\"https:\/\/crossbreedingbybbg.com\/innovations\/sans-cornes\/\" \/>\n<meta property=\"og:site_name\" content=\"BBG For Crossing\" \/>\n<meta property=\"article:modified_time\" content=\"2024-10-31T19:49:05+00:00\" \/>\n<meta property=\"og:image\" content=\"https:\/\/crossbreedingbybbg.com\/wp-content\/uploads\/2024\/09\/SansCornes_18-Polled-PP-copie@2x.png\" \/>\n<meta name=\"twitter:card\" content=\"summary_large_image\" \/>\n<meta name=\"twitter:label1\" content=\"Tempo estimado de leitura\" \/>\n\t<meta name=\"twitter:data1\" content=\"1 minuto\" \/>\n<script type=\"application\/ld+json\" class=\"yoast-schema-graph\">{\"@context\":\"https:\\\/\\\/schema.org\",\"@graph\":[{\"@type\":\"WebPage\",\"@id\":\"https:\\\/\\\/crossbreedingbybbg.com\\\/innovations\\\/sans-cornes\\\/\",\"url\":\"https:\\\/\\\/crossbreedingbybbg.com\\\/innovations\\\/sans-cornes\\\/\",\"name\":\"Sem cornos - BBG For Crossing\",\"isPartOf\":{\"@id\":\"https:\\\/\\\/crossbreedingbybbg.com\\\/#website\"},\"primaryImageOfPage\":{\"@id\":\"https:\\\/\\\/crossbreedingbybbg.com\\\/innovations\\\/sans-cornes\\\/#primaryimage\"},\"image\":{\"@id\":\"https:\\\/\\\/crossbreedingbybbg.com\\\/innovations\\\/sans-cornes\\\/#primaryimage\"},\"thumbnailUrl\":\"https:\\\/\\\/crossbreedingbybbg.com\\\/wp-content\\\/uploads\\\/2024\\\/09\\\/SansCornes_18-Polled-PP-copie@2x.png\",\"datePublished\":\"2024-09-13T12:08:26+00:00\",\"dateModified\":\"2024-10-31T19:49:05+00:00\",\"breadcrumb\":{\"@id\":\"https:\\\/\\\/crossbreedingbybbg.com\\\/innovations\\\/sans-cornes\\\/#breadcrumb\"},\"inLanguage\":\"pt-PT\",\"potentialAction\":[{\"@type\":\"ReadAction\",\"target\":[\"https:\\\/\\\/crossbreedingbybbg.com\\\/innovations\\\/sans-cornes\\\/\"]}]},{\"@type\":\"ImageObject\",\"inLanguage\":\"pt-PT\",\"@id\":\"https:\\\/\\\/crossbreedingbybbg.com\\\/innovations\\\/sans-cornes\\\/#primaryimage\",\"url\":\"https:\\\/\\\/crossbreedingbybbg.com\\\/wp-content\\\/uploads\\\/2024\\\/09\\\/SansCornes_18-Polled-PP-copie@2x.png\",\"contentUrl\":\"https:\\\/\\\/crossbreedingbybbg.com\\\/wp-content\\\/uploads\\\/2024\\\/09\\\/SansCornes_18-Polled-PP-copie@2x.png\"},{\"@type\":\"BreadcrumbList\",\"@id\":\"https:\\\/\\\/crossbreedingbybbg.com\\\/innovations\\\/sans-cornes\\\/#breadcrumb\",\"itemListElement\":[{\"@type\":\"ListItem\",\"position\":1,\"name\":\"Accueil\",\"item\":\"https:\\\/\\\/crossbreedingbybbg.com\\\/pt-pt\\\/\"},{\"@type\":\"ListItem\",\"position\":2,\"name\":\"Inova\u00e7\u00f5es\",\"item\":\"https:\\\/\\\/crossbreedingbybbg.com\\\/innovations\\\/\"},{\"@type\":\"ListItem\",\"position\":3,\"name\":\"Sem cornos\"}]},{\"@type\":\"WebSite\",\"@id\":\"https:\\\/\\\/crossbreedingbybbg.com\\\/#website\",\"url\":\"https:\\\/\\\/crossbreedingbybbg.com\\\/\",\"name\":\"BBG For Crossing\",\"description\":\"L&rsquo;expertise de BBG au service du croisement\",\"publisher\":{\"@id\":\"https:\\\/\\\/crossbreedingbybbg.com\\\/#organization\"},\"potentialAction\":[{\"@type\":\"SearchAction\",\"target\":{\"@type\":\"EntryPoint\",\"urlTemplate\":\"https:\\\/\\\/crossbreedingbybbg.com\\\/?s={search_term_string}\"},\"query-input\":{\"@type\":\"PropertyValueSpecification\",\"valueRequired\":true,\"valueName\":\"search_term_string\"}}],\"inLanguage\":\"pt-PT\"},{\"@type\":\"Organization\",\"@id\":\"https:\\\/\\\/crossbreedingbybbg.com\\\/#organization\",\"name\":\"BBG For Crossing\",\"url\":\"https:\\\/\\\/crossbreedingbybbg.com\\\/\",\"logo\":{\"@type\":\"ImageObject\",\"inLanguage\":\"pt-PT\",\"@id\":\"https:\\\/\\\/crossbreedingbybbg.com\\\/#\\\/schema\\\/logo\\\/image\\\/\",\"url\":\"https:\\\/\\\/crossbreedingbybbg.com\\\/wp-content\\\/uploads\\\/2024\\\/09\\\/logo_blue.png\",\"contentUrl\":\"https:\\\/\\\/crossbreedingbybbg.com\\\/wp-content\\\/uploads\\\/2024\\\/09\\\/logo_blue.png\",\"width\":150,\"height\":183,\"caption\":\"BBG For Crossing\"},\"image\":{\"@id\":\"https:\\\/\\\/crossbreedingbybbg.com\\\/#\\\/schema\\\/logo\\\/image\\\/\"}}]}<\/script>\n<!-- \/ Yoast SEO plugin. -->","yoast_head_json":{"title":"Sem cornos - BBG For Crossing","robots":{"index":"index","follow":"follow","max-snippet":"max-snippet:-1","max-image-preview":"max-image-preview:large","max-video-preview":"max-video-preview:-1"},"canonical":"https:\/\/crossbreedingbybbg.com\/innovations\/sans-cornes\/","og_locale":"pt_PT","og_type":"article","og_title":"Sem cornos - BBG For Crossing","og_description":"Sem Cornos A BBG oferece a mais ampla gama de touros Belga Azul sem cornos A BBG \u00e9 pioneira na sele\u00e7\u00e3o de touros Belga Azul sem cornos. Isso significa que voc\u00ea pode aproveitar a maior variedade de touros sem cornos dispon\u00edvel no mercado. Eles s\u00e3o f\u00e1ceis de identificar pelo nome do touro: PP (homozigoto), P [&hellip;]","og_url":"https:\/\/crossbreedingbybbg.com\/innovations\/sans-cornes\/","og_site_name":"BBG For Crossing","article_modified_time":"2024-10-31T19:49:05+00:00","og_image":[{"url":"https:\/\/crossbreedingbybbg.com\/wp-content\/uploads\/2024\/09\/SansCornes_18-Polled-PP-copie@2x.png","type":"","width":"","height":""}],"twitter_card":"summary_large_image","twitter_misc":{"Tempo estimado de leitura":"1 minuto"},"schema":{"@context":"https:\/\/schema.org","@graph":[{"@type":"WebPage","@id":"https:\/\/crossbreedingbybbg.com\/innovations\/sans-cornes\/","url":"https:\/\/crossbreedingbybbg.com\/innovations\/sans-cornes\/","name":"Sem cornos - BBG For Crossing","isPartOf":{"@id":"https:\/\/crossbreedingbybbg.com\/#website"},"primaryImageOfPage":{"@id":"https:\/\/crossbreedingbybbg.com\/innovations\/sans-cornes\/#primaryimage"},"image":{"@id":"https:\/\/crossbreedingbybbg.com\/innovations\/sans-cornes\/#primaryimage"},"thumbnailUrl":"https:\/\/crossbreedingbybbg.com\/wp-content\/uploads\/2024\/09\/SansCornes_18-Polled-PP-copie@2x.png","datePublished":"2024-09-13T12:08:26+00:00","dateModified":"2024-10-31T19:49:05+00:00","breadcrumb":{"@id":"https:\/\/crossbreedingbybbg.com\/innovations\/sans-cornes\/#breadcrumb"},"inLanguage":"pt-PT","potentialAction":[{"@type":"ReadAction","target":["https:\/\/crossbreedingbybbg.com\/innovations\/sans-cornes\/"]}]},{"@type":"ImageObject","inLanguage":"pt-PT","@id":"https:\/\/crossbreedingbybbg.com\/innovations\/sans-cornes\/#primaryimage","url":"https:\/\/crossbreedingbybbg.com\/wp-content\/uploads\/2024\/09\/SansCornes_18-Polled-PP-copie@2x.png","contentUrl":"https:\/\/crossbreedingbybbg.com\/wp-content\/uploads\/2024\/09\/SansCornes_18-Polled-PP-copie@2x.png"},{"@type":"BreadcrumbList","@id":"https:\/\/crossbreedingbybbg.com\/innovations\/sans-cornes\/#breadcrumb","itemListElement":[{"@type":"ListItem","position":1,"name":"Accueil","item":"https:\/\/crossbreedingbybbg.com\/pt-pt\/"},{"@type":"ListItem","position":2,"name":"Inova\u00e7\u00f5es","item":"https:\/\/crossbreedingbybbg.com\/innovations\/"},{"@type":"ListItem","position":3,"name":"Sem cornos"}]},{"@type":"WebSite","@id":"https:\/\/crossbreedingbybbg.com\/#website","url":"https:\/\/crossbreedingbybbg.com\/","name":"BBG For Crossing","description":"L&rsquo;expertise de BBG au service du croisement","publisher":{"@id":"https:\/\/crossbreedingbybbg.com\/#organization"},"potentialAction":[{"@type":"SearchAction","target":{"@type":"EntryPoint","urlTemplate":"https:\/\/crossbreedingbybbg.com\/?s={search_term_string}"},"query-input":{"@type":"PropertyValueSpecification","valueRequired":true,"valueName":"search_term_string"}}],"inLanguage":"pt-PT"},{"@type":"Organization","@id":"https:\/\/crossbreedingbybbg.com\/#organization","name":"BBG For Crossing","url":"https:\/\/crossbreedingbybbg.com\/","logo":{"@type":"ImageObject","inLanguage":"pt-PT","@id":"https:\/\/crossbreedingbybbg.com\/#\/schema\/logo\/image\/","url":"https:\/\/crossbreedingbybbg.com\/wp-content\/uploads\/2024\/09\/logo_blue.png","contentUrl":"https:\/\/crossbreedingbybbg.com\/wp-content\/uploads\/2024\/09\/logo_blue.png","width":150,"height":183,"caption":"BBG For Crossing"},"image":{"@id":"https:\/\/crossbreedingbybbg.com\/#\/schema\/logo\/image\/"}}]}},"_links":{"self":[{"href":"https:\/\/crossbreedingbybbg.com\/pt-pt\/wp-json\/wp\/v2\/pages\/1492","targetHints":{"allow":["GET"]}}],"collection":[{"href":"https:\/\/crossbreedingbybbg.com\/pt-pt\/wp-json\/wp\/v2\/pages"}],"about":[{"href":"https:\/\/crossbreedingbybbg.com\/pt-pt\/wp-json\/wp\/v2\/types\/page"}],"author":[{"embeddable":true,"href":"https:\/\/crossbreedingbybbg.com\/pt-pt\/wp-json\/wp\/v2\/users\/1"}],"replies":[{"embeddable":true,"href":"https:\/\/crossbreedingbybbg.com\/pt-pt\/wp-json\/wp\/v2\/comments?post=1492"}],"version-history":[{"count":1,"href":"https:\/\/crossbreedingbybbg.com\/pt-pt\/wp-json\/wp\/v2\/pages\/1492\/revisions"}],"predecessor-version":[{"id":1663,"href":"https:\/\/crossbreedingbybbg.com\/pt-pt\/wp-json\/wp\/v2\/pages\/1492\/revisions\/1663"}],"up":[{"embeddable":true,"href":"https:\/\/crossbreedingbybbg.com\/pt-pt\/wp-json\/wp\/v2\/pages\/1485"}],"wp:attachment":[{"href":"https:\/\/crossbreedingbybbg.com\/pt-pt\/wp-json\/wp\/v2\/media?parent=1492"}],"curies":[{"name":"wp","href":"https:\/\/api.w.org\/{rel}","templated":true}]}}