{"id":1487,"date":"2024-09-10T09:22:34","date_gmt":"2024-09-10T07:22:34","guid":{"rendered":"https:\/\/new.crossbreedingbybbg.com\/innovations\/genomique\/"},"modified":"2024-10-31T16:44:23","modified_gmt":"2024-10-31T15:44:23","slug":"genomique","status":"publish","type":"page","link":"https:\/\/crossbreedingbybbg.com\/pt-pt\/innovations\/genomique\/","title":{"rendered":"Gen\u00f3mica"},"content":{"rendered":"\n<h1 class=\"wp-block-heading\" data-aos=\"fade\" data-aos-duration=\"500\" data-aos-once=\"true\"><strong>Gen\u00f3mica<\/strong><\/h1>\n\n\n\n<div class=\"wp-block-group has-global-padding is-layout-constrained wp-block-group-is-layout-constrained\" data-aos=\"fade\" data-aos-duration=\"500\" data-aos-once=\"true\">\n<p><strong>Como l\u00edder mundial da gen\u00e9tica Belga Azul, com a sua especialidade \u00fanica do Beef-on-Dairy, o BBG acredita firmemente no investimento em I&amp;D para desenvolver ainda mais a ra\u00e7a.<\/strong><\/p>\n\n\n\n<p>Em 2016, inici\u00e1mos um acordo de investiga\u00e7\u00e3o com o Groupe de G\u00e9n\u00e9tique, G\u00e9nomique et Mod\u00e9lisation Num\u00e9rique (GGMN &#8211; Grupo de Gen\u00e9tica, Gen\u00f3mica e Modela\u00e7\u00e3o Digital) da Gembloux Agro-Bio Tech da Universidade de Li\u00e8ge (B\u00e9lgica), liderado pelo Professor Nicolas Gengler, reconhecido a n\u00edvel internacional.<\/p>\n\n\n\n<p>Gengler recebeu o Pr\u00e9mio JL Lush 2019 em Produ\u00e7\u00e3o Animal da American Dairy Science Association (ADSA). Este pr\u00e9mio recompensa a investiga\u00e7\u00e3o excecional no dom\u00ednio da pecu\u00e1ria.<\/p>\n\n\n\n<p>Desde 2021, o BBG prop\u00f5e a gen\u00f3mica em Belga Azul tanto para ra\u00e7a pura como para cruzamento, o que representa uma revolu\u00e7\u00e3o nesta ra\u00e7a.<\/p>\n\n\n\n<p class=\"has-secondary-color has-text-color has-link-color wp-elements-4209fa8616a452332a1bfb5d7facbf04\"><strong>Gen\u00f3mica no cruzamento:<\/strong><\/p>\n\n\n\n<p>S\u00e3o utilizados dados sobre a facilidade de nascimento de Holsteins de ra\u00e7a pura, de Blanc-Bleu Belges de ra\u00e7a pura e de milhares de vitelos cruzados. O BBG recolhe dados na B\u00e9lgica e utiliza os \u00edndices de Fran\u00e7a e dos Pa\u00edses Baixos.<\/p>\n\n\n\n<p>Este m\u00e9todo permite-nos obter valores gen\u00f3micos altamente fi\u00e1veis para a facilidade de parto.<\/p>\n<\/div>\n\n\n\n<div class=\"wp-block-group is-nowrap is-layout-flex wp-container-core-group-is-layout-6c531013 wp-block-group-is-layout-flex\" data-aos=\"fade\" data-aos-duration=\"500\" data-aos-once=\"true\">\n<div class=\"wp-block-group wp-container-content-a32ea41d is-layout-flow wp-block-group-is-layout-flow\" data-aos=\"fade\" data-aos-duration=\"500\" data-aos-once=\"true\">\n<figure class=\"wp-block-image size-large\"><img loading=\"lazy\" decoding=\"async\" width=\"1024\" height=\"570\" src=\"https:\/\/crossbreedingbybbg.com\/wp-content\/uploads\/2024\/09\/Genomique_2843Jersey_CROP@2x-1024x570.png\" alt=\"\" class=\"wp-image-241\" srcset=\"https:\/\/crossbreedingbybbg.com\/wp-content\/uploads\/2024\/09\/Genomique_2843Jersey_CROP@2x-1024x570.png 1024w, https:\/\/crossbreedingbybbg.com\/wp-content\/uploads\/2024\/09\/Genomique_2843Jersey_CROP@2x-300x167.png 300w, https:\/\/crossbreedingbybbg.com\/wp-content\/uploads\/2024\/09\/Genomique_2843Jersey_CROP@2x-768x428.png 768w, https:\/\/crossbreedingbybbg.com\/wp-content\/uploads\/2024\/09\/Genomique_2843Jersey_CROP@2x-600x334.png 600w, https:\/\/crossbreedingbybbg.com\/wp-content\/uploads\/2024\/09\/Genomique_2843Jersey_CROP@2x-1200x668.png 1200w, https:\/\/crossbreedingbybbg.com\/wp-content\/uploads\/2024\/09\/Genomique_2843Jersey_CROP@2x.png 1490w\" sizes=\"auto, (max-width: 1024px) 100vw, 1024px\" \/><\/figure>\n<\/div>\n<\/div>\n\n\n\n<div class=\"wp-block-group alignfull has-background has-global-padding is-layout-constrained wp-block-group-is-layout-constrained\" style=\"background-color:#bcbcc44d;padding-top:var(--wp--preset--spacing--x-small);padding-bottom:var(--wp--preset--spacing--x-small)\">\n<div class=\"wp-block-group has-global-padding is-layout-constrained wp-block-group-is-layout-constrained\" data-aos=\"fade\" data-aos-duration=\"500\" data-aos-once=\"true\">\n<div class=\"wp-block-group has-global-padding is-layout-constrained wp-block-group-is-layout-constrained\">\n<div class=\"wp-block-group has-base-color has-secondary-background-color has-text-color has-background has-link-color wp-elements-778d37807c1125557bcf6d9f4fadf4a2 is-layout-flow wp-block-group-is-layout-flow\" style=\"padding-top:0.5rem;padding-right:var(--wp--preset--spacing--x-small);padding-bottom:0.5rem;padding-left:var(--wp--preset--spacing--x-small)\">\n<h3 class=\"wp-block-heading has-medium-font-size\" style=\"font-style:normal;font-weight:700;text-transform:uppercase\"><strong>!Novidade!<\/strong><\/h3>\n<\/div>\n<\/div>\n\n\n\n<p>O BBG disp\u00f5e agora de \u00edndices gen\u00f3micos para o valor de vitelos cruzados com 2 semanas de idade, que \u00e9 considerada a m\u00e9dia de idade na maioria das regi\u00f5es da Europa para venda pelos comerciantes.<\/p>\n<\/div>\n<\/div>\n\n\n\n<div class=\"wp-block-group has-global-padding is-layout-constrained wp-block-group-is-layout-constrained\">\n<p><\/p>\n\n\n\n<div class=\"wp-block-group has-global-padding is-layout-constrained wp-block-group-is-layout-constrained\" data-aos=\"fade\" data-aos-duration=\"500\" data-aos-once=\"true\">\n<p>A avalia\u00e7\u00e3o gen\u00f3mica n\u00e3o substitui a avalia\u00e7\u00e3o polig\u00e9nica de um touro, mas <strong>melhora <\/strong>significativamente a sua <strong>precis\u00e3o<\/strong> e permite a <strong>dete\u00e7\u00e3o<\/strong> mais <strong>precoce<\/strong> de animais com elevado potencial gen\u00e9tico.<\/p>\n<\/div>\n\n\n\n<div class=\"wp-block-group has-global-padding is-layout-constrained wp-block-group-is-layout-constrained\" style=\"padding-top:var(--wp--preset--spacing--x-small);padding-bottom:var(--wp--preset--spacing--x-small)\" data-aos=\"fade\" data-aos-duration=\"500\" data-aos-once=\"true\">\n<div class=\"wp-block-group has-base-color has-secondary-background-color has-text-color has-background has-link-color wp-elements-188862773fc76f11923e5dbc4afebe72 is-layout-flow wp-block-group-is-layout-flow\" style=\"padding-top:0.5rem;padding-right:var(--wp--preset--spacing--x-small);padding-bottom:0.5rem;padding-left:var(--wp--preset--spacing--x-small)\">\n<h3 class=\"wp-block-heading has-medium-font-size\" style=\"font-style:normal;font-weight:700;text-transform:none\">Precis\u00e3o do \u00edndice ao longo da vida de um touro IA (por exemplo, crit\u00e9rio: tamanho)<\/h3>\n<\/div>\n\n\n\n<div class=\"wp-block-group is-nowrap is-layout-flex wp-container-core-group-is-layout-6c531013 wp-block-group-is-layout-flex\">\n<div class=\"wp-block-group wp-container-content-a32ea41d is-layout-flow wp-block-group-is-layout-flow\">\n<div class=\"wp-block-group is-layout-flow wp-container-core-group-is-layout-9fa150ff wp-block-group-is-layout-flow\" style=\"padding-left:2rem;--octopods-group-position:relative\">\n<figure class=\"wp-block-image size-full\"><img loading=\"lazy\" decoding=\"async\" width=\"800\" height=\"455\" src=\"https:\/\/crossbreedingbybbg.com\/wp-content\/uploads\/2024\/09\/BBG_Graph_Tableau_Precision_indice@2x.png\" alt=\"\" class=\"wp-image-249\" srcset=\"https:\/\/crossbreedingbybbg.com\/wp-content\/uploads\/2024\/09\/BBG_Graph_Tableau_Precision_indice@2x.png 800w, https:\/\/crossbreedingbybbg.com\/wp-content\/uploads\/2024\/09\/BBG_Graph_Tableau_Precision_indice@2x-300x171.png 300w, https:\/\/crossbreedingbybbg.com\/wp-content\/uploads\/2024\/09\/BBG_Graph_Tableau_Precision_indice@2x-768x437.png 768w, https:\/\/crossbreedingbybbg.com\/wp-content\/uploads\/2024\/09\/BBG_Graph_Tableau_Precision_indice@2x-600x341.png 600w\" sizes=\"auto, (max-width: 800px) 100vw, 800px\" \/><\/figure>\n\n\n\n<p class=\"has-text-align-center wp-container-content-9cfa9a5a\" style=\"margin-top:var(--wp--preset--spacing--x-small)\"><strong>Idade (meses)<\/strong><\/p>\n\n\n\n<div class=\"wp-block-group is-layout-flow wp-block-group-is-layout-flow\" style=\"--octopods-group-position:absolute;--octopods-group-top:45%;--octopods-group-left:0px;--octopods-group-transform:translate(0, -50%) rotate(180deg)\">\n<p class=\"has-text-align-center wp-container-content-9cfa9a5a\" style=\"writing-mode:vertical-rl\"><strong>Precis\u00e3o<\/strong><\/p>\n<\/div>\n<\/div>\n\n\n\n<div class=\"wp-block-group is-layout-flow wp-block-group-is-layout-flow\">\n<div class=\"wp-block-group is-nowrap is-layout-flex wp-container-core-group-is-layout-4a8ca3eb wp-block-group-is-layout-flex\">\n<figure class=\"wp-block-image size-full\"><img loading=\"lazy\" decoding=\"async\" width=\"73\" height=\"4\" src=\"https:\/\/crossbreedingbybbg.com\/wp-content\/uploads\/2024\/09\/graph2-legend-1.png\" alt=\"\" class=\"wp-image-250\"\/><\/figure>\n\n\n\n<p>Precis\u00e3o do \u00edndice de descend\u00eancia<\/p>\n<\/div>\n\n\n\n<div class=\"wp-block-group is-nowrap is-layout-flex wp-container-core-group-is-layout-4a8ca3eb wp-block-group-is-layout-flex\">\n<figure class=\"wp-block-image size-full\"><img loading=\"lazy\" decoding=\"async\" width=\"72\" height=\"4\" src=\"https:\/\/crossbreedingbybbg.com\/wp-content\/uploads\/2024\/09\/graph2-legend-2.png\" alt=\"\" class=\"wp-image-251\"\/><\/figure>\n\n\n\n<p>Precis\u00e3o do \u00edndice gen\u00f3mico + descend\u00eancia<\/p>\n<\/div>\n\n\n\n<div class=\"wp-block-group is-nowrap is-layout-flex wp-container-core-group-is-layout-4a8ca3eb wp-block-group-is-layout-flex\">\n<figure class=\"wp-block-image size-full\"><img loading=\"lazy\" decoding=\"async\" width=\"73\" height=\"5\" src=\"https:\/\/crossbreedingbybbg.com\/wp-content\/uploads\/2024\/09\/graph2-legend-3.png\" alt=\"\" class=\"wp-image-252\"\/><\/figure>\n\n\n\n<p>Precis\u00e3o do \u00edndice gen\u00f3mico<\/p>\n<\/div>\n<\/div>\n<\/div>\n<\/div>\n<\/div>\n<\/div>\n","protected":false},"excerpt":{"rendered":"<p>Gen\u00f3mica Como l\u00edder mundial da gen\u00e9tica Belga Azul, com a sua especialidade \u00fanica do Beef-on-Dairy, o BBG acredita firmemente no investimento em I&amp;D para desenvolver ainda mais a ra\u00e7a. Em 2016, inici\u00e1mos um acordo de investiga\u00e7\u00e3o com o Groupe de G\u00e9n\u00e9tique, G\u00e9nomique et Mod\u00e9lisation Num\u00e9rique (GGMN &#8211; Grupo de Gen\u00e9tica, Gen\u00f3mica e Modela\u00e7\u00e3o Digital) da [&hellip;]<\/p>\n","protected":false},"author":1,"featured_media":0,"parent":1485,"menu_order":0,"comment_status":"closed","ping_status":"closed","template":"no-title","meta":{"inline_featured_image":false,"footnotes":""},"class_list":["post-1487","page","type-page","status-publish","hentry"],"yoast_head":"<!-- This site is optimized with the Yoast SEO plugin v27.4 - https:\/\/yoast.com\/product\/yoast-seo-wordpress\/ -->\n<title>Gen\u00f3mica - BBG For Crossing<\/title>\n<meta name=\"robots\" content=\"index, follow, max-snippet:-1, max-image-preview:large, max-video-preview:-1\" \/>\n<link rel=\"canonical\" href=\"https:\/\/crossbreedingbybbg.com\/innovations\/genomique\/\" \/>\n<meta property=\"og:locale\" content=\"pt_PT\" \/>\n<meta property=\"og:type\" content=\"article\" \/>\n<meta property=\"og:title\" content=\"Gen\u00f3mica - BBG For Crossing\" \/>\n<meta property=\"og:description\" content=\"Gen\u00f3mica Como l\u00edder mundial da gen\u00e9tica Belga Azul, com a sua especialidade \u00fanica do Beef-on-Dairy, o BBG acredita firmemente no investimento em I&amp;D para desenvolver ainda mais a ra\u00e7a. Em 2016, inici\u00e1mos um acordo de investiga\u00e7\u00e3o com o Groupe de G\u00e9n\u00e9tique, G\u00e9nomique et Mod\u00e9lisation Num\u00e9rique (GGMN &#8211; Grupo de Gen\u00e9tica, Gen\u00f3mica e Modela\u00e7\u00e3o Digital) da [&hellip;]\" \/>\n<meta property=\"og:url\" content=\"https:\/\/crossbreedingbybbg.com\/innovations\/genomique\/\" \/>\n<meta property=\"og:site_name\" content=\"BBG For Crossing\" \/>\n<meta property=\"article:modified_time\" content=\"2024-10-31T15:44:23+00:00\" \/>\n<meta property=\"og:image\" content=\"https:\/\/crossbreedingbybbg.com\/wp-content\/uploads\/2024\/09\/Genomique_2843Jersey_CROP@2x-1024x570.png\" \/>\n<meta name=\"twitter:card\" content=\"summary_large_image\" \/>\n<meta name=\"twitter:label1\" content=\"Tempo estimado de leitura\" \/>\n\t<meta name=\"twitter:data1\" content=\"2 minutos\" \/>\n<script type=\"application\/ld+json\" class=\"yoast-schema-graph\">{\"@context\":\"https:\\\/\\\/schema.org\",\"@graph\":[{\"@type\":\"WebPage\",\"@id\":\"https:\\\/\\\/crossbreedingbybbg.com\\\/innovations\\\/genomique\\\/\",\"url\":\"https:\\\/\\\/crossbreedingbybbg.com\\\/innovations\\\/genomique\\\/\",\"name\":\"Gen\u00f3mica - BBG For Crossing\",\"isPartOf\":{\"@id\":\"https:\\\/\\\/crossbreedingbybbg.com\\\/#website\"},\"primaryImageOfPage\":{\"@id\":\"https:\\\/\\\/crossbreedingbybbg.com\\\/innovations\\\/genomique\\\/#primaryimage\"},\"image\":{\"@id\":\"https:\\\/\\\/crossbreedingbybbg.com\\\/innovations\\\/genomique\\\/#primaryimage\"},\"thumbnailUrl\":\"https:\\\/\\\/crossbreedingbybbg.com\\\/wp-content\\\/uploads\\\/2024\\\/09\\\/Genomique_2843Jersey_CROP@2x-1024x570.png\",\"datePublished\":\"2024-09-10T07:22:34+00:00\",\"dateModified\":\"2024-10-31T15:44:23+00:00\",\"breadcrumb\":{\"@id\":\"https:\\\/\\\/crossbreedingbybbg.com\\\/innovations\\\/genomique\\\/#breadcrumb\"},\"inLanguage\":\"pt-PT\",\"potentialAction\":[{\"@type\":\"ReadAction\",\"target\":[\"https:\\\/\\\/crossbreedingbybbg.com\\\/innovations\\\/genomique\\\/\"]}]},{\"@type\":\"ImageObject\",\"inLanguage\":\"pt-PT\",\"@id\":\"https:\\\/\\\/crossbreedingbybbg.com\\\/innovations\\\/genomique\\\/#primaryimage\",\"url\":\"https:\\\/\\\/crossbreedingbybbg.com\\\/wp-content\\\/uploads\\\/2024\\\/09\\\/Genomique_2843Jersey_CROP@2x-1024x570.png\",\"contentUrl\":\"https:\\\/\\\/crossbreedingbybbg.com\\\/wp-content\\\/uploads\\\/2024\\\/09\\\/Genomique_2843Jersey_CROP@2x-1024x570.png\"},{\"@type\":\"BreadcrumbList\",\"@id\":\"https:\\\/\\\/crossbreedingbybbg.com\\\/innovations\\\/genomique\\\/#breadcrumb\",\"itemListElement\":[{\"@type\":\"ListItem\",\"position\":1,\"name\":\"Accueil\",\"item\":\"https:\\\/\\\/crossbreedingbybbg.com\\\/pt-pt\\\/\"},{\"@type\":\"ListItem\",\"position\":2,\"name\":\"Inova\u00e7\u00f5es\",\"item\":\"https:\\\/\\\/crossbreedingbybbg.com\\\/innovations\\\/\"},{\"@type\":\"ListItem\",\"position\":3,\"name\":\"Gen\u00f3mica\"}]},{\"@type\":\"WebSite\",\"@id\":\"https:\\\/\\\/crossbreedingbybbg.com\\\/#website\",\"url\":\"https:\\\/\\\/crossbreedingbybbg.com\\\/\",\"name\":\"BBG For Crossing\",\"description\":\"L&rsquo;expertise de BBG au service du croisement\",\"publisher\":{\"@id\":\"https:\\\/\\\/crossbreedingbybbg.com\\\/#organization\"},\"potentialAction\":[{\"@type\":\"SearchAction\",\"target\":{\"@type\":\"EntryPoint\",\"urlTemplate\":\"https:\\\/\\\/crossbreedingbybbg.com\\\/?s={search_term_string}\"},\"query-input\":{\"@type\":\"PropertyValueSpecification\",\"valueRequired\":true,\"valueName\":\"search_term_string\"}}],\"inLanguage\":\"pt-PT\"},{\"@type\":\"Organization\",\"@id\":\"https:\\\/\\\/crossbreedingbybbg.com\\\/#organization\",\"name\":\"BBG For Crossing\",\"url\":\"https:\\\/\\\/crossbreedingbybbg.com\\\/\",\"logo\":{\"@type\":\"ImageObject\",\"inLanguage\":\"pt-PT\",\"@id\":\"https:\\\/\\\/crossbreedingbybbg.com\\\/#\\\/schema\\\/logo\\\/image\\\/\",\"url\":\"https:\\\/\\\/crossbreedingbybbg.com\\\/wp-content\\\/uploads\\\/2024\\\/09\\\/logo_blue.png\",\"contentUrl\":\"https:\\\/\\\/crossbreedingbybbg.com\\\/wp-content\\\/uploads\\\/2024\\\/09\\\/logo_blue.png\",\"width\":150,\"height\":183,\"caption\":\"BBG For Crossing\"},\"image\":{\"@id\":\"https:\\\/\\\/crossbreedingbybbg.com\\\/#\\\/schema\\\/logo\\\/image\\\/\"}}]}<\/script>\n<!-- \/ Yoast SEO plugin. -->","yoast_head_json":{"title":"Gen\u00f3mica - BBG For Crossing","robots":{"index":"index","follow":"follow","max-snippet":"max-snippet:-1","max-image-preview":"max-image-preview:large","max-video-preview":"max-video-preview:-1"},"canonical":"https:\/\/crossbreedingbybbg.com\/innovations\/genomique\/","og_locale":"pt_PT","og_type":"article","og_title":"Gen\u00f3mica - BBG For Crossing","og_description":"Gen\u00f3mica Como l\u00edder mundial da gen\u00e9tica Belga Azul, com a sua especialidade \u00fanica do Beef-on-Dairy, o BBG acredita firmemente no investimento em I&amp;D para desenvolver ainda mais a ra\u00e7a. Em 2016, inici\u00e1mos um acordo de investiga\u00e7\u00e3o com o Groupe de G\u00e9n\u00e9tique, G\u00e9nomique et Mod\u00e9lisation Num\u00e9rique (GGMN &#8211; Grupo de Gen\u00e9tica, Gen\u00f3mica e Modela\u00e7\u00e3o Digital) da [&hellip;]","og_url":"https:\/\/crossbreedingbybbg.com\/innovations\/genomique\/","og_site_name":"BBG For Crossing","article_modified_time":"2024-10-31T15:44:23+00:00","og_image":[{"url":"https:\/\/crossbreedingbybbg.com\/wp-content\/uploads\/2024\/09\/Genomique_2843Jersey_CROP@2x-1024x570.png","type":"","width":"","height":""}],"twitter_card":"summary_large_image","twitter_misc":{"Tempo estimado de leitura":"2 minutos"},"schema":{"@context":"https:\/\/schema.org","@graph":[{"@type":"WebPage","@id":"https:\/\/crossbreedingbybbg.com\/innovations\/genomique\/","url":"https:\/\/crossbreedingbybbg.com\/innovations\/genomique\/","name":"Gen\u00f3mica - BBG For Crossing","isPartOf":{"@id":"https:\/\/crossbreedingbybbg.com\/#website"},"primaryImageOfPage":{"@id":"https:\/\/crossbreedingbybbg.com\/innovations\/genomique\/#primaryimage"},"image":{"@id":"https:\/\/crossbreedingbybbg.com\/innovations\/genomique\/#primaryimage"},"thumbnailUrl":"https:\/\/crossbreedingbybbg.com\/wp-content\/uploads\/2024\/09\/Genomique_2843Jersey_CROP@2x-1024x570.png","datePublished":"2024-09-10T07:22:34+00:00","dateModified":"2024-10-31T15:44:23+00:00","breadcrumb":{"@id":"https:\/\/crossbreedingbybbg.com\/innovations\/genomique\/#breadcrumb"},"inLanguage":"pt-PT","potentialAction":[{"@type":"ReadAction","target":["https:\/\/crossbreedingbybbg.com\/innovations\/genomique\/"]}]},{"@type":"ImageObject","inLanguage":"pt-PT","@id":"https:\/\/crossbreedingbybbg.com\/innovations\/genomique\/#primaryimage","url":"https:\/\/crossbreedingbybbg.com\/wp-content\/uploads\/2024\/09\/Genomique_2843Jersey_CROP@2x-1024x570.png","contentUrl":"https:\/\/crossbreedingbybbg.com\/wp-content\/uploads\/2024\/09\/Genomique_2843Jersey_CROP@2x-1024x570.png"},{"@type":"BreadcrumbList","@id":"https:\/\/crossbreedingbybbg.com\/innovations\/genomique\/#breadcrumb","itemListElement":[{"@type":"ListItem","position":1,"name":"Accueil","item":"https:\/\/crossbreedingbybbg.com\/pt-pt\/"},{"@type":"ListItem","position":2,"name":"Inova\u00e7\u00f5es","item":"https:\/\/crossbreedingbybbg.com\/innovations\/"},{"@type":"ListItem","position":3,"name":"Gen\u00f3mica"}]},{"@type":"WebSite","@id":"https:\/\/crossbreedingbybbg.com\/#website","url":"https:\/\/crossbreedingbybbg.com\/","name":"BBG For Crossing","description":"L&rsquo;expertise de BBG au service du croisement","publisher":{"@id":"https:\/\/crossbreedingbybbg.com\/#organization"},"potentialAction":[{"@type":"SearchAction","target":{"@type":"EntryPoint","urlTemplate":"https:\/\/crossbreedingbybbg.com\/?s={search_term_string}"},"query-input":{"@type":"PropertyValueSpecification","valueRequired":true,"valueName":"search_term_string"}}],"inLanguage":"pt-PT"},{"@type":"Organization","@id":"https:\/\/crossbreedingbybbg.com\/#organization","name":"BBG For Crossing","url":"https:\/\/crossbreedingbybbg.com\/","logo":{"@type":"ImageObject","inLanguage":"pt-PT","@id":"https:\/\/crossbreedingbybbg.com\/#\/schema\/logo\/image\/","url":"https:\/\/crossbreedingbybbg.com\/wp-content\/uploads\/2024\/09\/logo_blue.png","contentUrl":"https:\/\/crossbreedingbybbg.com\/wp-content\/uploads\/2024\/09\/logo_blue.png","width":150,"height":183,"caption":"BBG For Crossing"},"image":{"@id":"https:\/\/crossbreedingbybbg.com\/#\/schema\/logo\/image\/"}}]}},"_links":{"self":[{"href":"https:\/\/crossbreedingbybbg.com\/pt-pt\/wp-json\/wp\/v2\/pages\/1487","targetHints":{"allow":["GET"]}}],"collection":[{"href":"https:\/\/crossbreedingbybbg.com\/pt-pt\/wp-json\/wp\/v2\/pages"}],"about":[{"href":"https:\/\/crossbreedingbybbg.com\/pt-pt\/wp-json\/wp\/v2\/types\/page"}],"author":[{"embeddable":true,"href":"https:\/\/crossbreedingbybbg.com\/pt-pt\/wp-json\/wp\/v2\/users\/1"}],"replies":[{"embeddable":true,"href":"https:\/\/crossbreedingbybbg.com\/pt-pt\/wp-json\/wp\/v2\/comments?post=1487"}],"version-history":[{"count":2,"href":"https:\/\/crossbreedingbybbg.com\/pt-pt\/wp-json\/wp\/v2\/pages\/1487\/revisions"}],"predecessor-version":[{"id":1658,"href":"https:\/\/crossbreedingbybbg.com\/pt-pt\/wp-json\/wp\/v2\/pages\/1487\/revisions\/1658"}],"up":[{"embeddable":true,"href":"https:\/\/crossbreedingbybbg.com\/pt-pt\/wp-json\/wp\/v2\/pages\/1485"}],"wp:attachment":[{"href":"https:\/\/crossbreedingbybbg.com\/pt-pt\/wp-json\/wp\/v2\/media?parent=1487"}],"curies":[{"name":"wp","href":"https:\/\/api.w.org\/{rel}","templated":true}]}}