{"id":1450,"date":"2024-09-10T09:22:34","date_gmt":"2024-09-10T07:22:34","guid":{"rendered":"https:\/\/new.crossbreedingbybbg.com\/services\/"},"modified":"2024-11-07T16:42:26","modified_gmt":"2024-11-07T15:42:26","slug":"services","status":"publish","type":"page","link":"https:\/\/crossbreedingbybbg.com\/es\/services\/","title":{"rendered":"Servicio"},"content":{"rendered":"\n<h1 class=\"wp-block-heading\" data-aos=\"fade\" data-aos-duration=\"500\" data-aos-once=\"true\">Servicio<\/h1>\n\n\n\n<div class=\"wp-block-group has-global-padding is-layout-constrained wp-block-group-is-layout-constrained\" data-aos=\"fade\" data-aos-duration=\"500\" data-aos-once=\"true\">\n<h2 class=\"wp-block-heading\" style=\"font-size:clamp(1.378rem, 1.378rem + ((1vw - 0.2rem) * 1.292), 2.25rem);font-style:normal;font-weight:500;text-transform:uppercase\">Opte por un\u00a0<strong>producto a medida<\/strong>\u00a0que satisfaga las necesidades de sus ganaderos\u2026<\/h2>\n\n\n\n<div class=\"wp-block-group wp-container-content-a32ea41d is-layout-flow wp-container-core-group-is-layout-2dd7cb82 wp-block-group-is-layout-flow\">\n<p class=\"has-background\" style=\"background-color:#9991624d;padding-top:0;padding-bottom:0;font-style:normal;font-weight:500\">Semen: convencional, sexado, BBG Triple Mix<\/p>\n\n\n\n<p class=\"has-background\" style=\"background-color:#9991624d;padding-top:0;padding-bottom:0;font-style:normal;font-weight:500\">Embriones<\/p>\n\n\n\n<p class=\"has-background\" style=\"background-color:#9991624d;padding-top:0;padding-bottom:0;font-style:normal;font-weight:500\">Animales vivos<\/p>\n<\/div>\n\n\n\n<p>\u2026\u00a1dondequiera que se encuentre! BBG ya opera<strong>\u00a0internacionalmente<\/strong>\u00a0en m\u00e1s de 55 pa\u00edses de todo el mundo. <\/p>\n\n\n\n<p>Tambi\u00e9n se beneficiar\u00e1 de nuestro\u00a0<strong>asesoramiento<\/strong>\u00a0y\u00a0<strong>apoyo personalizados<\/strong>, as\u00ed como de nuestra\u00a0<strong>asistencia t\u00e9cnica<\/strong>.<\/p>\n\n\n\n<p><\/p>\n\n\n\n<p><\/p>\n<\/div>\n\n\n\n<div class=\"wp-block-group has-global-padding is-layout-constrained wp-container-core-group-is-layout-c5063697 wp-block-group-is-layout-constrained\" style=\"padding-left:110px\">\n<figure class=\"wp-block-image size-full\" data-aos=\"fade\" data-aos-duration=\"500\" data-aos-once=\"true\"><img loading=\"lazy\" decoding=\"async\" width=\"1920\" height=\"933\" src=\"https:\/\/crossbreedingbybbg.com\/wp-content\/uploads\/2024\/09\/Carte_fond_BBG_2023@2x.png\" alt=\"\" class=\"wp-image-277\" srcset=\"https:\/\/crossbreedingbybbg.com\/wp-content\/uploads\/2024\/09\/Carte_fond_BBG_2023@2x.png 1920w, https:\/\/crossbreedingbybbg.com\/wp-content\/uploads\/2024\/09\/Carte_fond_BBG_2023@2x-300x146.png 300w, https:\/\/crossbreedingbybbg.com\/wp-content\/uploads\/2024\/09\/Carte_fond_BBG_2023@2x-1024x498.png 1024w, https:\/\/crossbreedingbybbg.com\/wp-content\/uploads\/2024\/09\/Carte_fond_BBG_2023@2x-768x373.png 768w, https:\/\/crossbreedingbybbg.com\/wp-content\/uploads\/2024\/09\/Carte_fond_BBG_2023@2x-1536x746.png 1536w, https:\/\/crossbreedingbybbg.com\/wp-content\/uploads\/2024\/09\/Carte_fond_BBG_2023@2x-600x292.png 600w, https:\/\/crossbreedingbybbg.com\/wp-content\/uploads\/2024\/09\/Carte_fond_BBG_2023@2x-1200x583.png 1200w\" sizes=\"auto, (max-width: 1920px) 100vw, 1920px\" \/><\/figure>\n<\/div>\n\n\n\n<div class=\"wp-block-group has-global-padding is-layout-constrained wp-block-group-is-layout-constrained\" data-aos=\"fade\" data-aos-duration=\"500\" data-aos-once=\"true\">\n<h2 class=\"wp-block-heading has-large-font-size\" style=\"text-transform:uppercase\"><strong>Calidad<\/strong><\/h2>\n\n\n\n<h3 class=\"wp-block-heading has-secondary-color has-text-color has-link-color wp-elements-d4725d3fa4f5c838c6501644edaaacb1\" style=\"font-size:clamp(0.984rem, 0.984rem + ((1vw - 0.2rem) * 0.764), 1.5rem);font-style:normal;font-weight:700\">Su\u00a0<strong>satisfacci\u00f3n<\/strong>\u00a0est\u00e1 en el centro de nuestras prioridades, por eso garantizamos la\u00a0<strong>calidad\u00a0<\/strong>de nuestra oferta:<\/h3>\n<\/div>\n\n\n\n<div class=\"wp-block-group has-global-padding is-layout-constrained wp-container-core-group-is-layout-c5063697 wp-block-group-is-layout-constrained\" style=\"padding-left:110px\" data-aos=\"fade\" data-aos-duration=\"500\" data-aos-once=\"true\">\n<div class=\"wp-block-columns is-layout-flex wp-container-core-columns-is-layout-c375d253 wp-block-columns-is-layout-flex\">\n<div class=\"wp-block-column is-vertically-aligned-stretch is-layout-flow wp-block-column-is-layout-flow\" style=\"flex-basis:33.33%\">\n<figure class=\"wp-block-image size-full h-100\"><img loading=\"lazy\" decoding=\"async\" width=\"716\" height=\"970\" src=\"https:\/\/crossbreedingbybbg.com\/wp-content\/uploads\/2024\/09\/LABO_Qualite@2x.png\" alt=\"\" class=\"wp-image-278\" srcset=\"https:\/\/crossbreedingbybbg.com\/wp-content\/uploads\/2024\/09\/LABO_Qualite@2x.png 716w, https:\/\/crossbreedingbybbg.com\/wp-content\/uploads\/2024\/09\/LABO_Qualite@2x-221x300.png 221w, https:\/\/crossbreedingbybbg.com\/wp-content\/uploads\/2024\/09\/LABO_Qualite@2x-332x450.png 332w, https:\/\/crossbreedingbybbg.com\/wp-content\/uploads\/2024\/09\/LABO_Qualite@2x-664x900.png 664w\" sizes=\"auto, (max-width: 716px) 100vw, 716px\" \/><\/figure>\n<\/div>\n\n\n\n<div class=\"wp-block-column is-vertically-aligned-stretch is-layout-flow wp-block-column-is-layout-flow\" style=\"flex-basis:66.66%\">\n<div class=\"wp-block-group is-vertical is-content-justification-stretch is-layout-flex wp-container-core-group-is-layout-353c4f5a wp-block-group-is-layout-flex\" style=\"min-height:100%;aspect-ratio:unset;\">\n<div class=\"wp-block-group has-background has-global-padding is-layout-constrained wp-container-core-group-is-layout-19e250f3 wp-block-group-is-layout-constrained\" style=\"background-color:#98906126\">\n<p class=\"has-background\" style=\"background-color:#98906140;padding-top:0;padding-right:var(--wp--preset--spacing--x-small);padding-bottom:0;padding-left:var(--wp--preset--spacing--x-small);font-size:clamp(0.875rem, 0.875rem + ((1vw - 0.2rem) * 0.556), 1.25rem);\"><strong>Del toro<\/strong><\/p>\n\n\n\n<div class=\"wp-block-group has-global-padding is-layout-constrained wp-container-core-group-is-layout-ce8a117f wp-block-group-is-layout-constrained\" style=\"padding-top:var(--wp--preset--spacing--x-small);padding-right:var(--wp--preset--spacing--x-small);padding-bottom:var(--wp--preset--spacing--x-small);padding-left:var(--wp--preset--spacing--x-small)\">\n<ul style=\"padding-right:0;padding-left:0\" class=\"wp-block-list\">\n<li>Selecci\u00f3n de los mejores individuos en una\u00a0<strong>amplia gama<\/strong>\u00a0de caracter\u00edsticas<\/li>\n\n\n\n<li><strong>\u00cdndices polig\u00e9nicos<\/strong>\u00a0y\u00a0<strong>fiabilidad<\/strong>\u00a0claramente indicada<\/li>\n\n\n\n<li>Prueba\u00a0<strong>gen\u00f3mica<\/strong><\/li>\n<\/ul>\n<\/div>\n<\/div>\n\n\n\n<div class=\"wp-block-group has-background wp-container-content-9cfa9a5a has-global-padding is-layout-constrained wp-container-core-group-is-layout-19e250f3 wp-block-group-is-layout-constrained\" style=\"background-color:#98906126\">\n<p class=\"has-background\" style=\"background-color:#98906140;padding-top:0;padding-right:var(--wp--preset--spacing--x-small);padding-bottom:0;padding-left:var(--wp--preset--spacing--x-small);font-size:clamp(0.875rem, 0.875rem + ((1vw - 0.2rem) * 0.556), 1.25rem);\"><strong>Al semen<\/strong><\/p>\n\n\n\n<div class=\"wp-block-group has-global-padding is-layout-constrained wp-container-core-group-is-layout-ce8a117f wp-block-group-is-layout-constrained\" style=\"padding-top:var(--wp--preset--spacing--x-small);padding-right:var(--wp--preset--spacing--x-small);padding-bottom:var(--wp--preset--spacing--x-small);padding-left:var(--wp--preset--spacing--x-small)\">\n<p>M\u00ednimo 25 millones de espermatozoides, incluyendo<\/p>\n\n\n\n<ul style=\"padding-right:0;padding-left:0\" class=\"wp-block-list\">\n<li>>30\u00a0% de movilidad<\/li>\n\n\n\n<li>>15\u00a0% de progresi\u00f3n lineal<\/li>\n<\/ul>\n\n\n\n<p>Laboratorio con certificaci\u00f3n ISO 9001<\/p>\n\n\n\n<p>Trazabilidad<\/p>\n<\/div>\n<\/div>\n<\/div>\n<\/div>\n<\/div>\n<\/div>\n","protected":false},"excerpt":{"rendered":"<p>Servicio Opte por un\u00a0producto a medida\u00a0que satisfaga las necesidades de sus ganaderos\u2026 Semen: convencional, sexado, BBG Triple Mix Embriones Animales vivos \u2026\u00a1dondequiera que se encuentre! BBG ya opera\u00a0internacionalmente\u00a0en m\u00e1s de 55 pa\u00edses de todo el mundo. Tambi\u00e9n se beneficiar\u00e1 de nuestro\u00a0asesoramiento\u00a0y\u00a0apoyo personalizados, as\u00ed como de nuestra\u00a0asistencia t\u00e9cnica. Calidad Su\u00a0satisfacci\u00f3n\u00a0est\u00e1 en el centro de nuestras prioridades, [&hellip;]<\/p>\n","protected":false},"author":1,"featured_media":0,"parent":0,"menu_order":0,"comment_status":"closed","ping_status":"closed","template":"no-title","meta":{"inline_featured_image":false,"footnotes":""},"class_list":["post-1450","page","type-page","status-publish","hentry"],"yoast_head":"<!-- This site is optimized with the Yoast SEO plugin v27.4 - https:\/\/yoast.com\/product\/yoast-seo-wordpress\/ -->\n<title>Servicio - BBG For Crossing<\/title>\n<meta name=\"robots\" content=\"index, follow, max-snippet:-1, max-image-preview:large, max-video-preview:-1\" \/>\n<link rel=\"canonical\" href=\"https:\/\/crossbreedingbybbg.com\/es\/services\/\" \/>\n<meta property=\"og:locale\" content=\"es_ES\" \/>\n<meta property=\"og:type\" content=\"article\" \/>\n<meta property=\"og:title\" content=\"Servicio - BBG For Crossing\" \/>\n<meta property=\"og:description\" content=\"Servicio Opte por un\u00a0producto a medida\u00a0que satisfaga las necesidades de sus ganaderos\u2026 Semen: convencional, sexado, BBG Triple Mix Embriones Animales vivos \u2026\u00a1dondequiera que se encuentre! BBG ya opera\u00a0internacionalmente\u00a0en m\u00e1s de 55 pa\u00edses de todo el mundo. Tambi\u00e9n se beneficiar\u00e1 de nuestro\u00a0asesoramiento\u00a0y\u00a0apoyo personalizados, as\u00ed como de nuestra\u00a0asistencia t\u00e9cnica. Calidad Su\u00a0satisfacci\u00f3n\u00a0est\u00e1 en el centro de nuestras prioridades, [&hellip;]\" \/>\n<meta property=\"og:url\" content=\"https:\/\/crossbreedingbybbg.com\/es\/services\/\" \/>\n<meta property=\"og:site_name\" content=\"BBG For Crossing\" \/>\n<meta property=\"article:modified_time\" content=\"2024-11-07T15:42:26+00:00\" \/>\n<meta property=\"og:image\" content=\"https:\/\/crossbreedingbybbg.com\/wp-content\/uploads\/2024\/09\/Carte_fond_BBG_2023@2x.png\" \/>\n<meta name=\"twitter:card\" content=\"summary_large_image\" \/>\n<meta name=\"twitter:label1\" content=\"Tiempo de lectura\" \/>\n\t<meta name=\"twitter:data1\" content=\"1 minuto\" \/>\n<script type=\"application\/ld+json\" class=\"yoast-schema-graph\">{\"@context\":\"https:\\\/\\\/schema.org\",\"@graph\":[{\"@type\":\"WebPage\",\"@id\":\"https:\\\/\\\/crossbreedingbybbg.com\\\/es\\\/services\\\/\",\"url\":\"https:\\\/\\\/crossbreedingbybbg.com\\\/es\\\/services\\\/\",\"name\":\"Servicio - BBG For Crossing\",\"isPartOf\":{\"@id\":\"https:\\\/\\\/crossbreedingbybbg.com\\\/#website\"},\"primaryImageOfPage\":{\"@id\":\"https:\\\/\\\/crossbreedingbybbg.com\\\/es\\\/services\\\/#primaryimage\"},\"image\":{\"@id\":\"https:\\\/\\\/crossbreedingbybbg.com\\\/es\\\/services\\\/#primaryimage\"},\"thumbnailUrl\":\"https:\\\/\\\/crossbreedingbybbg.com\\\/wp-content\\\/uploads\\\/2024\\\/09\\\/Carte_fond_BBG_2023@2x.png\",\"datePublished\":\"2024-09-10T07:22:34+00:00\",\"dateModified\":\"2024-11-07T15:42:26+00:00\",\"breadcrumb\":{\"@id\":\"https:\\\/\\\/crossbreedingbybbg.com\\\/es\\\/services\\\/#breadcrumb\"},\"inLanguage\":\"es\",\"potentialAction\":[{\"@type\":\"ReadAction\",\"target\":[\"https:\\\/\\\/crossbreedingbybbg.com\\\/es\\\/services\\\/\"]}]},{\"@type\":\"ImageObject\",\"inLanguage\":\"es\",\"@id\":\"https:\\\/\\\/crossbreedingbybbg.com\\\/es\\\/services\\\/#primaryimage\",\"url\":\"https:\\\/\\\/crossbreedingbybbg.com\\\/wp-content\\\/uploads\\\/2024\\\/09\\\/Carte_fond_BBG_2023@2x.png\",\"contentUrl\":\"https:\\\/\\\/crossbreedingbybbg.com\\\/wp-content\\\/uploads\\\/2024\\\/09\\\/Carte_fond_BBG_2023@2x.png\"},{\"@type\":\"BreadcrumbList\",\"@id\":\"https:\\\/\\\/crossbreedingbybbg.com\\\/es\\\/services\\\/#breadcrumb\",\"itemListElement\":[{\"@type\":\"ListItem\",\"position\":1,\"name\":\"Accueil\",\"item\":\"https:\\\/\\\/crossbreedingbybbg.com\\\/es\\\/\"},{\"@type\":\"ListItem\",\"position\":2,\"name\":\"Servicio\"}]},{\"@type\":\"WebSite\",\"@id\":\"https:\\\/\\\/crossbreedingbybbg.com\\\/#website\",\"url\":\"https:\\\/\\\/crossbreedingbybbg.com\\\/\",\"name\":\"BBG For Crossing\",\"description\":\"L&rsquo;expertise de BBG au service du croisement\",\"publisher\":{\"@id\":\"https:\\\/\\\/crossbreedingbybbg.com\\\/#organization\"},\"potentialAction\":[{\"@type\":\"SearchAction\",\"target\":{\"@type\":\"EntryPoint\",\"urlTemplate\":\"https:\\\/\\\/crossbreedingbybbg.com\\\/?s={search_term_string}\"},\"query-input\":{\"@type\":\"PropertyValueSpecification\",\"valueRequired\":true,\"valueName\":\"search_term_string\"}}],\"inLanguage\":\"es\"},{\"@type\":\"Organization\",\"@id\":\"https:\\\/\\\/crossbreedingbybbg.com\\\/#organization\",\"name\":\"BBG For Crossing\",\"url\":\"https:\\\/\\\/crossbreedingbybbg.com\\\/\",\"logo\":{\"@type\":\"ImageObject\",\"inLanguage\":\"es\",\"@id\":\"https:\\\/\\\/crossbreedingbybbg.com\\\/#\\\/schema\\\/logo\\\/image\\\/\",\"url\":\"https:\\\/\\\/crossbreedingbybbg.com\\\/wp-content\\\/uploads\\\/2024\\\/09\\\/logo_blue.png\",\"contentUrl\":\"https:\\\/\\\/crossbreedingbybbg.com\\\/wp-content\\\/uploads\\\/2024\\\/09\\\/logo_blue.png\",\"width\":150,\"height\":183,\"caption\":\"BBG For Crossing\"},\"image\":{\"@id\":\"https:\\\/\\\/crossbreedingbybbg.com\\\/#\\\/schema\\\/logo\\\/image\\\/\"}}]}<\/script>\n<!-- \/ Yoast SEO plugin. -->","yoast_head_json":{"title":"Servicio - BBG For Crossing","robots":{"index":"index","follow":"follow","max-snippet":"max-snippet:-1","max-image-preview":"max-image-preview:large","max-video-preview":"max-video-preview:-1"},"canonical":"https:\/\/crossbreedingbybbg.com\/es\/services\/","og_locale":"es_ES","og_type":"article","og_title":"Servicio - BBG For Crossing","og_description":"Servicio Opte por un\u00a0producto a medida\u00a0que satisfaga las necesidades de sus ganaderos\u2026 Semen: convencional, sexado, BBG Triple Mix Embriones Animales vivos \u2026\u00a1dondequiera que se encuentre! BBG ya opera\u00a0internacionalmente\u00a0en m\u00e1s de 55 pa\u00edses de todo el mundo. Tambi\u00e9n se beneficiar\u00e1 de nuestro\u00a0asesoramiento\u00a0y\u00a0apoyo personalizados, as\u00ed como de nuestra\u00a0asistencia t\u00e9cnica. Calidad Su\u00a0satisfacci\u00f3n\u00a0est\u00e1 en el centro de nuestras prioridades, [&hellip;]","og_url":"https:\/\/crossbreedingbybbg.com\/es\/services\/","og_site_name":"BBG For Crossing","article_modified_time":"2024-11-07T15:42:26+00:00","og_image":[{"url":"https:\/\/crossbreedingbybbg.com\/wp-content\/uploads\/2024\/09\/Carte_fond_BBG_2023@2x.png","type":"","width":"","height":""}],"twitter_card":"summary_large_image","twitter_misc":{"Tiempo de lectura":"1 minuto"},"schema":{"@context":"https:\/\/schema.org","@graph":[{"@type":"WebPage","@id":"https:\/\/crossbreedingbybbg.com\/es\/services\/","url":"https:\/\/crossbreedingbybbg.com\/es\/services\/","name":"Servicio - BBG For Crossing","isPartOf":{"@id":"https:\/\/crossbreedingbybbg.com\/#website"},"primaryImageOfPage":{"@id":"https:\/\/crossbreedingbybbg.com\/es\/services\/#primaryimage"},"image":{"@id":"https:\/\/crossbreedingbybbg.com\/es\/services\/#primaryimage"},"thumbnailUrl":"https:\/\/crossbreedingbybbg.com\/wp-content\/uploads\/2024\/09\/Carte_fond_BBG_2023@2x.png","datePublished":"2024-09-10T07:22:34+00:00","dateModified":"2024-11-07T15:42:26+00:00","breadcrumb":{"@id":"https:\/\/crossbreedingbybbg.com\/es\/services\/#breadcrumb"},"inLanguage":"es","potentialAction":[{"@type":"ReadAction","target":["https:\/\/crossbreedingbybbg.com\/es\/services\/"]}]},{"@type":"ImageObject","inLanguage":"es","@id":"https:\/\/crossbreedingbybbg.com\/es\/services\/#primaryimage","url":"https:\/\/crossbreedingbybbg.com\/wp-content\/uploads\/2024\/09\/Carte_fond_BBG_2023@2x.png","contentUrl":"https:\/\/crossbreedingbybbg.com\/wp-content\/uploads\/2024\/09\/Carte_fond_BBG_2023@2x.png"},{"@type":"BreadcrumbList","@id":"https:\/\/crossbreedingbybbg.com\/es\/services\/#breadcrumb","itemListElement":[{"@type":"ListItem","position":1,"name":"Accueil","item":"https:\/\/crossbreedingbybbg.com\/es\/"},{"@type":"ListItem","position":2,"name":"Servicio"}]},{"@type":"WebSite","@id":"https:\/\/crossbreedingbybbg.com\/#website","url":"https:\/\/crossbreedingbybbg.com\/","name":"BBG For Crossing","description":"L&rsquo;expertise de BBG au service du croisement","publisher":{"@id":"https:\/\/crossbreedingbybbg.com\/#organization"},"potentialAction":[{"@type":"SearchAction","target":{"@type":"EntryPoint","urlTemplate":"https:\/\/crossbreedingbybbg.com\/?s={search_term_string}"},"query-input":{"@type":"PropertyValueSpecification","valueRequired":true,"valueName":"search_term_string"}}],"inLanguage":"es"},{"@type":"Organization","@id":"https:\/\/crossbreedingbybbg.com\/#organization","name":"BBG For Crossing","url":"https:\/\/crossbreedingbybbg.com\/","logo":{"@type":"ImageObject","inLanguage":"es","@id":"https:\/\/crossbreedingbybbg.com\/#\/schema\/logo\/image\/","url":"https:\/\/crossbreedingbybbg.com\/wp-content\/uploads\/2024\/09\/logo_blue.png","contentUrl":"https:\/\/crossbreedingbybbg.com\/wp-content\/uploads\/2024\/09\/logo_blue.png","width":150,"height":183,"caption":"BBG For Crossing"},"image":{"@id":"https:\/\/crossbreedingbybbg.com\/#\/schema\/logo\/image\/"}}]}},"_links":{"self":[{"href":"https:\/\/crossbreedingbybbg.com\/es\/wp-json\/wp\/v2\/pages\/1450","targetHints":{"allow":["GET"]}}],"collection":[{"href":"https:\/\/crossbreedingbybbg.com\/es\/wp-json\/wp\/v2\/pages"}],"about":[{"href":"https:\/\/crossbreedingbybbg.com\/es\/wp-json\/wp\/v2\/types\/page"}],"author":[{"embeddable":true,"href":"https:\/\/crossbreedingbybbg.com\/es\/wp-json\/wp\/v2\/users\/1"}],"replies":[{"embeddable":true,"href":"https:\/\/crossbreedingbybbg.com\/es\/wp-json\/wp\/v2\/comments?post=1450"}],"version-history":[{"count":1,"href":"https:\/\/crossbreedingbybbg.com\/es\/wp-json\/wp\/v2\/pages\/1450\/revisions"}],"predecessor-version":[{"id":1711,"href":"https:\/\/crossbreedingbybbg.com\/es\/wp-json\/wp\/v2\/pages\/1450\/revisions\/1711"}],"wp:attachment":[{"href":"https:\/\/crossbreedingbybbg.com\/es\/wp-json\/wp\/v2\/media?parent=1450"}],"curies":[{"name":"wp","href":"https:\/\/api.w.org\/{rel}","templated":true}]}}