{"id":1447,"date":"2024-09-13T14:08:54","date_gmt":"2024-09-13T12:08:54","guid":{"rendered":"https:\/\/new.crossbreedingbybbg.com\/innovations\/triple-mix\/"},"modified":"2024-11-07T12:46:21","modified_gmt":"2024-11-07T11:46:21","slug":"triple-mix","status":"publish","type":"page","link":"https:\/\/crossbreedingbybbg.com\/es\/innovations\/triple-mix\/","title":{"rendered":"BBG Triple Mix"},"content":{"rendered":"\n<h1 class=\"wp-block-heading\" data-aos=\"fade\" data-aos-duration=\"500\" data-aos-once=\"true\">BBG Triple Mix<\/h1>\n\n\n\n<div class=\"wp-block-group has-global-padding is-layout-constrained wp-block-group-is-layout-constrained\">\n<div class=\"wp-block-group has-global-padding is-layout-constrained wp-block-group-is-layout-constrained\" data-aos=\"fade\" data-aos-duration=\"500\" data-aos-once=\"true\">\n<p>Desde <strong>2021<\/strong>, BBG ofrece semen mixto de 3\u00a0sementales cruzados Azul Belga.<\/p>\n\n\n\n<p><strong><br>BBG Triple Mix es una soluci\u00f3n para los ganaderos que buscan mejorar la tasa de concepci\u00f3n en sus reba\u00f1os. <\/strong><\/p>\n\n\n\n<figure class=\"wp-block-image aligncenter size-large\"><img loading=\"lazy\" decoding=\"async\" width=\"1024\" height=\"725\" src=\"https:\/\/crossbreedingbybbg.com\/wp-content\/uploads\/2024\/09\/BBG_Site_tripleMix_Photo-copie@2x-e1728905804929-1024x725.png\" alt=\"\" class=\"wp-image-272\" srcset=\"https:\/\/crossbreedingbybbg.com\/wp-content\/uploads\/2024\/09\/BBG_Site_tripleMix_Photo-copie@2x-e1728905804929-1024x725.png 1024w, https:\/\/crossbreedingbybbg.com\/wp-content\/uploads\/2024\/09\/BBG_Site_tripleMix_Photo-copie@2x-e1728905804929-300x212.png 300w, https:\/\/crossbreedingbybbg.com\/wp-content\/uploads\/2024\/09\/BBG_Site_tripleMix_Photo-copie@2x-e1728905804929-768x544.png 768w, https:\/\/crossbreedingbybbg.com\/wp-content\/uploads\/2024\/09\/BBG_Site_tripleMix_Photo-copie@2x-e1728905804929-600x425.png 600w, https:\/\/crossbreedingbybbg.com\/wp-content\/uploads\/2024\/09\/BBG_Site_tripleMix_Photo-copie@2x-e1728905804929-1200x850.png 1200w, https:\/\/crossbreedingbybbg.com\/wp-content\/uploads\/2024\/09\/BBG_Site_tripleMix_Photo-copie@2x-e1728905804929.png 1360w\" sizes=\"auto, (max-width: 1024px) 100vw, 1024px\" \/><\/figure>\n\n\n\n<p><\/p>\n<\/div>\n\n\n\n<div class=\"wp-block-group has-global-padding is-layout-constrained wp-block-group-is-layout-constrained\" data-aos=\"fade\" data-aos-duration=\"500\" data-aos-once=\"true\">\n<p class=\"has-secondary-color has-text-color has-link-color wp-elements-e8875911bd3f6f773217da898d2b4dd3\" style=\"font-size:clamp(0.875rem, 0.875rem + ((1vw - 0.2rem) * 0.556), 1.25rem);font-style:normal;font-weight:700\"><strong>\u00bfC\u00f3mo funciona?<\/strong>\u00a0<\/p>\n\n\n\n<p>Al mezclar semen de tres toros Azul Belga diferentes, la Triple Mix de BBG ofrece una mayor variabilidad en la longevidad del esperma. Por tanto, hay m\u00e1s posibilidades de disponer de espermatozoides para la fecundaci\u00f3n.<\/p>\n\n\n\n<p class=\"has-secondary-color has-text-color has-link-color wp-elements-38a732b82d077944169810340b6d7e68\" style=\"font-size:clamp(0.875rem, 0.875rem + ((1vw - 0.2rem) * 0.556), 1.25rem);font-style:normal;font-weight:700\"><strong>\u00bfCu\u00e1les son los resultados de la BBG Triple Mix?<\/strong><\/p>\n\n\n\n<p>Mejora de la fertilidad: En el primer estudio realizado con >2000\u00a0inseminaciones, el TNR56 de la Triple Mix fue de +4\u00a0% en comparaci\u00f3n con las dosis convencionales. Desde entonces, se han vendido 150\u00a0000\u00a0dosis al a\u00f1o, y la demanda sigue creciendo.\u00a0<\/p>\n\n\n\n<p class=\"has-secondary-color has-text-color has-link-color wp-elements-bb5c5fd398136ed93696452b868dcef8\" style=\"font-size:clamp(0.875rem, 0.875rem + ((1vw - 0.2rem) * 0.556), 1.25rem);font-style:normal;font-weight:700\"><strong>\u00bfY la facilidad del parto?<\/strong><\/p>\n\n\n\n<p>La Triple Mix de BBG facilita el parto. Solo los toros con un alto \u00edndice de facilidad del parto y similar se seleccionan para la Triple Mix.<\/p>\n<\/div>\n<\/div>\n\n\n\n<div class=\"wp-block-group alignfull has-background has-global-padding is-layout-constrained wp-block-group-is-layout-constrained\" style=\"background-color:#bcbcc44d;padding-top:var(--wp--preset--spacing--x-small);padding-bottom:var(--wp--preset--spacing--x-small)\">\n<div class=\"wp-block-group has-global-padding is-layout-constrained wp-block-group-is-layout-constrained\" data-aos=\"fade\" data-aos-duration=\"500\" data-aos-once=\"true\">\n<div class=\"wp-block-group has-global-padding is-layout-constrained wp-block-group-is-layout-constrained\">\n<div class=\"wp-block-group has-base-color has-secondary-background-color has-text-color has-background has-link-color wp-elements-6e6fe4aefe3380d22da0bbddadfeaf75 is-layout-flow wp-block-group-is-layout-flow\" style=\"padding-top:0.5rem;padding-right:var(--wp--preset--spacing--x-small);padding-bottom:0.5rem;padding-left:var(--wp--preset--spacing--x-small)\">\n<h3 class=\"wp-block-heading has-medium-font-size\" style=\"font-style:normal;font-weight:700;text-transform:uppercase\"><strong>\u00a1 Novedad!<\/strong><\/h3>\n<\/div>\n<\/div>\n\n\n\n<p>La Triple Mix tambi\u00e9n est\u00e1 disponible en versi\u00f3n \u00absin cuernos\u00bb (P)<\/p>\n<\/div>\n<\/div>\n","protected":false},"excerpt":{"rendered":"<p>BBG Triple Mix Desde 2021, BBG ofrece semen mixto de 3\u00a0sementales cruzados Azul Belga. BBG Triple Mix es una soluci\u00f3n para los ganaderos que buscan mejorar la tasa de concepci\u00f3n en sus reba\u00f1os. \u00bfC\u00f3mo funciona?\u00a0 Al mezclar semen de tres toros Azul Belga diferentes, la Triple Mix de BBG ofrece una mayor variabilidad en la [&hellip;]<\/p>\n","protected":false},"author":1,"featured_media":0,"parent":1397,"menu_order":0,"comment_status":"closed","ping_status":"closed","template":"no-title","meta":{"inline_featured_image":false,"footnotes":""},"class_list":["post-1447","page","type-page","status-publish","hentry"],"yoast_head":"<!-- This site is optimized with the Yoast SEO plugin v27.5 - https:\/\/yoast.com\/product\/yoast-seo-wordpress\/ -->\n<title>BBG Triple Mix - BBG For Crossing<\/title>\n<meta name=\"robots\" content=\"index, follow, max-snippet:-1, max-image-preview:large, max-video-preview:-1\" \/>\n<link rel=\"canonical\" href=\"https:\/\/crossbreedingbybbg.com\/es\/innovations\/triple-mix\/\" \/>\n<meta property=\"og:locale\" content=\"es_ES\" \/>\n<meta property=\"og:type\" content=\"article\" \/>\n<meta property=\"og:title\" content=\"BBG Triple Mix - BBG For Crossing\" \/>\n<meta property=\"og:description\" content=\"BBG Triple Mix Desde 2021, BBG ofrece semen mixto de 3\u00a0sementales cruzados Azul Belga. BBG Triple Mix es una soluci\u00f3n para los ganaderos que buscan mejorar la tasa de concepci\u00f3n en sus reba\u00f1os. \u00bfC\u00f3mo funciona?\u00a0 Al mezclar semen de tres toros Azul Belga diferentes, la Triple Mix de BBG ofrece una mayor variabilidad en la [&hellip;]\" \/>\n<meta property=\"og:url\" content=\"https:\/\/crossbreedingbybbg.com\/es\/innovations\/triple-mix\/\" \/>\n<meta property=\"og:site_name\" content=\"BBG For Crossing\" \/>\n<meta property=\"article:modified_time\" content=\"2024-11-07T11:46:21+00:00\" \/>\n<meta property=\"og:image\" content=\"https:\/\/crossbreedingbybbg.com\/wp-content\/uploads\/2024\/09\/BBG_Site_tripleMix_Photo-copie@2x-e1728905804929-1024x725.png\" \/>\n<meta name=\"twitter:card\" content=\"summary_large_image\" \/>\n<meta name=\"twitter:label1\" content=\"Tiempo de lectura\" \/>\n\t<meta name=\"twitter:data1\" content=\"2 minutos\" \/>\n<script type=\"application\/ld+json\" class=\"yoast-schema-graph\">{\"@context\":\"https:\\\/\\\/schema.org\",\"@graph\":[{\"@type\":\"WebPage\",\"@id\":\"https:\\\/\\\/crossbreedingbybbg.com\\\/es\\\/innovations\\\/triple-mix\\\/\",\"url\":\"https:\\\/\\\/crossbreedingbybbg.com\\\/es\\\/innovations\\\/triple-mix\\\/\",\"name\":\"BBG Triple Mix - BBG For Crossing\",\"isPartOf\":{\"@id\":\"https:\\\/\\\/crossbreedingbybbg.com\\\/#website\"},\"primaryImageOfPage\":{\"@id\":\"https:\\\/\\\/crossbreedingbybbg.com\\\/es\\\/innovations\\\/triple-mix\\\/#primaryimage\"},\"image\":{\"@id\":\"https:\\\/\\\/crossbreedingbybbg.com\\\/es\\\/innovations\\\/triple-mix\\\/#primaryimage\"},\"thumbnailUrl\":\"https:\\\/\\\/crossbreedingbybbg.com\\\/wp-content\\\/uploads\\\/2024\\\/09\\\/BBG_Site_tripleMix_Photo-copie@2x-e1728905804929-1024x725.png\",\"datePublished\":\"2024-09-13T12:08:54+00:00\",\"dateModified\":\"2024-11-07T11:46:21+00:00\",\"breadcrumb\":{\"@id\":\"https:\\\/\\\/crossbreedingbybbg.com\\\/es\\\/innovations\\\/triple-mix\\\/#breadcrumb\"},\"inLanguage\":\"es\",\"potentialAction\":[{\"@type\":\"ReadAction\",\"target\":[\"https:\\\/\\\/crossbreedingbybbg.com\\\/es\\\/innovations\\\/triple-mix\\\/\"]}]},{\"@type\":\"ImageObject\",\"inLanguage\":\"es\",\"@id\":\"https:\\\/\\\/crossbreedingbybbg.com\\\/es\\\/innovations\\\/triple-mix\\\/#primaryimage\",\"url\":\"https:\\\/\\\/crossbreedingbybbg.com\\\/wp-content\\\/uploads\\\/2024\\\/09\\\/BBG_Site_tripleMix_Photo-copie@2x-e1728905804929-1024x725.png\",\"contentUrl\":\"https:\\\/\\\/crossbreedingbybbg.com\\\/wp-content\\\/uploads\\\/2024\\\/09\\\/BBG_Site_tripleMix_Photo-copie@2x-e1728905804929-1024x725.png\"},{\"@type\":\"BreadcrumbList\",\"@id\":\"https:\\\/\\\/crossbreedingbybbg.com\\\/es\\\/innovations\\\/triple-mix\\\/#breadcrumb\",\"itemListElement\":[{\"@type\":\"ListItem\",\"position\":1,\"name\":\"Accueil\",\"item\":\"https:\\\/\\\/crossbreedingbybbg.com\\\/es\\\/\"},{\"@type\":\"ListItem\",\"position\":2,\"name\":\"Innovaciones\",\"item\":\"https:\\\/\\\/crossbreedingbybbg.com\\\/es\\\/innovations\\\/\"},{\"@type\":\"ListItem\",\"position\":3,\"name\":\"BBG Triple Mix\"}]},{\"@type\":\"WebSite\",\"@id\":\"https:\\\/\\\/crossbreedingbybbg.com\\\/#website\",\"url\":\"https:\\\/\\\/crossbreedingbybbg.com\\\/\",\"name\":\"BBG For Crossing\",\"description\":\"L&rsquo;expertise de BBG au service du croisement\",\"publisher\":{\"@id\":\"https:\\\/\\\/crossbreedingbybbg.com\\\/#organization\"},\"potentialAction\":[{\"@type\":\"SearchAction\",\"target\":{\"@type\":\"EntryPoint\",\"urlTemplate\":\"https:\\\/\\\/crossbreedingbybbg.com\\\/?s={search_term_string}\"},\"query-input\":{\"@type\":\"PropertyValueSpecification\",\"valueRequired\":true,\"valueName\":\"search_term_string\"}}],\"inLanguage\":\"es\"},{\"@type\":\"Organization\",\"@id\":\"https:\\\/\\\/crossbreedingbybbg.com\\\/#organization\",\"name\":\"BBG For Crossing\",\"url\":\"https:\\\/\\\/crossbreedingbybbg.com\\\/\",\"logo\":{\"@type\":\"ImageObject\",\"inLanguage\":\"es\",\"@id\":\"https:\\\/\\\/crossbreedingbybbg.com\\\/#\\\/schema\\\/logo\\\/image\\\/\",\"url\":\"https:\\\/\\\/crossbreedingbybbg.com\\\/wp-content\\\/uploads\\\/2024\\\/09\\\/logo_blue.png\",\"contentUrl\":\"https:\\\/\\\/crossbreedingbybbg.com\\\/wp-content\\\/uploads\\\/2024\\\/09\\\/logo_blue.png\",\"width\":150,\"height\":183,\"caption\":\"BBG For Crossing\"},\"image\":{\"@id\":\"https:\\\/\\\/crossbreedingbybbg.com\\\/#\\\/schema\\\/logo\\\/image\\\/\"}}]}<\/script>\n<!-- \/ Yoast SEO plugin. -->","yoast_head_json":{"title":"BBG Triple Mix - BBG For Crossing","robots":{"index":"index","follow":"follow","max-snippet":"max-snippet:-1","max-image-preview":"max-image-preview:large","max-video-preview":"max-video-preview:-1"},"canonical":"https:\/\/crossbreedingbybbg.com\/es\/innovations\/triple-mix\/","og_locale":"es_ES","og_type":"article","og_title":"BBG Triple Mix - BBG For Crossing","og_description":"BBG Triple Mix Desde 2021, BBG ofrece semen mixto de 3\u00a0sementales cruzados Azul Belga. BBG Triple Mix es una soluci\u00f3n para los ganaderos que buscan mejorar la tasa de concepci\u00f3n en sus reba\u00f1os. \u00bfC\u00f3mo funciona?\u00a0 Al mezclar semen de tres toros Azul Belga diferentes, la Triple Mix de BBG ofrece una mayor variabilidad en la [&hellip;]","og_url":"https:\/\/crossbreedingbybbg.com\/es\/innovations\/triple-mix\/","og_site_name":"BBG For Crossing","article_modified_time":"2024-11-07T11:46:21+00:00","og_image":[{"url":"https:\/\/crossbreedingbybbg.com\/wp-content\/uploads\/2024\/09\/BBG_Site_tripleMix_Photo-copie@2x-e1728905804929-1024x725.png","type":"","width":"","height":""}],"twitter_card":"summary_large_image","twitter_misc":{"Tiempo de lectura":"2 minutos"},"schema":{"@context":"https:\/\/schema.org","@graph":[{"@type":"WebPage","@id":"https:\/\/crossbreedingbybbg.com\/es\/innovations\/triple-mix\/","url":"https:\/\/crossbreedingbybbg.com\/es\/innovations\/triple-mix\/","name":"BBG Triple Mix - BBG For Crossing","isPartOf":{"@id":"https:\/\/crossbreedingbybbg.com\/#website"},"primaryImageOfPage":{"@id":"https:\/\/crossbreedingbybbg.com\/es\/innovations\/triple-mix\/#primaryimage"},"image":{"@id":"https:\/\/crossbreedingbybbg.com\/es\/innovations\/triple-mix\/#primaryimage"},"thumbnailUrl":"https:\/\/crossbreedingbybbg.com\/wp-content\/uploads\/2024\/09\/BBG_Site_tripleMix_Photo-copie@2x-e1728905804929-1024x725.png","datePublished":"2024-09-13T12:08:54+00:00","dateModified":"2024-11-07T11:46:21+00:00","breadcrumb":{"@id":"https:\/\/crossbreedingbybbg.com\/es\/innovations\/triple-mix\/#breadcrumb"},"inLanguage":"es","potentialAction":[{"@type":"ReadAction","target":["https:\/\/crossbreedingbybbg.com\/es\/innovations\/triple-mix\/"]}]},{"@type":"ImageObject","inLanguage":"es","@id":"https:\/\/crossbreedingbybbg.com\/es\/innovations\/triple-mix\/#primaryimage","url":"https:\/\/crossbreedingbybbg.com\/wp-content\/uploads\/2024\/09\/BBG_Site_tripleMix_Photo-copie@2x-e1728905804929-1024x725.png","contentUrl":"https:\/\/crossbreedingbybbg.com\/wp-content\/uploads\/2024\/09\/BBG_Site_tripleMix_Photo-copie@2x-e1728905804929-1024x725.png"},{"@type":"BreadcrumbList","@id":"https:\/\/crossbreedingbybbg.com\/es\/innovations\/triple-mix\/#breadcrumb","itemListElement":[{"@type":"ListItem","position":1,"name":"Accueil","item":"https:\/\/crossbreedingbybbg.com\/es\/"},{"@type":"ListItem","position":2,"name":"Innovaciones","item":"https:\/\/crossbreedingbybbg.com\/es\/innovations\/"},{"@type":"ListItem","position":3,"name":"BBG Triple Mix"}]},{"@type":"WebSite","@id":"https:\/\/crossbreedingbybbg.com\/#website","url":"https:\/\/crossbreedingbybbg.com\/","name":"BBG For Crossing","description":"L&rsquo;expertise de BBG au service du croisement","publisher":{"@id":"https:\/\/crossbreedingbybbg.com\/#organization"},"potentialAction":[{"@type":"SearchAction","target":{"@type":"EntryPoint","urlTemplate":"https:\/\/crossbreedingbybbg.com\/?s={search_term_string}"},"query-input":{"@type":"PropertyValueSpecification","valueRequired":true,"valueName":"search_term_string"}}],"inLanguage":"es"},{"@type":"Organization","@id":"https:\/\/crossbreedingbybbg.com\/#organization","name":"BBG For Crossing","url":"https:\/\/crossbreedingbybbg.com\/","logo":{"@type":"ImageObject","inLanguage":"es","@id":"https:\/\/crossbreedingbybbg.com\/#\/schema\/logo\/image\/","url":"https:\/\/crossbreedingbybbg.com\/wp-content\/uploads\/2024\/09\/logo_blue.png","contentUrl":"https:\/\/crossbreedingbybbg.com\/wp-content\/uploads\/2024\/09\/logo_blue.png","width":150,"height":183,"caption":"BBG For Crossing"},"image":{"@id":"https:\/\/crossbreedingbybbg.com\/#\/schema\/logo\/image\/"}}]}},"_links":{"self":[{"href":"https:\/\/crossbreedingbybbg.com\/es\/wp-json\/wp\/v2\/pages\/1447","targetHints":{"allow":["GET"]}}],"collection":[{"href":"https:\/\/crossbreedingbybbg.com\/es\/wp-json\/wp\/v2\/pages"}],"about":[{"href":"https:\/\/crossbreedingbybbg.com\/es\/wp-json\/wp\/v2\/types\/page"}],"author":[{"embeddable":true,"href":"https:\/\/crossbreedingbybbg.com\/es\/wp-json\/wp\/v2\/users\/1"}],"replies":[{"embeddable":true,"href":"https:\/\/crossbreedingbybbg.com\/es\/wp-json\/wp\/v2\/comments?post=1447"}],"version-history":[{"count":2,"href":"https:\/\/crossbreedingbybbg.com\/es\/wp-json\/wp\/v2\/pages\/1447\/revisions"}],"predecessor-version":[{"id":1703,"href":"https:\/\/crossbreedingbybbg.com\/es\/wp-json\/wp\/v2\/pages\/1447\/revisions\/1703"}],"up":[{"embeddable":true,"href":"https:\/\/crossbreedingbybbg.com\/es\/wp-json\/wp\/v2\/pages\/1397"}],"wp:attachment":[{"href":"https:\/\/crossbreedingbybbg.com\/es\/wp-json\/wp\/v2\/media?parent=1447"}],"curies":[{"name":"wp","href":"https:\/\/api.w.org\/{rel}","templated":true}]}}