{"id":1435,"date":"2024-09-12T15:03:06","date_gmt":"2024-09-12T13:03:06","guid":{"rendered":"https:\/\/new.crossbreedingbybbg.com\/croisement\/selection\/"},"modified":"2026-02-11T11:57:56","modified_gmt":"2026-02-11T10:57:56","slug":"selection","status":"publish","type":"page","link":"https:\/\/crossbreedingbybbg.com\/es\/croisement\/selection\/","title":{"rendered":"Selecci\u00f3n"},"content":{"rendered":"\n<h1 class=\"wp-block-heading\" data-aos=\"fade\" data-aos-duration=\"500\" data-aos-once=\"true\">\u00bfPor qu\u00e9 utilizar un toro de cruzamiento con sus vacas?<\/h1>\n\n\n\n<div class=\"wp-block-group has-global-padding is-layout-constrained wp-block-group-is-layout-constrained\" data-aos=\"fade\" data-aos-duration=\"500\" data-aos-once=\"true\">\n<p>Marc, ganadero de Bois d\u2019Esneux, comparte su experiencia pr\u00e1ctica con el cruce BBB en ganader\u00eda lechera.<\/p>\n\n\n\n<figure class=\"wp-block-embed is-type-video is-provider-youtube wp-block-embed-youtube wp-embed-aspect-16-9 wp-has-aspect-ratio\"><div class=\"wp-block-embed__wrapper\">\n<iframe loading=\"lazy\" title=\"Interview of Marc Crevits, Belgian Blue and Holstein breeder at Bois d\u2019Esneux farm\" width=\"500\" height=\"281\" src=\"https:\/\/www.youtube.com\/embed\/shZmTil5aL4?feature=oembed\" frameborder=\"0\" allow=\"accelerometer; autoplay; clipboard-write; encrypted-media; gyroscope; picture-in-picture; web-share\" referrerpolicy=\"strict-origin-when-cross-origin\" allowfullscreen><\/iframe>\n<\/div><\/figure>\n\n\n\n<p>Cuando un ganadero decide utilizar un toro de cruce con sus vacas, los principales criterios zoot\u00e9cnicos que busca son:<\/p>\n\n\n\n<div class=\"wp-block-group is-nowrap is-layout-flex wp-container-core-group-is-layout-6c531013 wp-block-group-is-layout-flex\">\n<div class=\"wp-block-group wp-container-content-a32ea41d is-layout-flow wp-container-core-group-is-layout-2dd7cb82 wp-block-group-is-layout-flow\">\n<p class=\"has-background\" style=\"background-color:#9991624d;padding-top:0;padding-bottom:0;font-style:normal;font-weight:500\">Buena fertilidad<\/p>\n\n\n\n<p class=\"has-background\" style=\"background-color:#9991624d;padding-top:0;padding-bottom:0;font-style:normal;font-weight:500\">Corto periodo de gestaci\u00f3n<\/p>\n\n\n\n<p class=\"has-background\" style=\"background-color:#9991624d;padding-top:0;padding-bottom:0;font-style:normal;font-weight:500\">Buena facilidad del parto&nbsp;<\/p>\n\n\n\n<p class=\"has-background\" style=\"background-color:#9991624d;padding-top:0;padding-bottom:0;font-style:normal;font-weight:500\">Ternero ligero al nacer<\/p>\n\n\n\n<p class=\"has-background\" style=\"background-color:#9991624d;padding-top:0;padding-bottom:0;font-style:normal;font-weight:500\">Alto valor de mercado del ternero<\/p>\n<\/div>\n<\/div>\n\n\n\n<p>Desde 2008, BBG selecciona toros que cumplen estos requisitos.<\/p>\n\n\n\n<p>La <strong>facilidad del parto<\/strong> es un punto <strong>importante<\/strong> a la hora de elegir un cruce terminal con <strong>Azul Belga<\/strong>. En BBG seleccionamos los toros con los <strong>mejores \u00edndices gracias a la gen\u00f3mica<\/strong>.<\/p>\n\n\n\n<p>A continuaci\u00f3n, encontrar\u00e1 la influencia del \u00edndice del toro y su facilidad de parto en el campo. A t\u00edtulo comparativo, se han a\u00f1adido los nacimientos Holstein.<\/p>\n<\/div>\n\n\n\n<div class=\"wp-block-group has-global-padding is-layout-constrained wp-block-group-is-layout-constrained\" style=\"padding-top:var(--wp--preset--spacing--x-small);padding-bottom:var(--wp--preset--spacing--x-small)\" data-aos=\"fade\" data-aos-duration=\"500\" data-aos-once=\"true\">\n<div class=\"wp-block-group has-base-color has-secondary-background-color has-text-color has-background has-link-color wp-elements-4cc8229f8b83b646df3bc9a2d753da8c is-layout-flow wp-block-group-is-layout-flow\" style=\"padding-top:0.5rem;padding-right:var(--wp--preset--spacing--x-small);padding-bottom:0.5rem;padding-left:var(--wp--preset--spacing--x-small)\">\n<h3 class=\"wp-block-heading has-medium-font-size\" style=\"font-style:normal;font-weight:700;text-transform:none\">Facilidad del parto<\/h3>\n<\/div>\n\n\n\n<div class=\"wp-block-group has-global-padding is-layout-constrained wp-container-core-group-is-layout-19e250f3 wp-block-group-is-layout-constrained\">\n<figure class=\"wp-block-image size-full popup-histogramme-velage\"><a href=\"#\"><img loading=\"lazy\" decoding=\"async\" width=\"1000\" height=\"518\" src=\"https:\/\/crossbreedingbybbg.com\/wp-content\/uploads\/2024\/09\/BBG_Graph_Facilite_naissance_VEC-e1726155298945.png\" alt=\"\" class=\"wp-image-187\" srcset=\"https:\/\/crossbreedingbybbg.com\/wp-content\/uploads\/2024\/09\/BBG_Graph_Facilite_naissance_VEC-e1726155298945.png 1000w, https:\/\/crossbreedingbybbg.com\/wp-content\/uploads\/2024\/09\/BBG_Graph_Facilite_naissance_VEC-e1726155298945-300x155.png 300w, https:\/\/crossbreedingbybbg.com\/wp-content\/uploads\/2024\/09\/BBG_Graph_Facilite_naissance_VEC-e1726155298945-768x398.png 768w, https:\/\/crossbreedingbybbg.com\/wp-content\/uploads\/2024\/09\/BBG_Graph_Facilite_naissance_VEC-e1726155298945-600x311.png 600w\" sizes=\"auto, (max-width: 1000px) 100vw, 1000px\" \/><\/a><\/figure>\n\n\n\n<div class=\"wp-block-group has-global-padding is-layout-constrained wp-block-group-is-layout-constrained\" style=\"margin-top:-15px\">\n<div class=\"wp-block-group is-nowrap is-layout-flex wp-container-core-group-is-layout-93ab2c86 wp-block-group-is-layout-flex\" style=\"padding-left:7%\">\n<p class=\"has-text-align-center wp-container-content-9cfa9a5a\"><strong>Parto f\u00e1cil<\/strong><\/p>\n\n\n\n<p class=\"has-text-align-center wp-container-content-9cfa9a5a\"><strong>Asistencia<\/strong><\/p>\n\n\n\n<p class=\"has-text-align-center wp-container-content-9cfa9a5a\"><strong>Ces\u00e1rea<\/strong><\/p>\n<\/div>\n<\/div>\n<\/div>\n\n\n\n<div class=\"wp-block-group is-nowrap is-layout-flex wp-container-core-group-is-layout-6c531013 wp-block-group-is-layout-flex\">\n<div class=\"wp-block-group wp-container-content-a32ea41d is-layout-flow wp-block-group-is-layout-flow\">\n<div class=\"wp-block-columns wp-container-content-a32ea41d is-layout-flex wp-container-core-columns-is-layout-28f84493 wp-block-columns-is-layout-flex\">\n<div class=\"wp-block-column is-layout-flow wp-block-column-is-layout-flow\">\n<div class=\"wp-block-group is-nowrap is-layout-flex wp-container-core-group-is-layout-4a8ca3eb wp-block-group-is-layout-flex\">\n<figure class=\"wp-block-image size-full\"><img loading=\"lazy\" decoding=\"async\" width=\"22\" height=\"21\" src=\"https:\/\/crossbreedingbybbg.com\/wp-content\/uploads\/2024\/09\/graph-legend-1.png\" alt=\"\" class=\"wp-image-189\"\/><\/figure>\n\n\n\n<p>Hol x Hol<\/p>\n<\/div>\n\n\n\n<div class=\"wp-block-group is-nowrap is-layout-flex wp-container-core-group-is-layout-4a8ca3eb wp-block-group-is-layout-flex\">\n<figure class=\"wp-block-image size-full\"><img loading=\"lazy\" decoding=\"async\" width=\"22\" height=\"21\" src=\"https:\/\/crossbreedingbybbg.com\/wp-content\/uploads\/2024\/09\/graph-legend-2.png\" alt=\"\" class=\"wp-image-190\"\/><\/figure>\n\n\n\n<p>BBB &gt;110 x Hol<\/p>\n<\/div>\n\n\n\n<div class=\"wp-block-group is-nowrap is-layout-flex wp-container-core-group-is-layout-4a8ca3eb wp-block-group-is-layout-flex\">\n<figure class=\"wp-block-image size-full\"><img loading=\"lazy\" decoding=\"async\" width=\"22\" height=\"21\" src=\"https:\/\/crossbreedingbybbg.com\/wp-content\/uploads\/2024\/09\/graph-legend-3.png\" alt=\"\" class=\"wp-image-191\"\/><\/figure>\n\n\n\n<p>BBB 100-110 x Hol<\/p>\n<\/div>\n\n\n\n<div class=\"wp-block-group is-nowrap is-layout-flex wp-container-core-group-is-layout-4a8ca3eb wp-block-group-is-layout-flex\">\n<figure class=\"wp-block-image size-full\"><img loading=\"lazy\" decoding=\"async\" width=\"22\" height=\"21\" src=\"https:\/\/crossbreedingbybbg.com\/wp-content\/uploads\/2024\/09\/graph-legend-4.png\" alt=\"\" class=\"wp-image-192\"\/><\/figure>\n\n\n\n<p>BBB 90-100 x Hol<\/p>\n<\/div>\n\n\n\n<div class=\"wp-block-group is-nowrap is-layout-flex wp-container-core-group-is-layout-4a8ca3eb wp-block-group-is-layout-flex\">\n<figure class=\"wp-block-image size-full\"><img loading=\"lazy\" decoding=\"async\" width=\"22\" height=\"21\" src=\"https:\/\/crossbreedingbybbg.com\/wp-content\/uploads\/2024\/09\/graph-legend-5.png\" alt=\"\" class=\"wp-image-193\"\/><\/figure>\n\n\n\n<p>BBB &lt;90 x Hol<\/p>\n<\/div>\n<\/div>\n\n\n\n<div class=\"wp-block-column is-layout-flow wp-block-column-is-layout-flow\">\n<figure class=\"wp-block-image size-full\"><img loading=\"lazy\" decoding=\"async\" width=\"716\" height=\"458\" src=\"https:\/\/crossbreedingbybbg.com\/wp-content\/uploads\/2024\/09\/BleuBelgeBBG_DSC_4843@2x.png\" alt=\"\" class=\"wp-image-194\" srcset=\"https:\/\/crossbreedingbybbg.com\/wp-content\/uploads\/2024\/09\/BleuBelgeBBG_DSC_4843@2x.png 716w, https:\/\/crossbreedingbybbg.com\/wp-content\/uploads\/2024\/09\/BleuBelgeBBG_DSC_4843@2x-300x192.png 300w, https:\/\/crossbreedingbybbg.com\/wp-content\/uploads\/2024\/09\/BleuBelgeBBG_DSC_4843@2x-600x384.png 600w\" sizes=\"auto, (max-width: 716px) 100vw, 716px\" \/><\/figure>\n<\/div>\n<\/div>\n\n\n\n<div class=\"wp-block-buttons is-layout-flex wp-block-buttons-is-layout-flex\">\n<div class=\"wp-block-button has-custom-width wp-block-button__width-100 is-style-arrow\"><a class=\"wp-block-button__link has-secondary-background-color has-background has-text-align-left wp-element-button\" href=\"https:\/\/crossbreedingbybbg.com\/es\/innovations\/genomique\/\" style=\"padding-top:var(--wp--preset--spacing--small);padding-bottom:var(--wp--preset--spacing--small)\">\u00bfDesea saber m\u00e1s?<\/a><\/div>\n<\/div>\n<\/div>\n<\/div>\n<\/div>\n\n\n\n<div class=\"wp-block-group is-nowrap is-layout-flex wp-container-core-group-is-layout-6c531013 wp-block-group-is-layout-flex\" data-aos=\"fade\" data-aos-duration=\"500\" data-aos-once=\"true\">\n<div class=\"wp-block-group wp-container-content-a32ea41d is-layout-flow wp-block-group-is-layout-flow\">\n<h3 class=\"wp-block-heading has-secondary-color has-text-color has-link-color wp-elements-f1dae3b59caa19c051905fa56782da08\" style=\"font-size:clamp(0.875rem, 0.875rem + ((1vw - 0.2rem) * 0.556), 1.25rem);font-style:normal;font-weight:700;text-transform:none\"><strong>De la selecci\u00f3n a la producci\u00f3n<\/strong><\/h3>\n\n\n\n<p>Los futuros toros se eligen antes de su primer a\u00f1o en funci\u00f3n de su \u00edndice geneal\u00f3gico y, a partir de 2021, de su \u00edndice gen\u00f3mico. Si el ganadero los ha colocado en un centro de selecci\u00f3n de ganado, su rendimiento individual (ganancia media diaria, eficiencia alimentaria) tambi\u00e9n es un criterio de selecci\u00f3n.<\/p>\n\n\n\n<p>Los toros adquiridos se ponen en producci\u00f3n en la Association Wallonne des Eleveurs (AWE). La calidad del semen se comprueba tanto en fresco como tras la congelaci\u00f3n y, si cumple nuestros requisitos, el toro puede someterse a las pruebas.<\/p>\n\n\n\n<figure class=\"wp-block-image size-large\"><img loading=\"lazy\" decoding=\"async\" width=\"1024\" height=\"278\" src=\"https:\/\/crossbreedingbybbg.com\/wp-content\/uploads\/2024\/09\/Selection_production_QI1A0026_CROP@2x-1024x278.png\" alt=\"\" class=\"wp-image-199\" srcset=\"https:\/\/crossbreedingbybbg.com\/wp-content\/uploads\/2024\/09\/Selection_production_QI1A0026_CROP@2x-1024x278.png 1024w, https:\/\/crossbreedingbybbg.com\/wp-content\/uploads\/2024\/09\/Selection_production_QI1A0026_CROP@2x-300x81.png 300w, https:\/\/crossbreedingbybbg.com\/wp-content\/uploads\/2024\/09\/Selection_production_QI1A0026_CROP@2x-768x208.png 768w, https:\/\/crossbreedingbybbg.com\/wp-content\/uploads\/2024\/09\/Selection_production_QI1A0026_CROP@2x-600x163.png 600w, https:\/\/crossbreedingbybbg.com\/wp-content\/uploads\/2024\/09\/Selection_production_QI1A0026_CROP@2x-1200x325.png 1200w, https:\/\/crossbreedingbybbg.com\/wp-content\/uploads\/2024\/09\/Selection_production_QI1A0026_CROP@2x.png 1490w\" sizes=\"auto, (max-width: 1024px) 100vw, 1024px\" \/><\/figure>\n<\/div>\n<\/div>\n\n\n\n<div class=\"wp-block-group alignfull has-background has-global-padding is-layout-constrained wp-block-group-is-layout-constrained\" style=\"background-color:#bcbcc44d;padding-top:var(--wp--preset--spacing--x-small);padding-bottom:var(--wp--preset--spacing--x-small)\">\n<div class=\"wp-block-group is-nowrap is-layout-flex wp-container-core-group-is-layout-6c531013 wp-block-group-is-layout-flex\" data-aos=\"fade\" data-aos-duration=\"500\" data-aos-once=\"true\">\n<div class=\"wp-block-group wp-container-content-a32ea41d has-global-padding is-layout-constrained wp-block-group-is-layout-constrained\">\n<p><em>Un dato interesante: el 90&nbsp;% de los toros solicitados utilizados en los cruces son blancos para obtener terneros azules en las Holstein, r\u00e1pidamente identificables por el minorista. Sin embargo, esto no es en absoluto una garant\u00eda de la calidad de la ternera, solo un criterio para los compradores de muchos pa\u00edses europeos.<\/em><\/p>\n<\/div>\n<\/div>\n<\/div>\n\n\n\n<div class=\"wp-block-group is-nowrap is-layout-flex wp-container-core-group-is-layout-6c531013 wp-block-group-is-layout-flex\" data-aos=\"fade\" data-aos-duration=\"500\" data-aos-once=\"true\">\n<div class=\"wp-block-group wp-container-content-a32ea41d has-global-padding is-layout-constrained wp-block-group-is-layout-constrained\">\n<h3 class=\"wp-block-heading has-secondary-color has-text-color has-link-color wp-elements-a296d2320c4c9a578a7ae8e6856b9288\" style=\"font-size:clamp(0.875rem, 0.875rem + ((1vw - 0.2rem) * 0.556), 1.25rem);font-style:normal;font-weight:700;text-transform:none\"><strong>Prueba<\/strong><\/h3>\n\n\n\n<p>A continuaci\u00f3n, se introdujeron 1500-2000&nbsp;dosis en explotaciones lecheras de B\u00e9lgica y los Pa\u00edses Bajos. Al menos 9&nbsp;meses despu\u00e9s, se recoge la siguiente informaci\u00f3n: fechas de IA, fecha de nacimiento, sexo, modo de parto, peso al nacer y conformaci\u00f3n.<\/p>\n\n\n\n<p>Esta informaci\u00f3n se utiliza para elaborar los \u00edndices:<\/p>\n\n\n\n<div class=\"wp-block-group wp-container-content-a32ea41d is-layout-flow wp-container-core-group-is-layout-2dd7cb82 wp-block-group-is-layout-flow\">\n<p class=\"has-background\" style=\"background-color:#9991624d;padding-top:0;padding-bottom:0;font-style:normal;font-weight:500\">Facilidad del parto<\/p>\n\n\n\n<p class=\"has-background\" style=\"background-color:#9991624d;padding-top:0;padding-bottom:0;font-style:normal;font-weight:500\">Peso al nacer<\/p>\n\n\n\n<p class=\"has-background\" style=\"background-color:#9991624d;padding-top:0;padding-bottom:0;font-style:normal;font-weight:500\">Duraci\u00f3n de la gestaci\u00f3n<\/p>\n\n\n\n<p class=\"has-background\" style=\"background-color:#9991624d;padding-top:0;padding-bottom:0;font-style:normal;font-weight:500\">Conformaci\u00f3n al nacer<\/p>\n\n\n\n<p class=\"has-background\" style=\"background-color:#9991624d;padding-top:0;padding-bottom:0;font-style:normal;font-weight:500\">Finura \u00f3sea<\/p>\n<\/div>\n<\/div>\n<\/div>\n","protected":false},"excerpt":{"rendered":"<p>\u00bfPor qu\u00e9 utilizar un toro de cruzamiento con sus vacas? Marc, ganadero de Bois d\u2019Esneux, comparte su experiencia pr\u00e1ctica con el cruce BBB en ganader\u00eda lechera. Cuando un ganadero decide utilizar un toro de cruce con sus vacas, los principales criterios zoot\u00e9cnicos que busca son: Buena fertilidad Corto periodo de gestaci\u00f3n Buena facilidad del parto&nbsp; [&hellip;]<\/p>\n","protected":false},"author":1,"featured_media":0,"parent":1417,"menu_order":0,"comment_status":"closed","ping_status":"closed","template":"no-title","meta":{"inline_featured_image":false,"footnotes":""},"class_list":["post-1435","page","type-page","status-publish","hentry"],"yoast_head":"<!-- This site is optimized with the Yoast SEO plugin v27.5 - https:\/\/yoast.com\/product\/yoast-seo-wordpress\/ -->\n<title>Selecci\u00f3n - BBG For Crossing<\/title>\n<meta name=\"robots\" content=\"index, follow, max-snippet:-1, max-image-preview:large, max-video-preview:-1\" \/>\n<link rel=\"canonical\" href=\"https:\/\/crossbreedingbybbg.com\/es\/croisement\/selection\/\" \/>\n<meta property=\"og:locale\" content=\"es_ES\" \/>\n<meta property=\"og:type\" content=\"article\" \/>\n<meta property=\"og:title\" content=\"Selecci\u00f3n - BBG For Crossing\" \/>\n<meta property=\"og:description\" content=\"\u00bfPor qu\u00e9 utilizar un toro de cruzamiento con sus vacas? Marc, ganadero de Bois d\u2019Esneux, comparte su experiencia pr\u00e1ctica con el cruce BBB en ganader\u00eda lechera. Cuando un ganadero decide utilizar un toro de cruce con sus vacas, los principales criterios zoot\u00e9cnicos que busca son: Buena fertilidad Corto periodo de gestaci\u00f3n Buena facilidad del parto&nbsp; [&hellip;]\" \/>\n<meta property=\"og:url\" content=\"https:\/\/crossbreedingbybbg.com\/es\/croisement\/selection\/\" \/>\n<meta property=\"og:site_name\" content=\"BBG For Crossing\" \/>\n<meta property=\"article:modified_time\" content=\"2026-02-11T10:57:56+00:00\" \/>\n<meta property=\"og:image\" content=\"https:\/\/crossbreedingbybbg.com\/wp-content\/uploads\/2024\/09\/BBG_Graph_Facilite_naissance_VEC-e1726155298945.png\" \/>\n\t<meta property=\"og:image:width\" content=\"1000\" \/>\n\t<meta property=\"og:image:height\" content=\"518\" \/>\n\t<meta property=\"og:image:type\" content=\"image\/png\" \/>\n<meta name=\"twitter:card\" content=\"summary_large_image\" \/>\n<meta name=\"twitter:label1\" content=\"Tiempo de lectura\" \/>\n\t<meta name=\"twitter:data1\" content=\"4 minutos\" \/>\n<script type=\"application\/ld+json\" class=\"yoast-schema-graph\">{\"@context\":\"https:\\\/\\\/schema.org\",\"@graph\":[{\"@type\":\"WebPage\",\"@id\":\"https:\\\/\\\/crossbreedingbybbg.com\\\/es\\\/croisement\\\/selection\\\/\",\"url\":\"https:\\\/\\\/crossbreedingbybbg.com\\\/es\\\/croisement\\\/selection\\\/\",\"name\":\"Selecci\u00f3n - BBG For Crossing\",\"isPartOf\":{\"@id\":\"https:\\\/\\\/crossbreedingbybbg.com\\\/#website\"},\"primaryImageOfPage\":{\"@id\":\"https:\\\/\\\/crossbreedingbybbg.com\\\/es\\\/croisement\\\/selection\\\/#primaryimage\"},\"image\":{\"@id\":\"https:\\\/\\\/crossbreedingbybbg.com\\\/es\\\/croisement\\\/selection\\\/#primaryimage\"},\"thumbnailUrl\":\"https:\\\/\\\/crossbreedingbybbg.com\\\/wp-content\\\/uploads\\\/2024\\\/09\\\/BBG_Graph_Facilite_naissance_VEC-e1726155298945.png\",\"datePublished\":\"2024-09-12T13:03:06+00:00\",\"dateModified\":\"2026-02-11T10:57:56+00:00\",\"breadcrumb\":{\"@id\":\"https:\\\/\\\/crossbreedingbybbg.com\\\/es\\\/croisement\\\/selection\\\/#breadcrumb\"},\"inLanguage\":\"es\",\"potentialAction\":[{\"@type\":\"ReadAction\",\"target\":[\"https:\\\/\\\/crossbreedingbybbg.com\\\/es\\\/croisement\\\/selection\\\/\"]}]},{\"@type\":\"ImageObject\",\"inLanguage\":\"es\",\"@id\":\"https:\\\/\\\/crossbreedingbybbg.com\\\/es\\\/croisement\\\/selection\\\/#primaryimage\",\"url\":\"https:\\\/\\\/crossbreedingbybbg.com\\\/wp-content\\\/uploads\\\/2024\\\/09\\\/BBG_Graph_Facilite_naissance_VEC-e1726155298945.png\",\"contentUrl\":\"https:\\\/\\\/crossbreedingbybbg.com\\\/wp-content\\\/uploads\\\/2024\\\/09\\\/BBG_Graph_Facilite_naissance_VEC-e1726155298945.png\"},{\"@type\":\"BreadcrumbList\",\"@id\":\"https:\\\/\\\/crossbreedingbybbg.com\\\/es\\\/croisement\\\/selection\\\/#breadcrumb\",\"itemListElement\":[{\"@type\":\"ListItem\",\"position\":1,\"name\":\"Accueil\",\"item\":\"https:\\\/\\\/crossbreedingbybbg.com\\\/es\\\/\"},{\"@type\":\"ListItem\",\"position\":2,\"name\":\"Cruce\",\"item\":\"https:\\\/\\\/crossbreedingbybbg.com\\\/es\\\/croisement\\\/\"},{\"@type\":\"ListItem\",\"position\":3,\"name\":\"Selecci\u00f3n\"}]},{\"@type\":\"WebSite\",\"@id\":\"https:\\\/\\\/crossbreedingbybbg.com\\\/#website\",\"url\":\"https:\\\/\\\/crossbreedingbybbg.com\\\/\",\"name\":\"BBG For Crossing\",\"description\":\"L&rsquo;expertise de BBG au service du croisement\",\"publisher\":{\"@id\":\"https:\\\/\\\/crossbreedingbybbg.com\\\/#organization\"},\"potentialAction\":[{\"@type\":\"SearchAction\",\"target\":{\"@type\":\"EntryPoint\",\"urlTemplate\":\"https:\\\/\\\/crossbreedingbybbg.com\\\/?s={search_term_string}\"},\"query-input\":{\"@type\":\"PropertyValueSpecification\",\"valueRequired\":true,\"valueName\":\"search_term_string\"}}],\"inLanguage\":\"es\"},{\"@type\":\"Organization\",\"@id\":\"https:\\\/\\\/crossbreedingbybbg.com\\\/#organization\",\"name\":\"BBG For Crossing\",\"url\":\"https:\\\/\\\/crossbreedingbybbg.com\\\/\",\"logo\":{\"@type\":\"ImageObject\",\"inLanguage\":\"es\",\"@id\":\"https:\\\/\\\/crossbreedingbybbg.com\\\/#\\\/schema\\\/logo\\\/image\\\/\",\"url\":\"https:\\\/\\\/crossbreedingbybbg.com\\\/wp-content\\\/uploads\\\/2024\\\/09\\\/logo_blue.png\",\"contentUrl\":\"https:\\\/\\\/crossbreedingbybbg.com\\\/wp-content\\\/uploads\\\/2024\\\/09\\\/logo_blue.png\",\"width\":150,\"height\":183,\"caption\":\"BBG For Crossing\"},\"image\":{\"@id\":\"https:\\\/\\\/crossbreedingbybbg.com\\\/#\\\/schema\\\/logo\\\/image\\\/\"}}]}<\/script>\n<!-- \/ Yoast SEO plugin. -->","yoast_head_json":{"title":"Selecci\u00f3n - BBG For Crossing","robots":{"index":"index","follow":"follow","max-snippet":"max-snippet:-1","max-image-preview":"max-image-preview:large","max-video-preview":"max-video-preview:-1"},"canonical":"https:\/\/crossbreedingbybbg.com\/es\/croisement\/selection\/","og_locale":"es_ES","og_type":"article","og_title":"Selecci\u00f3n - BBG For Crossing","og_description":"\u00bfPor qu\u00e9 utilizar un toro de cruzamiento con sus vacas? Marc, ganadero de Bois d\u2019Esneux, comparte su experiencia pr\u00e1ctica con el cruce BBB en ganader\u00eda lechera. Cuando un ganadero decide utilizar un toro de cruce con sus vacas, los principales criterios zoot\u00e9cnicos que busca son: Buena fertilidad Corto periodo de gestaci\u00f3n Buena facilidad del parto&nbsp; [&hellip;]","og_url":"https:\/\/crossbreedingbybbg.com\/es\/croisement\/selection\/","og_site_name":"BBG For Crossing","article_modified_time":"2026-02-11T10:57:56+00:00","og_image":[{"width":1000,"height":518,"url":"https:\/\/crossbreedingbybbg.com\/wp-content\/uploads\/2024\/09\/BBG_Graph_Facilite_naissance_VEC-e1726155298945.png","type":"image\/png"}],"twitter_card":"summary_large_image","twitter_misc":{"Tiempo de lectura":"4 minutos"},"schema":{"@context":"https:\/\/schema.org","@graph":[{"@type":"WebPage","@id":"https:\/\/crossbreedingbybbg.com\/es\/croisement\/selection\/","url":"https:\/\/crossbreedingbybbg.com\/es\/croisement\/selection\/","name":"Selecci\u00f3n - BBG For Crossing","isPartOf":{"@id":"https:\/\/crossbreedingbybbg.com\/#website"},"primaryImageOfPage":{"@id":"https:\/\/crossbreedingbybbg.com\/es\/croisement\/selection\/#primaryimage"},"image":{"@id":"https:\/\/crossbreedingbybbg.com\/es\/croisement\/selection\/#primaryimage"},"thumbnailUrl":"https:\/\/crossbreedingbybbg.com\/wp-content\/uploads\/2024\/09\/BBG_Graph_Facilite_naissance_VEC-e1726155298945.png","datePublished":"2024-09-12T13:03:06+00:00","dateModified":"2026-02-11T10:57:56+00:00","breadcrumb":{"@id":"https:\/\/crossbreedingbybbg.com\/es\/croisement\/selection\/#breadcrumb"},"inLanguage":"es","potentialAction":[{"@type":"ReadAction","target":["https:\/\/crossbreedingbybbg.com\/es\/croisement\/selection\/"]}]},{"@type":"ImageObject","inLanguage":"es","@id":"https:\/\/crossbreedingbybbg.com\/es\/croisement\/selection\/#primaryimage","url":"https:\/\/crossbreedingbybbg.com\/wp-content\/uploads\/2024\/09\/BBG_Graph_Facilite_naissance_VEC-e1726155298945.png","contentUrl":"https:\/\/crossbreedingbybbg.com\/wp-content\/uploads\/2024\/09\/BBG_Graph_Facilite_naissance_VEC-e1726155298945.png"},{"@type":"BreadcrumbList","@id":"https:\/\/crossbreedingbybbg.com\/es\/croisement\/selection\/#breadcrumb","itemListElement":[{"@type":"ListItem","position":1,"name":"Accueil","item":"https:\/\/crossbreedingbybbg.com\/es\/"},{"@type":"ListItem","position":2,"name":"Cruce","item":"https:\/\/crossbreedingbybbg.com\/es\/croisement\/"},{"@type":"ListItem","position":3,"name":"Selecci\u00f3n"}]},{"@type":"WebSite","@id":"https:\/\/crossbreedingbybbg.com\/#website","url":"https:\/\/crossbreedingbybbg.com\/","name":"BBG For Crossing","description":"L&rsquo;expertise de BBG au service du croisement","publisher":{"@id":"https:\/\/crossbreedingbybbg.com\/#organization"},"potentialAction":[{"@type":"SearchAction","target":{"@type":"EntryPoint","urlTemplate":"https:\/\/crossbreedingbybbg.com\/?s={search_term_string}"},"query-input":{"@type":"PropertyValueSpecification","valueRequired":true,"valueName":"search_term_string"}}],"inLanguage":"es"},{"@type":"Organization","@id":"https:\/\/crossbreedingbybbg.com\/#organization","name":"BBG For Crossing","url":"https:\/\/crossbreedingbybbg.com\/","logo":{"@type":"ImageObject","inLanguage":"es","@id":"https:\/\/crossbreedingbybbg.com\/#\/schema\/logo\/image\/","url":"https:\/\/crossbreedingbybbg.com\/wp-content\/uploads\/2024\/09\/logo_blue.png","contentUrl":"https:\/\/crossbreedingbybbg.com\/wp-content\/uploads\/2024\/09\/logo_blue.png","width":150,"height":183,"caption":"BBG For Crossing"},"image":{"@id":"https:\/\/crossbreedingbybbg.com\/#\/schema\/logo\/image\/"}}]}},"_links":{"self":[{"href":"https:\/\/crossbreedingbybbg.com\/es\/wp-json\/wp\/v2\/pages\/1435","targetHints":{"allow":["GET"]}}],"collection":[{"href":"https:\/\/crossbreedingbybbg.com\/es\/wp-json\/wp\/v2\/pages"}],"about":[{"href":"https:\/\/crossbreedingbybbg.com\/es\/wp-json\/wp\/v2\/types\/page"}],"author":[{"embeddable":true,"href":"https:\/\/crossbreedingbybbg.com\/es\/wp-json\/wp\/v2\/users\/1"}],"replies":[{"embeddable":true,"href":"https:\/\/crossbreedingbybbg.com\/es\/wp-json\/wp\/v2\/comments?post=1435"}],"version-history":[{"count":6,"href":"https:\/\/crossbreedingbybbg.com\/es\/wp-json\/wp\/v2\/pages\/1435\/revisions"}],"predecessor-version":[{"id":2179,"href":"https:\/\/crossbreedingbybbg.com\/es\/wp-json\/wp\/v2\/pages\/1435\/revisions\/2179"}],"up":[{"embeddable":true,"href":"https:\/\/crossbreedingbybbg.com\/es\/wp-json\/wp\/v2\/pages\/1417"}],"wp:attachment":[{"href":"https:\/\/crossbreedingbybbg.com\/es\/wp-json\/wp\/v2\/media?parent=1435"}],"curies":[{"name":"wp","href":"https:\/\/api.w.org\/{rel}","templated":true}]}}