{"id":1401,"date":"2024-09-10T09:22:34","date_gmt":"2024-09-10T07:22:34","guid":{"rendered":"https:\/\/new.crossbreedingbybbg.com\/innovations\/genomique\/"},"modified":"2024-11-07T12:50:56","modified_gmt":"2024-11-07T11:50:56","slug":"genomique","status":"publish","type":"page","link":"https:\/\/crossbreedingbybbg.com\/es\/innovations\/genomique\/","title":{"rendered":"Gen\u00f3mica"},"content":{"rendered":"\n<h1 class=\"wp-block-heading\" data-aos=\"fade\" data-aos-duration=\"500\" data-aos-once=\"true\"><strong>Gen\u00f3mica<\/strong><\/h1>\n\n\n\n<div class=\"wp-block-group has-global-padding is-layout-constrained wp-block-group-is-layout-constrained\" data-aos=\"fade\" data-aos-duration=\"500\" data-aos-once=\"true\">\n<p><strong>Como l\u00edder mundial de la gen\u00e9tica Azul Belga, con su especialidad \u00fanica Beef-on-Dairy, BBG cree firmemente en la inversi\u00f3n en I+D para seguir desarrollando la raza.<\/strong><\/p>\n\n\n\n<p>En 2016, iniciamos un acuerdo de investigaci\u00f3n con el Grupo de Gen\u00e9tica, Gen\u00f3mica y Modelizaci\u00f3n Num\u00e9rica (GGMN) de Gembloux Agro-Bio Tech en la Universidad de Lieja (B\u00e9lgica), dirigido por el profesor de renombre internacional Nicolas Gengler.<\/p>\n\n\n\n<p>Gengler fue galardonado con el premio JL Lush para producci\u00f3n animal por la American Dairy Science Association (ADSA) en 2019. Este premio recompensa la excepcional labor de investigaci\u00f3n en el campo de la cr\u00eda de animales.<\/p>\n\n\n\n<p>Desde 2021, BBG ofrece la gen\u00f3mica en Azul Belga tanto para razas puras como para cruces, lo que supone una revoluci\u00f3n en esta raza.<\/p>\n\n\n\n<p class=\"has-secondary-color has-text-color has-link-color wp-elements-28180587bcf435005c76fb294ec217d3\"><strong>Gen\u00f3mica en cruce<\/strong><\/p>\n\n\n\n<p>Se utilizan datos de facilidad de parto de Holstein de pura raza, Azul Belga de pura raza y miles de terneros cruzados. BBG recoge datos en B\u00e9lgica y utiliza \u00edndices para Francia y los Pa\u00edses Bajos.<\/p>\n\n\n\n<p>Este m\u00e9todo permite obtener cifras gen\u00f3micas muy fiables para la facilidad del parto.<\/p>\n<\/div>\n\n\n\n<div class=\"wp-block-group is-nowrap is-layout-flex wp-container-core-group-is-layout-6c531013 wp-block-group-is-layout-flex\" data-aos=\"fade\" data-aos-duration=\"500\" data-aos-once=\"true\">\n<div class=\"wp-block-group wp-container-content-a32ea41d is-layout-flow wp-block-group-is-layout-flow\" data-aos=\"fade\" data-aos-duration=\"500\" data-aos-once=\"true\">\n<figure class=\"wp-block-image size-large\"><img loading=\"lazy\" decoding=\"async\" width=\"1024\" height=\"570\" src=\"https:\/\/crossbreedingbybbg.com\/wp-content\/uploads\/2024\/09\/Genomique_2843Jersey_CROP@2x-1024x570.png\" alt=\"\" class=\"wp-image-241\" srcset=\"https:\/\/crossbreedingbybbg.com\/wp-content\/uploads\/2024\/09\/Genomique_2843Jersey_CROP@2x-1024x570.png 1024w, https:\/\/crossbreedingbybbg.com\/wp-content\/uploads\/2024\/09\/Genomique_2843Jersey_CROP@2x-300x167.png 300w, https:\/\/crossbreedingbybbg.com\/wp-content\/uploads\/2024\/09\/Genomique_2843Jersey_CROP@2x-768x428.png 768w, https:\/\/crossbreedingbybbg.com\/wp-content\/uploads\/2024\/09\/Genomique_2843Jersey_CROP@2x-600x334.png 600w, https:\/\/crossbreedingbybbg.com\/wp-content\/uploads\/2024\/09\/Genomique_2843Jersey_CROP@2x-1200x668.png 1200w, https:\/\/crossbreedingbybbg.com\/wp-content\/uploads\/2024\/09\/Genomique_2843Jersey_CROP@2x.png 1490w\" sizes=\"auto, (max-width: 1024px) 100vw, 1024px\" \/><\/figure>\n<\/div>\n<\/div>\n\n\n\n<div class=\"wp-block-group alignfull has-background has-global-padding is-layout-constrained wp-block-group-is-layout-constrained\" style=\"background-color:#bcbcc44d;padding-top:var(--wp--preset--spacing--x-small);padding-bottom:var(--wp--preset--spacing--x-small)\">\n<div class=\"wp-block-group has-global-padding is-layout-constrained wp-block-group-is-layout-constrained\" data-aos=\"fade\" data-aos-duration=\"500\" data-aos-once=\"true\">\n<div class=\"wp-block-group has-global-padding is-layout-constrained wp-block-group-is-layout-constrained\">\n<div class=\"wp-block-group has-base-color has-secondary-background-color has-text-color has-background has-link-color wp-elements-fc43811a7bf40ea5e80da5b23baae738 is-layout-flow wp-block-group-is-layout-flow\" style=\"padding-top:0.5rem;padding-right:var(--wp--preset--spacing--x-small);padding-bottom:0.5rem;padding-left:var(--wp--preset--spacing--x-small)\">\n<h3 class=\"wp-block-heading has-medium-font-size\" style=\"font-style:normal;font-weight:700;text-transform:uppercase\"><strong>\u00a1Novedad!<\/strong><\/h3>\n<\/div>\n<\/div>\n\n\n\n<p>BBG dispone ahora de \u00edndices gen\u00f3micos para el valor de los terneros cruzados a las 2\u00a0semanas de edad, que se considera la edad media en la mayor parte de Europa para la venta a los minoristas.<\/p>\n<\/div>\n<\/div>\n\n\n\n<div class=\"wp-block-group has-global-padding is-layout-constrained wp-block-group-is-layout-constrained\">\n<p><\/p>\n\n\n\n<div class=\"wp-block-group has-global-padding is-layout-constrained wp-block-group-is-layout-constrained\" data-aos=\"fade\" data-aos-duration=\"500\" data-aos-once=\"true\">\n<p>La evaluaci\u00f3n gen\u00f3mica no sustituye a la evaluaci\u00f3n polig\u00e9nica (prueba de progenie) de un toro, pero <strong>mejora <\/strong>significativamente su <strong>precisi\u00f3n<\/strong> y permite <strong>detectar<\/strong> <strong>antes<\/strong> los animales con alto potencial gen\u00e9tico.<\/p>\n<\/div>\n\n\n\n<div class=\"wp-block-group has-global-padding is-layout-constrained wp-block-group-is-layout-constrained\" style=\"padding-top:var(--wp--preset--spacing--x-small);padding-bottom:var(--wp--preset--spacing--x-small)\" data-aos=\"fade\" data-aos-duration=\"500\" data-aos-once=\"true\">\n<div class=\"wp-block-group has-base-color has-secondary-background-color has-text-color has-background has-link-color wp-elements-955017cf7a308aa385988c0a0068bce7 is-layout-flow wp-block-group-is-layout-flow\" style=\"padding-top:0.5rem;padding-right:var(--wp--preset--spacing--x-small);padding-bottom:0.5rem;padding-left:var(--wp--preset--spacing--x-small)\">\n<h3 class=\"wp-block-heading has-medium-font-size\" style=\"font-style:normal;font-weight:700;text-transform:none\">Precisi\u00f3n del \u00edndice a lo largo de la vida de un toro IA (ej. criterio: el tama\u00f1o)<\/h3>\n<\/div>\n\n\n\n<div class=\"wp-block-group is-nowrap is-layout-flex wp-container-core-group-is-layout-6c531013 wp-block-group-is-layout-flex\">\n<div class=\"wp-block-group wp-container-content-a32ea41d is-layout-flow wp-block-group-is-layout-flow\">\n<div class=\"wp-block-group is-layout-flow wp-container-core-group-is-layout-9fa150ff wp-block-group-is-layout-flow\" style=\"padding-left:2rem;--octopods-group-position:relative\">\n<figure class=\"wp-block-image size-full\"><img loading=\"lazy\" decoding=\"async\" width=\"800\" height=\"455\" src=\"https:\/\/crossbreedingbybbg.com\/wp-content\/uploads\/2024\/09\/BBG_Graph_Tableau_Precision_indice@2x.png\" alt=\"\" class=\"wp-image-249\" srcset=\"https:\/\/crossbreedingbybbg.com\/wp-content\/uploads\/2024\/09\/BBG_Graph_Tableau_Precision_indice@2x.png 800w, https:\/\/crossbreedingbybbg.com\/wp-content\/uploads\/2024\/09\/BBG_Graph_Tableau_Precision_indice@2x-300x171.png 300w, https:\/\/crossbreedingbybbg.com\/wp-content\/uploads\/2024\/09\/BBG_Graph_Tableau_Precision_indice@2x-768x437.png 768w, https:\/\/crossbreedingbybbg.com\/wp-content\/uploads\/2024\/09\/BBG_Graph_Tableau_Precision_indice@2x-600x341.png 600w\" sizes=\"auto, (max-width: 800px) 100vw, 800px\" \/><\/figure>\n\n\n\n<p class=\"has-text-align-center wp-container-content-9cfa9a5a\" style=\"margin-top:var(--wp--preset--spacing--x-small)\"><strong>Edad (mes)<\/strong><\/p>\n\n\n\n<div class=\"wp-block-group is-layout-flow wp-block-group-is-layout-flow\" style=\"--octopods-group-position:absolute;--octopods-group-top:45%;--octopods-group-left:0px;--octopods-group-transform:translate(0, -50%) rotate(180deg)\">\n<p class=\"has-text-align-center wp-container-content-9cfa9a5a\" style=\"writing-mode:vertical-rl\"><strong>Precisi\u00f3n<\/strong><\/p>\n<\/div>\n<\/div>\n\n\n\n<div class=\"wp-block-group is-layout-flow wp-block-group-is-layout-flow\">\n<div class=\"wp-block-group is-nowrap is-layout-flex wp-container-core-group-is-layout-4a8ca3eb wp-block-group-is-layout-flex\">\n<figure class=\"wp-block-image size-full\"><img loading=\"lazy\" decoding=\"async\" width=\"73\" height=\"4\" src=\"https:\/\/crossbreedingbybbg.com\/wp-content\/uploads\/2024\/09\/graph2-legend-1.png\" alt=\"\" class=\"wp-image-250\"\/><\/figure>\n\n\n\n<p>Precisi\u00f3n del \u00edndice de prueba de progenie<\/p>\n<\/div>\n\n\n\n<div class=\"wp-block-group is-nowrap is-layout-flex wp-container-core-group-is-layout-4a8ca3eb wp-block-group-is-layout-flex\">\n<figure class=\"wp-block-image size-full\"><img loading=\"lazy\" decoding=\"async\" width=\"72\" height=\"4\" src=\"https:\/\/crossbreedingbybbg.com\/wp-content\/uploads\/2024\/09\/graph2-legend-2.png\" alt=\"\" class=\"wp-image-251\"\/><\/figure>\n\n\n\n<p>Precisi\u00f3n del \u00edndice gen\u00f3mico + progenie<\/p>\n<\/div>\n\n\n\n<div class=\"wp-block-group is-nowrap is-layout-flex wp-container-core-group-is-layout-4a8ca3eb wp-block-group-is-layout-flex\">\n<figure class=\"wp-block-image size-full\"><img loading=\"lazy\" decoding=\"async\" width=\"73\" height=\"5\" src=\"https:\/\/crossbreedingbybbg.com\/wp-content\/uploads\/2024\/09\/graph2-legend-3.png\" alt=\"\" class=\"wp-image-252\"\/><\/figure>\n\n\n\n<p>Precisi\u00f3n del \u00edndice gen\u00f3mico<\/p>\n<\/div>\n<\/div>\n<\/div>\n<\/div>\n<\/div>\n<\/div>\n","protected":false},"excerpt":{"rendered":"<p>Gen\u00f3mica Como l\u00edder mundial de la gen\u00e9tica Azul Belga, con su especialidad \u00fanica Beef-on-Dairy, BBG cree firmemente en la inversi\u00f3n en I+D para seguir desarrollando la raza. En 2016, iniciamos un acuerdo de investigaci\u00f3n con el Grupo de Gen\u00e9tica, Gen\u00f3mica y Modelizaci\u00f3n Num\u00e9rica (GGMN) de Gembloux Agro-Bio Tech en la Universidad de Lieja (B\u00e9lgica), dirigido [&hellip;]<\/p>\n","protected":false},"author":1,"featured_media":0,"parent":1397,"menu_order":0,"comment_status":"closed","ping_status":"closed","template":"no-title","meta":{"inline_featured_image":false,"footnotes":""},"class_list":["post-1401","page","type-page","status-publish","hentry"],"yoast_head":"<!-- This site is optimized with the Yoast SEO plugin v27.2 - https:\/\/yoast.com\/product\/yoast-seo-wordpress\/ -->\n<title>Gen\u00f3mica - BBG For Crossing<\/title>\n<meta name=\"robots\" content=\"index, follow, max-snippet:-1, max-image-preview:large, max-video-preview:-1\" \/>\n<link rel=\"canonical\" href=\"https:\/\/crossbreedingbybbg.com\/es\/innovations\/genomique\/\" \/>\n<meta property=\"og:locale\" content=\"es_ES\" \/>\n<meta property=\"og:type\" content=\"article\" \/>\n<meta property=\"og:title\" content=\"Gen\u00f3mica - BBG For Crossing\" \/>\n<meta property=\"og:description\" content=\"Gen\u00f3mica Como l\u00edder mundial de la gen\u00e9tica Azul Belga, con su especialidad \u00fanica Beef-on-Dairy, BBG cree firmemente en la inversi\u00f3n en I+D para seguir desarrollando la raza. En 2016, iniciamos un acuerdo de investigaci\u00f3n con el Grupo de Gen\u00e9tica, Gen\u00f3mica y Modelizaci\u00f3n Num\u00e9rica (GGMN) de Gembloux Agro-Bio Tech en la Universidad de Lieja (B\u00e9lgica), dirigido [&hellip;]\" \/>\n<meta property=\"og:url\" content=\"https:\/\/crossbreedingbybbg.com\/es\/innovations\/genomique\/\" \/>\n<meta property=\"og:site_name\" content=\"BBG For Crossing\" \/>\n<meta property=\"article:modified_time\" content=\"2024-11-07T11:50:56+00:00\" \/>\n<meta property=\"og:image\" content=\"https:\/\/crossbreedingbybbg.com\/wp-content\/uploads\/2024\/09\/Genomique_2843Jersey_CROP@2x-1024x570.png\" \/>\n<meta name=\"twitter:card\" content=\"summary_large_image\" \/>\n<meta name=\"twitter:label1\" content=\"Tiempo de lectura\" \/>\n\t<meta name=\"twitter:data1\" content=\"3 minutos\" \/>\n<script type=\"application\/ld+json\" class=\"yoast-schema-graph\">{\"@context\":\"https:\/\/schema.org\",\"@graph\":[{\"@type\":\"WebPage\",\"@id\":\"https:\/\/crossbreedingbybbg.com\/es\/innovations\/genomique\/\",\"url\":\"https:\/\/crossbreedingbybbg.com\/es\/innovations\/genomique\/\",\"name\":\"Gen\u00f3mica - BBG For Crossing\",\"isPartOf\":{\"@id\":\"https:\/\/crossbreedingbybbg.com\/#website\"},\"primaryImageOfPage\":{\"@id\":\"https:\/\/crossbreedingbybbg.com\/es\/innovations\/genomique\/#primaryimage\"},\"image\":{\"@id\":\"https:\/\/crossbreedingbybbg.com\/es\/innovations\/genomique\/#primaryimage\"},\"thumbnailUrl\":\"https:\/\/crossbreedingbybbg.com\/wp-content\/uploads\/2024\/09\/Genomique_2843Jersey_CROP@2x-1024x570.png\",\"datePublished\":\"2024-09-10T07:22:34+00:00\",\"dateModified\":\"2024-11-07T11:50:56+00:00\",\"breadcrumb\":{\"@id\":\"https:\/\/crossbreedingbybbg.com\/es\/innovations\/genomique\/#breadcrumb\"},\"inLanguage\":\"es\",\"potentialAction\":[{\"@type\":\"ReadAction\",\"target\":[\"https:\/\/crossbreedingbybbg.com\/es\/innovations\/genomique\/\"]}]},{\"@type\":\"ImageObject\",\"inLanguage\":\"es\",\"@id\":\"https:\/\/crossbreedingbybbg.com\/es\/innovations\/genomique\/#primaryimage\",\"url\":\"https:\/\/crossbreedingbybbg.com\/wp-content\/uploads\/2024\/09\/Genomique_2843Jersey_CROP@2x-1024x570.png\",\"contentUrl\":\"https:\/\/crossbreedingbybbg.com\/wp-content\/uploads\/2024\/09\/Genomique_2843Jersey_CROP@2x-1024x570.png\"},{\"@type\":\"BreadcrumbList\",\"@id\":\"https:\/\/crossbreedingbybbg.com\/es\/innovations\/genomique\/#breadcrumb\",\"itemListElement\":[{\"@type\":\"ListItem\",\"position\":1,\"name\":\"Accueil\",\"item\":\"https:\/\/crossbreedingbybbg.com\/es\/\"},{\"@type\":\"ListItem\",\"position\":2,\"name\":\"Innovaciones\",\"item\":\"https:\/\/crossbreedingbybbg.com\/es\/innovations\/\"},{\"@type\":\"ListItem\",\"position\":3,\"name\":\"Gen\u00f3mica\"}]},{\"@type\":\"WebSite\",\"@id\":\"https:\/\/crossbreedingbybbg.com\/#website\",\"url\":\"https:\/\/crossbreedingbybbg.com\/\",\"name\":\"BBG For Crossing\",\"description\":\"L&rsquo;expertise de BBG au service du croisement\",\"publisher\":{\"@id\":\"https:\/\/crossbreedingbybbg.com\/#organization\"},\"potentialAction\":[{\"@type\":\"SearchAction\",\"target\":{\"@type\":\"EntryPoint\",\"urlTemplate\":\"https:\/\/crossbreedingbybbg.com\/?s={search_term_string}\"},\"query-input\":{\"@type\":\"PropertyValueSpecification\",\"valueRequired\":true,\"valueName\":\"search_term_string\"}}],\"inLanguage\":\"es\"},{\"@type\":\"Organization\",\"@id\":\"https:\/\/crossbreedingbybbg.com\/#organization\",\"name\":\"BBG For Crossing\",\"url\":\"https:\/\/crossbreedingbybbg.com\/\",\"logo\":{\"@type\":\"ImageObject\",\"inLanguage\":\"es\",\"@id\":\"https:\/\/crossbreedingbybbg.com\/#\/schema\/logo\/image\/\",\"url\":\"https:\/\/crossbreedingbybbg.com\/wp-content\/uploads\/2024\/09\/logo_blue.png\",\"contentUrl\":\"https:\/\/crossbreedingbybbg.com\/wp-content\/uploads\/2024\/09\/logo_blue.png\",\"width\":150,\"height\":183,\"caption\":\"BBG For Crossing\"},\"image\":{\"@id\":\"https:\/\/crossbreedingbybbg.com\/#\/schema\/logo\/image\/\"}}]}<\/script>\n<!-- \/ Yoast SEO plugin. -->","yoast_head_json":{"title":"Gen\u00f3mica - BBG For Crossing","robots":{"index":"index","follow":"follow","max-snippet":"max-snippet:-1","max-image-preview":"max-image-preview:large","max-video-preview":"max-video-preview:-1"},"canonical":"https:\/\/crossbreedingbybbg.com\/es\/innovations\/genomique\/","og_locale":"es_ES","og_type":"article","og_title":"Gen\u00f3mica - BBG For Crossing","og_description":"Gen\u00f3mica Como l\u00edder mundial de la gen\u00e9tica Azul Belga, con su especialidad \u00fanica Beef-on-Dairy, BBG cree firmemente en la inversi\u00f3n en I+D para seguir desarrollando la raza. En 2016, iniciamos un acuerdo de investigaci\u00f3n con el Grupo de Gen\u00e9tica, Gen\u00f3mica y Modelizaci\u00f3n Num\u00e9rica (GGMN) de Gembloux Agro-Bio Tech en la Universidad de Lieja (B\u00e9lgica), dirigido [&hellip;]","og_url":"https:\/\/crossbreedingbybbg.com\/es\/innovations\/genomique\/","og_site_name":"BBG For Crossing","article_modified_time":"2024-11-07T11:50:56+00:00","og_image":[{"url":"https:\/\/crossbreedingbybbg.com\/wp-content\/uploads\/2024\/09\/Genomique_2843Jersey_CROP@2x-1024x570.png","type":"","width":"","height":""}],"twitter_card":"summary_large_image","twitter_misc":{"Tiempo de lectura":"3 minutos"},"schema":{"@context":"https:\/\/schema.org","@graph":[{"@type":"WebPage","@id":"https:\/\/crossbreedingbybbg.com\/es\/innovations\/genomique\/","url":"https:\/\/crossbreedingbybbg.com\/es\/innovations\/genomique\/","name":"Gen\u00f3mica - BBG For Crossing","isPartOf":{"@id":"https:\/\/crossbreedingbybbg.com\/#website"},"primaryImageOfPage":{"@id":"https:\/\/crossbreedingbybbg.com\/es\/innovations\/genomique\/#primaryimage"},"image":{"@id":"https:\/\/crossbreedingbybbg.com\/es\/innovations\/genomique\/#primaryimage"},"thumbnailUrl":"https:\/\/crossbreedingbybbg.com\/wp-content\/uploads\/2024\/09\/Genomique_2843Jersey_CROP@2x-1024x570.png","datePublished":"2024-09-10T07:22:34+00:00","dateModified":"2024-11-07T11:50:56+00:00","breadcrumb":{"@id":"https:\/\/crossbreedingbybbg.com\/es\/innovations\/genomique\/#breadcrumb"},"inLanguage":"es","potentialAction":[{"@type":"ReadAction","target":["https:\/\/crossbreedingbybbg.com\/es\/innovations\/genomique\/"]}]},{"@type":"ImageObject","inLanguage":"es","@id":"https:\/\/crossbreedingbybbg.com\/es\/innovations\/genomique\/#primaryimage","url":"https:\/\/crossbreedingbybbg.com\/wp-content\/uploads\/2024\/09\/Genomique_2843Jersey_CROP@2x-1024x570.png","contentUrl":"https:\/\/crossbreedingbybbg.com\/wp-content\/uploads\/2024\/09\/Genomique_2843Jersey_CROP@2x-1024x570.png"},{"@type":"BreadcrumbList","@id":"https:\/\/crossbreedingbybbg.com\/es\/innovations\/genomique\/#breadcrumb","itemListElement":[{"@type":"ListItem","position":1,"name":"Accueil","item":"https:\/\/crossbreedingbybbg.com\/es\/"},{"@type":"ListItem","position":2,"name":"Innovaciones","item":"https:\/\/crossbreedingbybbg.com\/es\/innovations\/"},{"@type":"ListItem","position":3,"name":"Gen\u00f3mica"}]},{"@type":"WebSite","@id":"https:\/\/crossbreedingbybbg.com\/#website","url":"https:\/\/crossbreedingbybbg.com\/","name":"BBG For Crossing","description":"L&rsquo;expertise de BBG au service du croisement","publisher":{"@id":"https:\/\/crossbreedingbybbg.com\/#organization"},"potentialAction":[{"@type":"SearchAction","target":{"@type":"EntryPoint","urlTemplate":"https:\/\/crossbreedingbybbg.com\/?s={search_term_string}"},"query-input":{"@type":"PropertyValueSpecification","valueRequired":true,"valueName":"search_term_string"}}],"inLanguage":"es"},{"@type":"Organization","@id":"https:\/\/crossbreedingbybbg.com\/#organization","name":"BBG For Crossing","url":"https:\/\/crossbreedingbybbg.com\/","logo":{"@type":"ImageObject","inLanguage":"es","@id":"https:\/\/crossbreedingbybbg.com\/#\/schema\/logo\/image\/","url":"https:\/\/crossbreedingbybbg.com\/wp-content\/uploads\/2024\/09\/logo_blue.png","contentUrl":"https:\/\/crossbreedingbybbg.com\/wp-content\/uploads\/2024\/09\/logo_blue.png","width":150,"height":183,"caption":"BBG For Crossing"},"image":{"@id":"https:\/\/crossbreedingbybbg.com\/#\/schema\/logo\/image\/"}}]}},"_links":{"self":[{"href":"https:\/\/crossbreedingbybbg.com\/es\/wp-json\/wp\/v2\/pages\/1401","targetHints":{"allow":["GET"]}}],"collection":[{"href":"https:\/\/crossbreedingbybbg.com\/es\/wp-json\/wp\/v2\/pages"}],"about":[{"href":"https:\/\/crossbreedingbybbg.com\/es\/wp-json\/wp\/v2\/types\/page"}],"author":[{"embeddable":true,"href":"https:\/\/crossbreedingbybbg.com\/es\/wp-json\/wp\/v2\/users\/1"}],"replies":[{"embeddable":true,"href":"https:\/\/crossbreedingbybbg.com\/es\/wp-json\/wp\/v2\/comments?post=1401"}],"version-history":[{"count":2,"href":"https:\/\/crossbreedingbybbg.com\/es\/wp-json\/wp\/v2\/pages\/1401\/revisions"}],"predecessor-version":[{"id":1705,"href":"https:\/\/crossbreedingbybbg.com\/es\/wp-json\/wp\/v2\/pages\/1401\/revisions\/1705"}],"up":[{"embeddable":true,"href":"https:\/\/crossbreedingbybbg.com\/es\/wp-json\/wp\/v2\/pages\/1397"}],"wp:attachment":[{"href":"https:\/\/crossbreedingbybbg.com\/es\/wp-json\/wp\/v2\/media?parent=1401"}],"curies":[{"name":"wp","href":"https:\/\/api.w.org\/{rel}","templated":true}]}}