{"id":1457,"date":"2024-09-16T10:25:51","date_gmt":"2024-09-16T08:25:51","guid":{"rendered":"https:\/\/new.crossbreedingbybbg.com\/taureaux\/categories\/"},"modified":"2024-11-19T11:23:13","modified_gmt":"2024-11-19T10:23:13","slug":"categories","status":"publish","type":"page","link":"https:\/\/crossbreedingbybbg.com\/de\/taureaux\/categories\/","title":{"rendered":"Kategorien"},"content":{"rendered":"\n<div class=\"wp-block-columns are-vertically-aligned-center is-style-columns-reverse is-layout-flex wp-container-core-columns-is-layout-28f84493 wp-block-columns-is-layout-flex\" data-aos=\"fade\" data-aos-duration=\"500\" data-aos-once=\"true\">\n<div class=\"wp-block-column is-vertically-aligned-center is-layout-flow wp-block-column-is-layout-flow\" style=\"flex-basis:50%\">\n<h1 class=\"wp-block-heading\">Kategorien von <strong>Bullen<\/strong><\/h1>\n<\/div>\n\n\n\n<div class=\"wp-block-column is-vertically-aligned-center is-layout-flow wp-block-column-is-layout-flow\" style=\"flex-basis:300px\">\n<figure class=\"wp-block-image size-full is-resized\"><img loading=\"lazy\" decoding=\"async\" width=\"618\" height=\"400\" src=\"https:\/\/crossbreedingbybbg.com\/wp-content\/uploads\/2024\/09\/Brasero_Touriste-487x314_loupe-copie@2x.png\" alt=\"\" class=\"wp-image-290\" style=\"width:300px\" srcset=\"https:\/\/crossbreedingbybbg.com\/wp-content\/uploads\/2024\/09\/Brasero_Touriste-487x314_loupe-copie@2x.png 618w, https:\/\/crossbreedingbybbg.com\/wp-content\/uploads\/2024\/09\/Brasero_Touriste-487x314_loupe-copie@2x-300x194.png 300w, https:\/\/crossbreedingbybbg.com\/wp-content\/uploads\/2024\/09\/Brasero_Touriste-487x314_loupe-copie@2x-600x388.png 600w\" sizes=\"auto, (max-width: 618px) 100vw, 618px\" \/><\/figure>\n<\/div>\n<\/div>\n\n\n\n<div class=\"wp-block-group has-global-padding is-layout-constrained wp-container-core-group-is-layout-16c6eec2 wp-block-group-is-layout-constrained\" style=\"margin-top:var(--wp--preset--spacing--medium);margin-bottom:var(--wp--preset--spacing--medium)\" data-aos=\"fade\" data-aos-duration=\"500\" data-aos-once=\"true\">\n<div class=\"wp-block-columns are-vertically-aligned-center is-layout-flex wp-container-core-columns-is-layout-28f84493 wp-block-columns-is-layout-flex\">\n<div class=\"wp-block-column is-vertically-aligned-center is-layout-flow wp-block-column-is-layout-flow\" style=\"flex-basis:220px\">\n<figure class=\"wp-block-image aligncenter size-full is-resized\"><img loading=\"lazy\" decoding=\"async\" width=\"460\" height=\"400\" src=\"https:\/\/crossbreedingbybbg.com\/wp-content\/uploads\/2024\/09\/BBG-Tampon-Numerique-Genotyped-2023@2x.png\" alt=\"\" class=\"wp-image-291\" style=\"width:200px\" srcset=\"https:\/\/crossbreedingbybbg.com\/wp-content\/uploads\/2024\/09\/BBG-Tampon-Numerique-Genotyped-2023@2x.png 460w, https:\/\/crossbreedingbybbg.com\/wp-content\/uploads\/2024\/09\/BBG-Tampon-Numerique-Genotyped-2023@2x-300x261.png 300w\" sizes=\"auto, (max-width: 460px) 100vw, 460px\" \/><\/figure>\n<\/div>\n\n\n\n<div class=\"wp-block-column is-vertically-aligned-center is-layout-flow wp-block-column-is-layout-flow\" style=\"flex-basis:66.66%\">\n<h2 class=\"wp-block-heading has-large-font-size\" style=\"text-transform:uppercase\"><strong>Genotypisiert<\/strong><\/h2>\n\n\n\n<p>Diese Kategorie umfasst genotypisierte Bullen, f\u00fcr die wir genomische Informationen f\u00fcr die Leichtkalbigkeit und den Preis des Kalbes im Alter von 2&nbsp;Wochen haben.<\/p>\n<\/div>\n<\/div>\n\n\n\n<div class=\"wp-block-group has-global-padding is-layout-constrained wp-container-core-group-is-layout-350e9970 wp-block-group-is-layout-constrained\">\n<figure class=\"wp-block-image size-full is-resized\"><img loading=\"lazy\" decoding=\"async\" width=\"870\" height=\"759\" src=\"https:\/\/crossbreedingbybbg.com\/wp-content\/uploads\/2024\/09\/Pointu_crop@2x.png\" alt=\"\" class=\"wp-image-292\" style=\"width:480px\" srcset=\"https:\/\/crossbreedingbybbg.com\/wp-content\/uploads\/2024\/09\/Pointu_crop@2x.png 870w, https:\/\/crossbreedingbybbg.com\/wp-content\/uploads\/2024\/09\/Pointu_crop@2x-300x262.png 300w, https:\/\/crossbreedingbybbg.com\/wp-content\/uploads\/2024\/09\/Pointu_crop@2x-768x670.png 768w, https:\/\/crossbreedingbybbg.com\/wp-content\/uploads\/2024\/09\/Pointu_crop@2x-516x450.png 516w\" sizes=\"auto, (max-width: 870px) 100vw, 870px\" \/><\/figure>\n\n\n\n<hr class=\"wp-block-separator has-text-color has-secondary-color has-alpha-channel-opacity has-secondary-background-color has-background is-style-dotted\"\/>\n<\/div>\n<\/div>\n\n\n\n<div class=\"wp-block-group has-global-padding is-layout-constrained wp-container-core-group-is-layout-19e250f3 wp-block-group-is-layout-constrained\" data-aos=\"fade\" data-aos-duration=\"500\" data-aos-once=\"true\">\n<div class=\"wp-block-columns are-vertically-aligned-center is-layout-flex wp-container-core-columns-is-layout-28f84493 wp-block-columns-is-layout-flex\">\n<div class=\"wp-block-column is-vertically-aligned-center is-layout-flow wp-block-column-is-layout-flow\" style=\"flex-basis:220px\">\n<figure class=\"wp-block-image aligncenter size-full is-resized\"><img loading=\"lazy\" decoding=\"async\" width=\"434\" height=\"381\" src=\"https:\/\/crossbreedingbybbg.com\/wp-content\/uploads\/2024\/09\/BBG-Tampon-Numerique-Progeny-Proven-2023@2x-e1726578931263.png\" alt=\"\" class=\"wp-image-294\" style=\"width:200px\" srcset=\"https:\/\/crossbreedingbybbg.com\/wp-content\/uploads\/2024\/09\/BBG-Tampon-Numerique-Progeny-Proven-2023@2x-e1726578931263.png 434w, https:\/\/crossbreedingbybbg.com\/wp-content\/uploads\/2024\/09\/BBG-Tampon-Numerique-Progeny-Proven-2023@2x-e1726578931263-300x263.png 300w\" sizes=\"auto, (max-width: 434px) 100vw, 434px\" \/><\/figure>\n<\/div>\n\n\n\n<div class=\"wp-block-column is-vertically-aligned-center is-layout-flow wp-block-column-is-layout-flow\" style=\"flex-basis:66.66%\">\n<h2 class=\"wp-block-heading has-large-font-size\" style=\"text-transform:uppercase\"><strong>Best\u00e4tigt<\/strong><\/h2>\n\n\n\n<p>Diese Kategorie umfasst Bullen, deren Nachkommen getestet wurden. Weitere Informationen finden Sie im Abschnitt <a href=\"https:\/\/crossbreedingbybbg.com\/de\/croisement\/selection\/\">Testen<\/a><strong>.<\/strong><\/p>\n<\/div>\n<\/div>\n\n\n\n<div class=\"wp-block-group has-global-padding is-layout-constrained wp-container-core-group-is-layout-350e9970 wp-block-group-is-layout-constrained\">\n<figure class=\"wp-block-image size-full is-resized\"><img loading=\"lazy\" decoding=\"async\" width=\"870\" height=\"759\" src=\"https:\/\/crossbreedingbybbg.com\/wp-content\/uploads\/2024\/09\/Acabi_crop@2x.png\" alt=\"\" class=\"wp-image-293\" style=\"width:480px\" srcset=\"https:\/\/crossbreedingbybbg.com\/wp-content\/uploads\/2024\/09\/Acabi_crop@2x.png 870w, https:\/\/crossbreedingbybbg.com\/wp-content\/uploads\/2024\/09\/Acabi_crop@2x-300x262.png 300w, https:\/\/crossbreedingbybbg.com\/wp-content\/uploads\/2024\/09\/Acabi_crop@2x-768x670.png 768w, https:\/\/crossbreedingbybbg.com\/wp-content\/uploads\/2024\/09\/Acabi_crop@2x-516x450.png 516w\" sizes=\"auto, (max-width: 870px) 100vw, 870px\" \/><\/figure>\n\n\n\n<hr class=\"wp-block-separator has-text-color has-secondary-color has-alpha-channel-opacity has-secondary-background-color has-background is-style-dotted\"\/>\n<\/div>\n<\/div>\n","protected":false},"excerpt":{"rendered":"<p>Kategorien von Bullen Genotypisiert Diese Kategorie umfasst genotypisierte Bullen, f\u00fcr die wir genomische Informationen f\u00fcr die Leichtkalbigkeit und den Preis des Kalbes im Alter von 2&nbsp;Wochen haben. Best\u00e4tigt Diese Kategorie umfasst Bullen, deren Nachkommen getestet wurden. Weitere Informationen finden Sie im Abschnitt Testen.<\/p>\n","protected":false},"author":1,"featured_media":0,"parent":1453,"menu_order":0,"comment_status":"closed","ping_status":"closed","template":"no-title","meta":{"inline_featured_image":false,"footnotes":""},"class_list":["post-1457","page","type-page","status-publish","hentry"],"yoast_head":"<!-- This site is optimized with the Yoast SEO plugin v27.2 - https:\/\/yoast.com\/product\/yoast-seo-wordpress\/ -->\n<title>Kategorien - BBG For Crossing<\/title>\n<meta name=\"robots\" content=\"index, follow, max-snippet:-1, max-image-preview:large, max-video-preview:-1\" \/>\n<link rel=\"canonical\" href=\"https:\/\/crossbreedingbybbg.com\/de\/taureaux\/categories\/\" \/>\n<meta property=\"og:locale\" content=\"de_DE\" \/>\n<meta property=\"og:type\" content=\"article\" \/>\n<meta property=\"og:title\" content=\"Kategorien - BBG For Crossing\" \/>\n<meta property=\"og:description\" content=\"Kategorien von Bullen Genotypisiert Diese Kategorie umfasst genotypisierte Bullen, f\u00fcr die wir genomische Informationen f\u00fcr die Leichtkalbigkeit und den Preis des Kalbes im Alter von 2&nbsp;Wochen haben. Best\u00e4tigt Diese Kategorie umfasst Bullen, deren Nachkommen getestet wurden. Weitere Informationen finden Sie im Abschnitt Testen.\" \/>\n<meta property=\"og:url\" content=\"https:\/\/crossbreedingbybbg.com\/de\/taureaux\/categories\/\" \/>\n<meta property=\"og:site_name\" content=\"BBG For Crossing\" \/>\n<meta property=\"article:modified_time\" content=\"2024-11-19T10:23:13+00:00\" \/>\n<meta property=\"og:image\" content=\"https:\/\/crossbreedingbybbg.com\/wp-content\/uploads\/2024\/09\/Brasero_Touriste-487x314_loupe-copie@2x.png\" \/>\n\t<meta property=\"og:image:width\" content=\"618\" \/>\n\t<meta property=\"og:image:height\" content=\"400\" \/>\n\t<meta property=\"og:image:type\" content=\"image\/png\" \/>\n<meta name=\"twitter:card\" content=\"summary_large_image\" \/>\n<meta name=\"twitter:label1\" content=\"Gesch\u00e4tzte Lesezeit\" \/>\n\t<meta name=\"twitter:data1\" content=\"2\u00a0Minuten\" \/>\n<script type=\"application\/ld+json\" class=\"yoast-schema-graph\">{\"@context\":\"https:\/\/schema.org\",\"@graph\":[{\"@type\":\"WebPage\",\"@id\":\"https:\/\/crossbreedingbybbg.com\/de\/taureaux\/categories\/\",\"url\":\"https:\/\/crossbreedingbybbg.com\/de\/taureaux\/categories\/\",\"name\":\"Kategorien - BBG For Crossing\",\"isPartOf\":{\"@id\":\"https:\/\/crossbreedingbybbg.com\/#website\"},\"primaryImageOfPage\":{\"@id\":\"https:\/\/crossbreedingbybbg.com\/de\/taureaux\/categories\/#primaryimage\"},\"image\":{\"@id\":\"https:\/\/crossbreedingbybbg.com\/de\/taureaux\/categories\/#primaryimage\"},\"thumbnailUrl\":\"https:\/\/crossbreedingbybbg.com\/wp-content\/uploads\/2024\/09\/Brasero_Touriste-487x314_loupe-copie@2x.png\",\"datePublished\":\"2024-09-16T08:25:51+00:00\",\"dateModified\":\"2024-11-19T10:23:13+00:00\",\"breadcrumb\":{\"@id\":\"https:\/\/crossbreedingbybbg.com\/de\/taureaux\/categories\/#breadcrumb\"},\"inLanguage\":\"de\",\"potentialAction\":[{\"@type\":\"ReadAction\",\"target\":[\"https:\/\/crossbreedingbybbg.com\/de\/taureaux\/categories\/\"]}]},{\"@type\":\"ImageObject\",\"inLanguage\":\"de\",\"@id\":\"https:\/\/crossbreedingbybbg.com\/de\/taureaux\/categories\/#primaryimage\",\"url\":\"https:\/\/crossbreedingbybbg.com\/wp-content\/uploads\/2024\/09\/Brasero_Touriste-487x314_loupe-copie@2x.png\",\"contentUrl\":\"https:\/\/crossbreedingbybbg.com\/wp-content\/uploads\/2024\/09\/Brasero_Touriste-487x314_loupe-copie@2x.png\"},{\"@type\":\"BreadcrumbList\",\"@id\":\"https:\/\/crossbreedingbybbg.com\/de\/taureaux\/categories\/#breadcrumb\",\"itemListElement\":[{\"@type\":\"ListItem\",\"position\":1,\"name\":\"Accueil\",\"item\":\"https:\/\/crossbreedingbybbg.com\/de\/\"},{\"@type\":\"ListItem\",\"position\":2,\"name\":\"Bullen\",\"item\":\"https:\/\/crossbreedingbybbg.com\/taureaux\/\"},{\"@type\":\"ListItem\",\"position\":3,\"name\":\"Kategorien\"}]},{\"@type\":\"WebSite\",\"@id\":\"https:\/\/crossbreedingbybbg.com\/#website\",\"url\":\"https:\/\/crossbreedingbybbg.com\/\",\"name\":\"BBG For Crossing\",\"description\":\"L&rsquo;expertise de BBG au service du croisement\",\"publisher\":{\"@id\":\"https:\/\/crossbreedingbybbg.com\/#organization\"},\"potentialAction\":[{\"@type\":\"SearchAction\",\"target\":{\"@type\":\"EntryPoint\",\"urlTemplate\":\"https:\/\/crossbreedingbybbg.com\/?s={search_term_string}\"},\"query-input\":{\"@type\":\"PropertyValueSpecification\",\"valueRequired\":true,\"valueName\":\"search_term_string\"}}],\"inLanguage\":\"de\"},{\"@type\":\"Organization\",\"@id\":\"https:\/\/crossbreedingbybbg.com\/#organization\",\"name\":\"BBG For Crossing\",\"url\":\"https:\/\/crossbreedingbybbg.com\/\",\"logo\":{\"@type\":\"ImageObject\",\"inLanguage\":\"de\",\"@id\":\"https:\/\/crossbreedingbybbg.com\/#\/schema\/logo\/image\/\",\"url\":\"https:\/\/crossbreedingbybbg.com\/wp-content\/uploads\/2024\/09\/logo_blue.png\",\"contentUrl\":\"https:\/\/crossbreedingbybbg.com\/wp-content\/uploads\/2024\/09\/logo_blue.png\",\"width\":150,\"height\":183,\"caption\":\"BBG For Crossing\"},\"image\":{\"@id\":\"https:\/\/crossbreedingbybbg.com\/#\/schema\/logo\/image\/\"}}]}<\/script>\n<!-- \/ Yoast SEO plugin. -->","yoast_head_json":{"title":"Kategorien - BBG For Crossing","robots":{"index":"index","follow":"follow","max-snippet":"max-snippet:-1","max-image-preview":"max-image-preview:large","max-video-preview":"max-video-preview:-1"},"canonical":"https:\/\/crossbreedingbybbg.com\/de\/taureaux\/categories\/","og_locale":"de_DE","og_type":"article","og_title":"Kategorien - BBG For Crossing","og_description":"Kategorien von Bullen Genotypisiert Diese Kategorie umfasst genotypisierte Bullen, f\u00fcr die wir genomische Informationen f\u00fcr die Leichtkalbigkeit und den Preis des Kalbes im Alter von 2&nbsp;Wochen haben. Best\u00e4tigt Diese Kategorie umfasst Bullen, deren Nachkommen getestet wurden. Weitere Informationen finden Sie im Abschnitt Testen.","og_url":"https:\/\/crossbreedingbybbg.com\/de\/taureaux\/categories\/","og_site_name":"BBG For Crossing","article_modified_time":"2024-11-19T10:23:13+00:00","og_image":[{"width":618,"height":400,"url":"https:\/\/crossbreedingbybbg.com\/wp-content\/uploads\/2024\/09\/Brasero_Touriste-487x314_loupe-copie@2x.png","type":"image\/png"}],"twitter_card":"summary_large_image","twitter_misc":{"Gesch\u00e4tzte Lesezeit":"2\u00a0Minuten"},"schema":{"@context":"https:\/\/schema.org","@graph":[{"@type":"WebPage","@id":"https:\/\/crossbreedingbybbg.com\/de\/taureaux\/categories\/","url":"https:\/\/crossbreedingbybbg.com\/de\/taureaux\/categories\/","name":"Kategorien - BBG For Crossing","isPartOf":{"@id":"https:\/\/crossbreedingbybbg.com\/#website"},"primaryImageOfPage":{"@id":"https:\/\/crossbreedingbybbg.com\/de\/taureaux\/categories\/#primaryimage"},"image":{"@id":"https:\/\/crossbreedingbybbg.com\/de\/taureaux\/categories\/#primaryimage"},"thumbnailUrl":"https:\/\/crossbreedingbybbg.com\/wp-content\/uploads\/2024\/09\/Brasero_Touriste-487x314_loupe-copie@2x.png","datePublished":"2024-09-16T08:25:51+00:00","dateModified":"2024-11-19T10:23:13+00:00","breadcrumb":{"@id":"https:\/\/crossbreedingbybbg.com\/de\/taureaux\/categories\/#breadcrumb"},"inLanguage":"de","potentialAction":[{"@type":"ReadAction","target":["https:\/\/crossbreedingbybbg.com\/de\/taureaux\/categories\/"]}]},{"@type":"ImageObject","inLanguage":"de","@id":"https:\/\/crossbreedingbybbg.com\/de\/taureaux\/categories\/#primaryimage","url":"https:\/\/crossbreedingbybbg.com\/wp-content\/uploads\/2024\/09\/Brasero_Touriste-487x314_loupe-copie@2x.png","contentUrl":"https:\/\/crossbreedingbybbg.com\/wp-content\/uploads\/2024\/09\/Brasero_Touriste-487x314_loupe-copie@2x.png"},{"@type":"BreadcrumbList","@id":"https:\/\/crossbreedingbybbg.com\/de\/taureaux\/categories\/#breadcrumb","itemListElement":[{"@type":"ListItem","position":1,"name":"Accueil","item":"https:\/\/crossbreedingbybbg.com\/de\/"},{"@type":"ListItem","position":2,"name":"Bullen","item":"https:\/\/crossbreedingbybbg.com\/taureaux\/"},{"@type":"ListItem","position":3,"name":"Kategorien"}]},{"@type":"WebSite","@id":"https:\/\/crossbreedingbybbg.com\/#website","url":"https:\/\/crossbreedingbybbg.com\/","name":"BBG For Crossing","description":"L&rsquo;expertise de BBG au service du croisement","publisher":{"@id":"https:\/\/crossbreedingbybbg.com\/#organization"},"potentialAction":[{"@type":"SearchAction","target":{"@type":"EntryPoint","urlTemplate":"https:\/\/crossbreedingbybbg.com\/?s={search_term_string}"},"query-input":{"@type":"PropertyValueSpecification","valueRequired":true,"valueName":"search_term_string"}}],"inLanguage":"de"},{"@type":"Organization","@id":"https:\/\/crossbreedingbybbg.com\/#organization","name":"BBG For Crossing","url":"https:\/\/crossbreedingbybbg.com\/","logo":{"@type":"ImageObject","inLanguage":"de","@id":"https:\/\/crossbreedingbybbg.com\/#\/schema\/logo\/image\/","url":"https:\/\/crossbreedingbybbg.com\/wp-content\/uploads\/2024\/09\/logo_blue.png","contentUrl":"https:\/\/crossbreedingbybbg.com\/wp-content\/uploads\/2024\/09\/logo_blue.png","width":150,"height":183,"caption":"BBG For Crossing"},"image":{"@id":"https:\/\/crossbreedingbybbg.com\/#\/schema\/logo\/image\/"}}]}},"_links":{"self":[{"href":"https:\/\/crossbreedingbybbg.com\/de\/wp-json\/wp\/v2\/pages\/1457","targetHints":{"allow":["GET"]}}],"collection":[{"href":"https:\/\/crossbreedingbybbg.com\/de\/wp-json\/wp\/v2\/pages"}],"about":[{"href":"https:\/\/crossbreedingbybbg.com\/de\/wp-json\/wp\/v2\/types\/page"}],"author":[{"embeddable":true,"href":"https:\/\/crossbreedingbybbg.com\/de\/wp-json\/wp\/v2\/users\/1"}],"replies":[{"embeddable":true,"href":"https:\/\/crossbreedingbybbg.com\/de\/wp-json\/wp\/v2\/comments?post=1457"}],"version-history":[{"count":2,"href":"https:\/\/crossbreedingbybbg.com\/de\/wp-json\/wp\/v2\/pages\/1457\/revisions"}],"predecessor-version":[{"id":1883,"href":"https:\/\/crossbreedingbybbg.com\/de\/wp-json\/wp\/v2\/pages\/1457\/revisions\/1883"}],"up":[{"embeddable":true,"href":"https:\/\/crossbreedingbybbg.com\/de\/wp-json\/wp\/v2\/pages\/1453"}],"wp:attachment":[{"href":"https:\/\/crossbreedingbybbg.com\/de\/wp-json\/wp\/v2\/media?parent=1457"}],"curies":[{"name":"wp","href":"https:\/\/api.w.org\/{rel}","templated":true}]}}