{"id":1449,"date":"2024-09-10T09:22:34","date_gmt":"2024-09-10T07:22:34","guid":{"rendered":"https:\/\/new.crossbreedingbybbg.com\/services\/"},"modified":"2024-10-31T15:41:57","modified_gmt":"2024-10-31T14:41:57","slug":"services","status":"publish","type":"page","link":"https:\/\/crossbreedingbybbg.com\/de\/services\/","title":{"rendered":"Service"},"content":{"rendered":"\n<h1 class=\"wp-block-heading\" data-aos=\"fade\" data-aos-duration=\"500\" data-aos-once=\"true\">Service<\/h1>\n\n\n\n<div class=\"wp-block-group has-global-padding is-layout-constrained wp-block-group-is-layout-constrained\" data-aos=\"fade\" data-aos-duration=\"500\" data-aos-once=\"true\">\n<h2 class=\"wp-block-heading\" style=\"font-size:clamp(1.378rem, 1.378rem + ((1vw - 0.2rem) * 1.292), 2.25rem);font-style:normal;font-weight:500;text-transform:uppercase\">Entscheiden Sie sich f\u00fcr die Wahl eines\u00a0<strong>ma\u00dfgeschneiderten Produkts<\/strong>, das den Bed\u00fcrfnissen Ihrer Viehz\u00fcchter entspricht\u2026<\/h2>\n\n\n\n<div class=\"wp-block-group wp-container-content-a32ea41d is-layout-flow wp-container-core-group-is-layout-2dd7cb82 wp-block-group-is-layout-flow\">\n<p class=\"has-background\" style=\"background-color:#9991624d;padding-top:0;padding-bottom:0;font-style:normal;font-weight:500\">Samen: Konventionelles Samen, m\u00e4nnliches oder weibliches Samen, TripleMix,..<\/p>\n\n\n\n<p class=\"has-background\" style=\"background-color:#9991624d;padding-top:0;padding-bottom:0;font-style:normal;font-weight:500\">Embryonen<\/p>\n\n\n\n<p class=\"has-background\" style=\"background-color:#9991624d;padding-top:0;padding-bottom:0;font-style:normal;font-weight:500\">Lebende Tiere<\/p>\n<\/div>\n\n\n\n<p>\u2026\u00a0Und zwar, wo auch immer Sie sind! BBG ist auf\u00a0<strong>internationaler<\/strong>\u00a0Ebene in \u00fcber 55\u00a0L\u00e4ndern weltweit t\u00e4tig.<\/p>\n\n\n\n<p>Profitieren Sie neben der\u00a0<strong>technischen Unterst\u00fctzung<\/strong>\u00a0auch von unserer\u00a0<strong>pers\u00f6nlichen<\/strong>\u00a0<strong>Beratung<\/strong>\u00a0und\u00a0<strong>Betreuung<\/strong>.<\/p>\n<\/div>\n\n\n\n<div class=\"wp-block-group has-global-padding is-layout-constrained wp-container-core-group-is-layout-c5063697 wp-block-group-is-layout-constrained\" style=\"padding-left:110px\">\n<figure class=\"wp-block-image size-full\" data-aos=\"fade\" data-aos-duration=\"500\" data-aos-once=\"true\"><img loading=\"lazy\" decoding=\"async\" width=\"1920\" height=\"933\" src=\"https:\/\/crossbreedingbybbg.com\/wp-content\/uploads\/2024\/09\/Carte_fond_BBG_2023@2x.png\" alt=\"\" class=\"wp-image-277\" srcset=\"https:\/\/crossbreedingbybbg.com\/wp-content\/uploads\/2024\/09\/Carte_fond_BBG_2023@2x.png 1920w, https:\/\/crossbreedingbybbg.com\/wp-content\/uploads\/2024\/09\/Carte_fond_BBG_2023@2x-300x146.png 300w, https:\/\/crossbreedingbybbg.com\/wp-content\/uploads\/2024\/09\/Carte_fond_BBG_2023@2x-1024x498.png 1024w, https:\/\/crossbreedingbybbg.com\/wp-content\/uploads\/2024\/09\/Carte_fond_BBG_2023@2x-768x373.png 768w, https:\/\/crossbreedingbybbg.com\/wp-content\/uploads\/2024\/09\/Carte_fond_BBG_2023@2x-1536x746.png 1536w, https:\/\/crossbreedingbybbg.com\/wp-content\/uploads\/2024\/09\/Carte_fond_BBG_2023@2x-600x292.png 600w, https:\/\/crossbreedingbybbg.com\/wp-content\/uploads\/2024\/09\/Carte_fond_BBG_2023@2x-1200x583.png 1200w\" sizes=\"auto, (max-width: 1920px) 100vw, 1920px\" \/><\/figure>\n<\/div>\n\n\n\n<div class=\"wp-block-group has-global-padding is-layout-constrained wp-block-group-is-layout-constrained\" data-aos=\"fade\" data-aos-duration=\"500\" data-aos-once=\"true\">\n<h2 class=\"wp-block-heading has-large-font-size\" style=\"text-transform:uppercase\"><strong>Qualit\u00e4t<\/strong><\/h2>\n\n\n\n<h3 class=\"wp-block-heading has-secondary-color has-text-color has-link-color wp-elements-2c5570d31aa4e7fefa3b47d70510799a\" style=\"font-size:clamp(0.984rem, 0.984rem + ((1vw - 0.2rem) * 0.764), 1.5rem);font-style:normal;font-weight:700\">Ihre\u00a0Zufriedenheit\u00a0steht bei uns an erster Stelle, deshalb achten wir auf die\u00a0Qualit\u00e4t\u00a0unseres Angebots:<\/h3>\n<\/div>\n\n\n\n<div class=\"wp-block-group has-global-padding is-layout-constrained wp-container-core-group-is-layout-c5063697 wp-block-group-is-layout-constrained\" style=\"padding-left:110px\" data-aos=\"fade\" data-aos-duration=\"500\" data-aos-once=\"true\">\n<div class=\"wp-block-columns is-layout-flex wp-container-core-columns-is-layout-c375d253 wp-block-columns-is-layout-flex\">\n<div class=\"wp-block-column is-vertically-aligned-stretch is-layout-flow wp-block-column-is-layout-flow\" style=\"flex-basis:33.33%\">\n<figure class=\"wp-block-image size-full h-100\"><img loading=\"lazy\" decoding=\"async\" width=\"716\" height=\"970\" src=\"https:\/\/crossbreedingbybbg.com\/wp-content\/uploads\/2024\/09\/LABO_Qualite@2x.png\" alt=\"\" class=\"wp-image-278\" srcset=\"https:\/\/crossbreedingbybbg.com\/wp-content\/uploads\/2024\/09\/LABO_Qualite@2x.png 716w, https:\/\/crossbreedingbybbg.com\/wp-content\/uploads\/2024\/09\/LABO_Qualite@2x-221x300.png 221w, https:\/\/crossbreedingbybbg.com\/wp-content\/uploads\/2024\/09\/LABO_Qualite@2x-332x450.png 332w, https:\/\/crossbreedingbybbg.com\/wp-content\/uploads\/2024\/09\/LABO_Qualite@2x-664x900.png 664w\" sizes=\"auto, (max-width: 716px) 100vw, 716px\" \/><\/figure>\n<\/div>\n\n\n\n<div class=\"wp-block-column is-vertically-aligned-stretch is-layout-flow wp-block-column-is-layout-flow\" style=\"flex-basis:66.66%\">\n<div class=\"wp-block-group is-vertical is-content-justification-stretch is-layout-flex wp-container-core-group-is-layout-353c4f5a wp-block-group-is-layout-flex\" style=\"min-height:100%;aspect-ratio:unset;\">\n<div class=\"wp-block-group has-background has-global-padding is-layout-constrained wp-container-core-group-is-layout-19e250f3 wp-block-group-is-layout-constrained\" style=\"background-color:#98906126\">\n<p class=\"has-background\" style=\"background-color:#98906140;padding-top:0;padding-right:var(--wp--preset--spacing--x-small);padding-bottom:0;padding-left:var(--wp--preset--spacing--x-small);font-size:clamp(0.875rem, 0.875rem + ((1vw - 0.2rem) * 0.556), 1.25rem);\"><strong>Beim Bullen<\/strong><\/p>\n\n\n\n<div class=\"wp-block-group has-global-padding is-layout-constrained wp-container-core-group-is-layout-ce8a117f wp-block-group-is-layout-constrained\" style=\"padding-top:var(--wp--preset--spacing--x-small);padding-right:var(--wp--preset--spacing--x-small);padding-bottom:var(--wp--preset--spacing--x-small);padding-left:var(--wp--preset--spacing--x-small)\">\n<ul style=\"padding-right:0;padding-left:0\" class=\"wp-block-list\">\n<li>Auswahl der besten Individuen auf einer\u00a0<strong>vielf\u00e4ltigen Palette<\/strong>\u00a0von Merkmalen <\/li>\n\n\n\n<li><strong>Polygenetische Indizes<\/strong>\u00a0und deutlich angegebene\u00a0<strong>Zuverl\u00e4ssigkeit<\/strong><\/li>\n\n\n\n<li><strong>Genomischer<\/strong>\u00a0Test<\/li>\n<\/ul>\n<\/div>\n<\/div>\n\n\n\n<div class=\"wp-block-group has-background wp-container-content-9cfa9a5a has-global-padding is-layout-constrained wp-container-core-group-is-layout-19e250f3 wp-block-group-is-layout-constrained\" style=\"background-color:#98906126\">\n<p class=\"has-background\" style=\"background-color:#98906140;padding-top:0;padding-right:var(--wp--preset--spacing--x-small);padding-bottom:0;padding-left:var(--wp--preset--spacing--x-small);font-size:clamp(0.875rem, 0.875rem + ((1vw - 0.2rem) * 0.556), 1.25rem);\"><strong>Beim Samen<\/strong><\/p>\n\n\n\n<div class=\"wp-block-group has-global-padding is-layout-constrained wp-container-core-group-is-layout-ce8a117f wp-block-group-is-layout-constrained\" style=\"padding-top:var(--wp--preset--spacing--x-small);padding-right:var(--wp--preset--spacing--x-small);padding-bottom:var(--wp--preset--spacing--x-small);padding-left:var(--wp--preset--spacing--x-small)\">\n<p>Mindestens 25\u00a0Millionen Spermien, davon<\/p>\n\n\n\n<ul style=\"padding-right:0;padding-left:0\" class=\"wp-block-list\">\n<li>> 30\u00a0% Mobilit\u00e4t<\/li>\n\n\n\n<li>> 15\u00a0% Gradlinige Progression<\/li>\n<\/ul>\n\n\n\n<p>Nach ISO\u00a09001 zertifiziertes Labor<\/p>\n\n\n\n<p>Nachvollziehbarkeit<\/p>\n<\/div>\n<\/div>\n<\/div>\n<\/div>\n<\/div>\n<\/div>\n","protected":false},"excerpt":{"rendered":"<p>Service Entscheiden Sie sich f\u00fcr die Wahl eines\u00a0ma\u00dfgeschneiderten Produkts, das den Bed\u00fcrfnissen Ihrer Viehz\u00fcchter entspricht\u2026 Samen: Konventionelles Samen, m\u00e4nnliches oder weibliches Samen, TripleMix,.. Embryonen Lebende Tiere \u2026\u00a0Und zwar, wo auch immer Sie sind! BBG ist auf\u00a0internationaler\u00a0Ebene in \u00fcber 55\u00a0L\u00e4ndern weltweit t\u00e4tig. Profitieren Sie neben der\u00a0technischen Unterst\u00fctzung\u00a0auch von unserer\u00a0pers\u00f6nlichen\u00a0Beratung\u00a0und\u00a0Betreuung. Qualit\u00e4t Ihre\u00a0Zufriedenheit\u00a0steht bei uns an erster Stelle, [&hellip;]<\/p>\n","protected":false},"author":1,"featured_media":0,"parent":0,"menu_order":0,"comment_status":"closed","ping_status":"closed","template":"no-title","meta":{"inline_featured_image":false,"footnotes":""},"class_list":["post-1449","page","type-page","status-publish","hentry"],"yoast_head":"<!-- This site is optimized with the Yoast SEO plugin v27.4 - https:\/\/yoast.com\/product\/yoast-seo-wordpress\/ -->\n<title>Service - BBG For Crossing<\/title>\n<meta name=\"robots\" content=\"index, follow, max-snippet:-1, max-image-preview:large, max-video-preview:-1\" \/>\n<link rel=\"canonical\" href=\"https:\/\/crossbreedingbybbg.com\/services\/\" \/>\n<meta property=\"og:locale\" content=\"de_DE\" \/>\n<meta property=\"og:type\" content=\"article\" \/>\n<meta property=\"og:title\" content=\"Service - BBG For Crossing\" \/>\n<meta property=\"og:description\" content=\"Service Entscheiden Sie sich f\u00fcr die Wahl eines\u00a0ma\u00dfgeschneiderten Produkts, das den Bed\u00fcrfnissen Ihrer Viehz\u00fcchter entspricht\u2026 Samen: Konventionelles Samen, m\u00e4nnliches oder weibliches Samen, TripleMix,.. Embryonen Lebende Tiere \u2026\u00a0Und zwar, wo auch immer Sie sind! BBG ist auf\u00a0internationaler\u00a0Ebene in \u00fcber 55\u00a0L\u00e4ndern weltweit t\u00e4tig. Profitieren Sie neben der\u00a0technischen Unterst\u00fctzung\u00a0auch von unserer\u00a0pers\u00f6nlichen\u00a0Beratung\u00a0und\u00a0Betreuung. Qualit\u00e4t Ihre\u00a0Zufriedenheit\u00a0steht bei uns an erster Stelle, [&hellip;]\" \/>\n<meta property=\"og:url\" content=\"https:\/\/crossbreedingbybbg.com\/services\/\" \/>\n<meta property=\"og:site_name\" content=\"BBG For Crossing\" \/>\n<meta property=\"article:modified_time\" content=\"2024-10-31T14:41:57+00:00\" \/>\n<meta property=\"og:image\" content=\"https:\/\/crossbreedingbybbg.com\/wp-content\/uploads\/2024\/09\/Carte_fond_BBG_2023@2x.png\" \/>\n<meta name=\"twitter:card\" content=\"summary_large_image\" \/>\n<meta name=\"twitter:label1\" content=\"Gesch\u00e4tzte Lesezeit\" \/>\n\t<meta name=\"twitter:data1\" content=\"1\u00a0Minute\" \/>\n<script type=\"application\/ld+json\" class=\"yoast-schema-graph\">{\"@context\":\"https:\\\/\\\/schema.org\",\"@graph\":[{\"@type\":\"WebPage\",\"@id\":\"https:\\\/\\\/crossbreedingbybbg.com\\\/services\\\/\",\"url\":\"https:\\\/\\\/crossbreedingbybbg.com\\\/services\\\/\",\"name\":\"Service - BBG For Crossing\",\"isPartOf\":{\"@id\":\"https:\\\/\\\/crossbreedingbybbg.com\\\/#website\"},\"primaryImageOfPage\":{\"@id\":\"https:\\\/\\\/crossbreedingbybbg.com\\\/services\\\/#primaryimage\"},\"image\":{\"@id\":\"https:\\\/\\\/crossbreedingbybbg.com\\\/services\\\/#primaryimage\"},\"thumbnailUrl\":\"https:\\\/\\\/crossbreedingbybbg.com\\\/wp-content\\\/uploads\\\/2024\\\/09\\\/Carte_fond_BBG_2023@2x.png\",\"datePublished\":\"2024-09-10T07:22:34+00:00\",\"dateModified\":\"2024-10-31T14:41:57+00:00\",\"breadcrumb\":{\"@id\":\"https:\\\/\\\/crossbreedingbybbg.com\\\/services\\\/#breadcrumb\"},\"inLanguage\":\"de\",\"potentialAction\":[{\"@type\":\"ReadAction\",\"target\":[\"https:\\\/\\\/crossbreedingbybbg.com\\\/services\\\/\"]}]},{\"@type\":\"ImageObject\",\"inLanguage\":\"de\",\"@id\":\"https:\\\/\\\/crossbreedingbybbg.com\\\/services\\\/#primaryimage\",\"url\":\"https:\\\/\\\/crossbreedingbybbg.com\\\/wp-content\\\/uploads\\\/2024\\\/09\\\/Carte_fond_BBG_2023@2x.png\",\"contentUrl\":\"https:\\\/\\\/crossbreedingbybbg.com\\\/wp-content\\\/uploads\\\/2024\\\/09\\\/Carte_fond_BBG_2023@2x.png\"},{\"@type\":\"BreadcrumbList\",\"@id\":\"https:\\\/\\\/crossbreedingbybbg.com\\\/services\\\/#breadcrumb\",\"itemListElement\":[{\"@type\":\"ListItem\",\"position\":1,\"name\":\"Accueil\",\"item\":\"https:\\\/\\\/crossbreedingbybbg.com\\\/de\\\/\"},{\"@type\":\"ListItem\",\"position\":2,\"name\":\"Service\"}]},{\"@type\":\"WebSite\",\"@id\":\"https:\\\/\\\/crossbreedingbybbg.com\\\/#website\",\"url\":\"https:\\\/\\\/crossbreedingbybbg.com\\\/\",\"name\":\"BBG For Crossing\",\"description\":\"L&rsquo;expertise de BBG au service du croisement\",\"publisher\":{\"@id\":\"https:\\\/\\\/crossbreedingbybbg.com\\\/#organization\"},\"potentialAction\":[{\"@type\":\"SearchAction\",\"target\":{\"@type\":\"EntryPoint\",\"urlTemplate\":\"https:\\\/\\\/crossbreedingbybbg.com\\\/?s={search_term_string}\"},\"query-input\":{\"@type\":\"PropertyValueSpecification\",\"valueRequired\":true,\"valueName\":\"search_term_string\"}}],\"inLanguage\":\"de\"},{\"@type\":\"Organization\",\"@id\":\"https:\\\/\\\/crossbreedingbybbg.com\\\/#organization\",\"name\":\"BBG For Crossing\",\"url\":\"https:\\\/\\\/crossbreedingbybbg.com\\\/\",\"logo\":{\"@type\":\"ImageObject\",\"inLanguage\":\"de\",\"@id\":\"https:\\\/\\\/crossbreedingbybbg.com\\\/#\\\/schema\\\/logo\\\/image\\\/\",\"url\":\"https:\\\/\\\/crossbreedingbybbg.com\\\/wp-content\\\/uploads\\\/2024\\\/09\\\/logo_blue.png\",\"contentUrl\":\"https:\\\/\\\/crossbreedingbybbg.com\\\/wp-content\\\/uploads\\\/2024\\\/09\\\/logo_blue.png\",\"width\":150,\"height\":183,\"caption\":\"BBG For Crossing\"},\"image\":{\"@id\":\"https:\\\/\\\/crossbreedingbybbg.com\\\/#\\\/schema\\\/logo\\\/image\\\/\"}}]}<\/script>\n<!-- \/ Yoast SEO plugin. -->","yoast_head_json":{"title":"Service - BBG For Crossing","robots":{"index":"index","follow":"follow","max-snippet":"max-snippet:-1","max-image-preview":"max-image-preview:large","max-video-preview":"max-video-preview:-1"},"canonical":"https:\/\/crossbreedingbybbg.com\/services\/","og_locale":"de_DE","og_type":"article","og_title":"Service - BBG For Crossing","og_description":"Service Entscheiden Sie sich f\u00fcr die Wahl eines\u00a0ma\u00dfgeschneiderten Produkts, das den Bed\u00fcrfnissen Ihrer Viehz\u00fcchter entspricht\u2026 Samen: Konventionelles Samen, m\u00e4nnliches oder weibliches Samen, TripleMix,.. Embryonen Lebende Tiere \u2026\u00a0Und zwar, wo auch immer Sie sind! BBG ist auf\u00a0internationaler\u00a0Ebene in \u00fcber 55\u00a0L\u00e4ndern weltweit t\u00e4tig. Profitieren Sie neben der\u00a0technischen Unterst\u00fctzung\u00a0auch von unserer\u00a0pers\u00f6nlichen\u00a0Beratung\u00a0und\u00a0Betreuung. Qualit\u00e4t Ihre\u00a0Zufriedenheit\u00a0steht bei uns an erster Stelle, [&hellip;]","og_url":"https:\/\/crossbreedingbybbg.com\/services\/","og_site_name":"BBG For Crossing","article_modified_time":"2024-10-31T14:41:57+00:00","og_image":[{"url":"https:\/\/crossbreedingbybbg.com\/wp-content\/uploads\/2024\/09\/Carte_fond_BBG_2023@2x.png","type":"","width":"","height":""}],"twitter_card":"summary_large_image","twitter_misc":{"Gesch\u00e4tzte Lesezeit":"1\u00a0Minute"},"schema":{"@context":"https:\/\/schema.org","@graph":[{"@type":"WebPage","@id":"https:\/\/crossbreedingbybbg.com\/services\/","url":"https:\/\/crossbreedingbybbg.com\/services\/","name":"Service - BBG For Crossing","isPartOf":{"@id":"https:\/\/crossbreedingbybbg.com\/#website"},"primaryImageOfPage":{"@id":"https:\/\/crossbreedingbybbg.com\/services\/#primaryimage"},"image":{"@id":"https:\/\/crossbreedingbybbg.com\/services\/#primaryimage"},"thumbnailUrl":"https:\/\/crossbreedingbybbg.com\/wp-content\/uploads\/2024\/09\/Carte_fond_BBG_2023@2x.png","datePublished":"2024-09-10T07:22:34+00:00","dateModified":"2024-10-31T14:41:57+00:00","breadcrumb":{"@id":"https:\/\/crossbreedingbybbg.com\/services\/#breadcrumb"},"inLanguage":"de","potentialAction":[{"@type":"ReadAction","target":["https:\/\/crossbreedingbybbg.com\/services\/"]}]},{"@type":"ImageObject","inLanguage":"de","@id":"https:\/\/crossbreedingbybbg.com\/services\/#primaryimage","url":"https:\/\/crossbreedingbybbg.com\/wp-content\/uploads\/2024\/09\/Carte_fond_BBG_2023@2x.png","contentUrl":"https:\/\/crossbreedingbybbg.com\/wp-content\/uploads\/2024\/09\/Carte_fond_BBG_2023@2x.png"},{"@type":"BreadcrumbList","@id":"https:\/\/crossbreedingbybbg.com\/services\/#breadcrumb","itemListElement":[{"@type":"ListItem","position":1,"name":"Accueil","item":"https:\/\/crossbreedingbybbg.com\/de\/"},{"@type":"ListItem","position":2,"name":"Service"}]},{"@type":"WebSite","@id":"https:\/\/crossbreedingbybbg.com\/#website","url":"https:\/\/crossbreedingbybbg.com\/","name":"BBG For Crossing","description":"L&rsquo;expertise de BBG au service du croisement","publisher":{"@id":"https:\/\/crossbreedingbybbg.com\/#organization"},"potentialAction":[{"@type":"SearchAction","target":{"@type":"EntryPoint","urlTemplate":"https:\/\/crossbreedingbybbg.com\/?s={search_term_string}"},"query-input":{"@type":"PropertyValueSpecification","valueRequired":true,"valueName":"search_term_string"}}],"inLanguage":"de"},{"@type":"Organization","@id":"https:\/\/crossbreedingbybbg.com\/#organization","name":"BBG For Crossing","url":"https:\/\/crossbreedingbybbg.com\/","logo":{"@type":"ImageObject","inLanguage":"de","@id":"https:\/\/crossbreedingbybbg.com\/#\/schema\/logo\/image\/","url":"https:\/\/crossbreedingbybbg.com\/wp-content\/uploads\/2024\/09\/logo_blue.png","contentUrl":"https:\/\/crossbreedingbybbg.com\/wp-content\/uploads\/2024\/09\/logo_blue.png","width":150,"height":183,"caption":"BBG For Crossing"},"image":{"@id":"https:\/\/crossbreedingbybbg.com\/#\/schema\/logo\/image\/"}}]}},"_links":{"self":[{"href":"https:\/\/crossbreedingbybbg.com\/de\/wp-json\/wp\/v2\/pages\/1449","targetHints":{"allow":["GET"]}}],"collection":[{"href":"https:\/\/crossbreedingbybbg.com\/de\/wp-json\/wp\/v2\/pages"}],"about":[{"href":"https:\/\/crossbreedingbybbg.com\/de\/wp-json\/wp\/v2\/types\/page"}],"author":[{"embeddable":true,"href":"https:\/\/crossbreedingbybbg.com\/de\/wp-json\/wp\/v2\/users\/1"}],"replies":[{"embeddable":true,"href":"https:\/\/crossbreedingbybbg.com\/de\/wp-json\/wp\/v2\/comments?post=1449"}],"version-history":[{"count":1,"href":"https:\/\/crossbreedingbybbg.com\/de\/wp-json\/wp\/v2\/pages\/1449\/revisions"}],"predecessor-version":[{"id":1623,"href":"https:\/\/crossbreedingbybbg.com\/de\/wp-json\/wp\/v2\/pages\/1449\/revisions\/1623"}],"wp:attachment":[{"href":"https:\/\/crossbreedingbybbg.com\/de\/wp-json\/wp\/v2\/media?parent=1449"}],"curies":[{"name":"wp","href":"https:\/\/api.w.org\/{rel}","templated":true}]}}