{"id":1442,"date":"2024-09-13T14:08:26","date_gmt":"2024-09-13T12:08:26","guid":{"rendered":"https:\/\/new.crossbreedingbybbg.com\/innovations\/sans-cornes\/"},"modified":"2024-10-31T15:07:39","modified_gmt":"2024-10-31T14:07:39","slug":"sans-cornes","status":"publish","type":"page","link":"https:\/\/crossbreedingbybbg.com\/de\/innovations\/sans-cornes\/","title":{"rendered":"Hornlosigkeit"},"content":{"rendered":"\n<h1 class=\"wp-block-heading\" data-aos=\"fade\" data-aos-duration=\"500\" data-aos-once=\"true\">Hornlosen Wei\u00dfblauen Belgiern<\/h1>\n\n\n\n<div class=\"wp-block-group has-global-padding is-layout-constrained wp-block-group-is-layout-constrained\" data-aos=\"fade\" data-aos-duration=\"500\" data-aos-once=\"true\">\n<p><strong>BBG bietet das gr\u00f6\u00dfte Sortiment an hornlosen Wei\u00dfblauen Belgiern Bullen<\/strong><\/p>\n\n\n\n<div class=\"wp-block-columns is-layout-flex wp-container-core-columns-is-layout-28f84493 wp-block-columns-is-layout-flex\">\n<div class=\"wp-block-column is-layout-flow wp-block-column-is-layout-flow\">\n<figure class=\"wp-block-image size-full\"><img loading=\"lazy\" decoding=\"async\" width=\"974\" height=\"650\" src=\"https:\/\/crossbreedingbybbg.com\/wp-content\/uploads\/2024\/09\/SansCornes_18-Polled-PP-copie@2x.png\" alt=\"\" class=\"wp-image-257\" srcset=\"https:\/\/crossbreedingbybbg.com\/wp-content\/uploads\/2024\/09\/SansCornes_18-Polled-PP-copie@2x.png 974w, https:\/\/crossbreedingbybbg.com\/wp-content\/uploads\/2024\/09\/SansCornes_18-Polled-PP-copie@2x-300x200.png 300w, https:\/\/crossbreedingbybbg.com\/wp-content\/uploads\/2024\/09\/SansCornes_18-Polled-PP-copie@2x-768x513.png 768w, https:\/\/crossbreedingbybbg.com\/wp-content\/uploads\/2024\/09\/SansCornes_18-Polled-PP-copie@2x-600x400.png 600w\" sizes=\"auto, (max-width: 974px) 100vw, 974px\" \/><\/figure>\n<\/div>\n\n\n\n<div class=\"wp-block-column is-layout-flow wp-block-column-is-layout-flow\">\n<figure class=\"wp-block-image size-full\"><img loading=\"lazy\" decoding=\"async\" width=\"974\" height=\"650\" src=\"https:\/\/crossbreedingbybbg.com\/wp-content\/uploads\/2024\/09\/SansCornes_2-Polled-P-copie@2x.png\" alt=\"\" class=\"wp-image-258\" srcset=\"https:\/\/crossbreedingbybbg.com\/wp-content\/uploads\/2024\/09\/SansCornes_2-Polled-P-copie@2x.png 974w, https:\/\/crossbreedingbybbg.com\/wp-content\/uploads\/2024\/09\/SansCornes_2-Polled-P-copie@2x-300x200.png 300w, https:\/\/crossbreedingbybbg.com\/wp-content\/uploads\/2024\/09\/SansCornes_2-Polled-P-copie@2x-768x513.png 768w, https:\/\/crossbreedingbybbg.com\/wp-content\/uploads\/2024\/09\/SansCornes_2-Polled-P-copie@2x-600x400.png 600w\" sizes=\"auto, (max-width: 974px) 100vw, 974px\" \/><\/figure>\n<\/div>\n<\/div>\n\n\n\n<p>BBG leistete&nbsp;<strong>Pionierarbeit<\/strong>&nbsp;bei der Selektion&nbsp;<strong>hornloser Bullen der Rasse Wei\u00dfblaue Belgier<\/strong>. Dies erm\u00f6glicht es Ihnen, von der gr\u00f6\u00dften<strong>&nbsp;Auswahl an<\/strong>&nbsp;<strong>hornlosen<\/strong>&nbsp;<strong>Bullen<\/strong>&nbsp;zu profitieren, die es auf dem Markt gibt.<\/p>\n\n\n\n<p>Sie erkennen sie ganz einfach an der Abk\u00fcrzung nach dem Namen des Bullen: PP (reinerbig), P (mischerbig).<\/p>\n\n\n\n<p>Hornlose Tiere bieten einen Vorteil bei Tierwohl, Zeit- und Kostenersparnis!<\/p>\n\n\n\n<p>Hornlosigkeit ist ein genetisches Merkmal. Das Hornlos-Gen (P) wird im Gegensatz zum Geh\u00f6rnt-Gen (p) dominant vererbt.<\/p>\n\n\n\n<p>Es ist ein Gentest verf\u00fcgbar, um das Hornlos-Gen zu identifizieren.<\/p>\n\n\n\n<p>Gem\u00e4\u00df Konvention wird ein&nbsp;<strong>reinerbig hornloses&nbsp;<\/strong>Tier geschrieben als:&nbsp;<strong>PP<\/strong>, ein&nbsp;<strong>mischerbig<\/strong>&nbsp;Tier als:&nbsp;<strong>P<\/strong>.<\/p>\n\n\n\n<p>Das folgende Schema zeigt deutlicher, was bei den folgenden Kombinationen zu erwarten ist:<\/p>\n\n\n\n<div class=\"wp-block-columns is-layout-flex wp-container-core-columns-is-layout-28f84493 wp-block-columns-is-layout-flex\">\n<div class=\"wp-block-column is-layout-flow wp-block-column-is-layout-flow\" style=\"flex-basis:25%\"><\/div>\n\n\n\n<div class=\"wp-block-column is-layout-flow wp-block-column-is-layout-flow\" style=\"flex-basis:50%\">\n<div class=\"wp-block-getwid-images-slider has-arrows-inside has-dots-inside has-images-center has-fitted-images\"><div class=\"wp-block-getwid-images-slider__wrapper\" data-effect=\"slide\" data-slides-show=\"1\" data-slides-show-laptop=\"1\" data-slides-show-tablet=\"1\" data-slides-show-mobile=\"1\" data-slides-scroll=\"1\" data-autoplay=\"true\" data-pause-hover=\"true\" data-autoplay-speed=\"4000\" data-infinite=\"true\" data-animation-speed=\"800\" data-center-mode=\"false\" data-variable-width=\"false\" data-arrows=\"inside\" data-dots=\"inside\" data-spacing=\"none\"><div class=\"wp-block-getwid-images-slider__item\"><figure><img loading=\"lazy\" decoding=\"async\" width=\"1541\" height=\"1329\" src=\"https:\/\/crossbreedingbybbg.com\/wp-content\/uploads\/2024\/10\/BBG_sanscornes_FLASH-04.png\" data-id=\"820\" data-link=\"https:\/\/crossbreedingbybbg.com\/innovations\/sans-cornes\/bbg_sanscornes_flash-04\/\" data-original-link=\"https:\/\/crossbreedingbybbg.com\/wp-content\/uploads\/2024\/10\/BBG_sanscornes_FLASH-04.png\" class=\"wp-block-getwid-images-slider__image wp-image-820\" srcset=\"https:\/\/crossbreedingbybbg.com\/wp-content\/uploads\/2024\/10\/BBG_sanscornes_FLASH-04.png 1541w, https:\/\/crossbreedingbybbg.com\/wp-content\/uploads\/2024\/10\/BBG_sanscornes_FLASH-04-300x259.png 300w, https:\/\/crossbreedingbybbg.com\/wp-content\/uploads\/2024\/10\/BBG_sanscornes_FLASH-04-1024x883.png 1024w, https:\/\/crossbreedingbybbg.com\/wp-content\/uploads\/2024\/10\/BBG_sanscornes_FLASH-04-768x662.png 768w, https:\/\/crossbreedingbybbg.com\/wp-content\/uploads\/2024\/10\/BBG_sanscornes_FLASH-04-1536x1325.png 1536w, https:\/\/crossbreedingbybbg.com\/wp-content\/uploads\/2024\/10\/BBG_sanscornes_FLASH-04-522x450.png 522w, https:\/\/crossbreedingbybbg.com\/wp-content\/uploads\/2024\/10\/BBG_sanscornes_FLASH-04-1044x900.png 1044w, https:\/\/crossbreedingbybbg.com\/wp-content\/uploads\/2024\/10\/BBG_sanscornes_FLASH-04-1252x1080.png 1252w\" sizes=\"auto, (max-width: 1541px) 100vw, 1541px\" \/><\/figure><\/div><div class=\"wp-block-getwid-images-slider__item\"><figure><img loading=\"lazy\" decoding=\"async\" width=\"1541\" height=\"1329\" src=\"https:\/\/crossbreedingbybbg.com\/wp-content\/uploads\/2024\/10\/BBG_sanscornes_FLASH-01.png\" data-id=\"805\" data-link=\"https:\/\/crossbreedingbybbg.com\/innovations\/sans-cornes\/bbg_sanscornes_flash-01\/\" data-original-link=\"https:\/\/crossbreedingbybbg.com\/wp-content\/uploads\/2024\/10\/BBG_sanscornes_FLASH-01.png\" class=\"wp-block-getwid-images-slider__image wp-image-805\" srcset=\"https:\/\/crossbreedingbybbg.com\/wp-content\/uploads\/2024\/10\/BBG_sanscornes_FLASH-01.png 1541w, https:\/\/crossbreedingbybbg.com\/wp-content\/uploads\/2024\/10\/BBG_sanscornes_FLASH-01-300x259.png 300w, https:\/\/crossbreedingbybbg.com\/wp-content\/uploads\/2024\/10\/BBG_sanscornes_FLASH-01-1024x883.png 1024w, https:\/\/crossbreedingbybbg.com\/wp-content\/uploads\/2024\/10\/BBG_sanscornes_FLASH-01-768x662.png 768w, https:\/\/crossbreedingbybbg.com\/wp-content\/uploads\/2024\/10\/BBG_sanscornes_FLASH-01-1536x1325.png 1536w, https:\/\/crossbreedingbybbg.com\/wp-content\/uploads\/2024\/10\/BBG_sanscornes_FLASH-01-522x450.png 522w, https:\/\/crossbreedingbybbg.com\/wp-content\/uploads\/2024\/10\/BBG_sanscornes_FLASH-01-1044x900.png 1044w, https:\/\/crossbreedingbybbg.com\/wp-content\/uploads\/2024\/10\/BBG_sanscornes_FLASH-01-1252x1080.png 1252w\" sizes=\"auto, (max-width: 1541px) 100vw, 1541px\" \/><\/figure><\/div><div class=\"wp-block-getwid-images-slider__item\"><figure><img loading=\"lazy\" decoding=\"async\" width=\"1541\" height=\"1329\" src=\"https:\/\/crossbreedingbybbg.com\/wp-content\/uploads\/2024\/10\/BBG_sanscornes_FLASH-03.png\" data-id=\"815\" data-link=\"https:\/\/crossbreedingbybbg.com\/innovations\/sans-cornes\/bbg_sanscornes_flash-03\/\" data-original-link=\"https:\/\/crossbreedingbybbg.com\/wp-content\/uploads\/2024\/10\/BBG_sanscornes_FLASH-03.png\" class=\"wp-block-getwid-images-slider__image wp-image-815\" srcset=\"https:\/\/crossbreedingbybbg.com\/wp-content\/uploads\/2024\/10\/BBG_sanscornes_FLASH-03.png 1541w, https:\/\/crossbreedingbybbg.com\/wp-content\/uploads\/2024\/10\/BBG_sanscornes_FLASH-03-300x259.png 300w, https:\/\/crossbreedingbybbg.com\/wp-content\/uploads\/2024\/10\/BBG_sanscornes_FLASH-03-1024x883.png 1024w, https:\/\/crossbreedingbybbg.com\/wp-content\/uploads\/2024\/10\/BBG_sanscornes_FLASH-03-768x662.png 768w, https:\/\/crossbreedingbybbg.com\/wp-content\/uploads\/2024\/10\/BBG_sanscornes_FLASH-03-1536x1325.png 1536w, https:\/\/crossbreedingbybbg.com\/wp-content\/uploads\/2024\/10\/BBG_sanscornes_FLASH-03-522x450.png 522w, https:\/\/crossbreedingbybbg.com\/wp-content\/uploads\/2024\/10\/BBG_sanscornes_FLASH-03-1044x900.png 1044w, https:\/\/crossbreedingbybbg.com\/wp-content\/uploads\/2024\/10\/BBG_sanscornes_FLASH-03-1252x1080.png 1252w\" sizes=\"auto, (max-width: 1541px) 100vw, 1541px\" \/><\/figure><\/div><div class=\"wp-block-getwid-images-slider__item\"><figure><img loading=\"lazy\" decoding=\"async\" width=\"1541\" height=\"1329\" src=\"https:\/\/crossbreedingbybbg.com\/wp-content\/uploads\/2024\/10\/BBG_sanscornes_FLASH-02.png\" data-id=\"810\" data-link=\"https:\/\/crossbreedingbybbg.com\/innovations\/sans-cornes\/bbg_sanscornes_flash-02\/\" data-original-link=\"https:\/\/crossbreedingbybbg.com\/wp-content\/uploads\/2024\/10\/BBG_sanscornes_FLASH-02.png\" class=\"wp-block-getwid-images-slider__image wp-image-810\" srcset=\"https:\/\/crossbreedingbybbg.com\/wp-content\/uploads\/2024\/10\/BBG_sanscornes_FLASH-02.png 1541w, https:\/\/crossbreedingbybbg.com\/wp-content\/uploads\/2024\/10\/BBG_sanscornes_FLASH-02-300x259.png 300w, https:\/\/crossbreedingbybbg.com\/wp-content\/uploads\/2024\/10\/BBG_sanscornes_FLASH-02-1024x883.png 1024w, https:\/\/crossbreedingbybbg.com\/wp-content\/uploads\/2024\/10\/BBG_sanscornes_FLASH-02-768x662.png 768w, https:\/\/crossbreedingbybbg.com\/wp-content\/uploads\/2024\/10\/BBG_sanscornes_FLASH-02-1536x1325.png 1536w, https:\/\/crossbreedingbybbg.com\/wp-content\/uploads\/2024\/10\/BBG_sanscornes_FLASH-02-522x450.png 522w, https:\/\/crossbreedingbybbg.com\/wp-content\/uploads\/2024\/10\/BBG_sanscornes_FLASH-02-1044x900.png 1044w, https:\/\/crossbreedingbybbg.com\/wp-content\/uploads\/2024\/10\/BBG_sanscornes_FLASH-02-1252x1080.png 1252w\" sizes=\"auto, (max-width: 1541px) 100vw, 1541px\" \/><\/figure><\/div><\/div><\/div>\n<\/div>\n\n\n\n<div class=\"wp-block-column is-layout-flow wp-block-column-is-layout-flow\" style=\"flex-basis:25%\"><\/div>\n<\/div>\n<\/div>\n","protected":false},"excerpt":{"rendered":"<p>Hornlosen Wei\u00dfblauen Belgiern BBG bietet das gr\u00f6\u00dfte Sortiment an hornlosen Wei\u00dfblauen Belgiern Bullen BBG leistete&nbsp;Pionierarbeit&nbsp;bei der Selektion&nbsp;hornloser Bullen der Rasse Wei\u00dfblaue Belgier. Dies erm\u00f6glicht es Ihnen, von der gr\u00f6\u00dften&nbsp;Auswahl an&nbsp;hornlosen&nbsp;Bullen&nbsp;zu profitieren, die es auf dem Markt gibt. Sie erkennen sie ganz einfach an der Abk\u00fcrzung nach dem Namen des Bullen: PP (reinerbig), P (mischerbig). Hornlose [&hellip;]<\/p>\n","protected":false},"author":1,"featured_media":0,"parent":1396,"menu_order":0,"comment_status":"closed","ping_status":"closed","template":"no-title","meta":{"inline_featured_image":false,"footnotes":""},"class_list":["post-1442","page","type-page","status-publish","hentry"],"yoast_head":"<!-- This site is optimized with the Yoast SEO plugin v27.2 - https:\/\/yoast.com\/product\/yoast-seo-wordpress\/ -->\n<title>Hornlosigkeit - BBG For Crossing<\/title>\n<meta name=\"robots\" content=\"index, follow, max-snippet:-1, max-image-preview:large, max-video-preview:-1\" \/>\n<link rel=\"canonical\" href=\"https:\/\/crossbreedingbybbg.com\/de\/innovations\/sans-cornes\/\" \/>\n<meta property=\"og:locale\" content=\"de_DE\" \/>\n<meta property=\"og:type\" content=\"article\" \/>\n<meta property=\"og:title\" content=\"Hornlosigkeit - BBG For Crossing\" \/>\n<meta property=\"og:description\" content=\"Hornlosen Wei\u00dfblauen Belgiern BBG bietet das gr\u00f6\u00dfte Sortiment an hornlosen Wei\u00dfblauen Belgiern Bullen BBG leistete&nbsp;Pionierarbeit&nbsp;bei der Selektion&nbsp;hornloser Bullen der Rasse Wei\u00dfblaue Belgier. Dies erm\u00f6glicht es Ihnen, von der gr\u00f6\u00dften&nbsp;Auswahl an&nbsp;hornlosen&nbsp;Bullen&nbsp;zu profitieren, die es auf dem Markt gibt. Sie erkennen sie ganz einfach an der Abk\u00fcrzung nach dem Namen des Bullen: PP (reinerbig), P (mischerbig). Hornlose [&hellip;]\" \/>\n<meta property=\"og:url\" content=\"https:\/\/crossbreedingbybbg.com\/de\/innovations\/sans-cornes\/\" \/>\n<meta property=\"og:site_name\" content=\"BBG For Crossing\" \/>\n<meta property=\"article:modified_time\" content=\"2024-10-31T14:07:39+00:00\" \/>\n<meta property=\"og:image\" content=\"https:\/\/crossbreedingbybbg.com\/wp-content\/uploads\/2024\/09\/SansCornes_18-Polled-PP-copie@2x.png\" \/>\n<meta name=\"twitter:card\" content=\"summary_large_image\" \/>\n<meta name=\"twitter:label1\" content=\"Gesch\u00e4tzte Lesezeit\" \/>\n\t<meta name=\"twitter:data1\" content=\"1\u00a0Minute\" \/>\n<script type=\"application\/ld+json\" class=\"yoast-schema-graph\">{\"@context\":\"https:\/\/schema.org\",\"@graph\":[{\"@type\":\"WebPage\",\"@id\":\"https:\/\/crossbreedingbybbg.com\/de\/innovations\/sans-cornes\/\",\"url\":\"https:\/\/crossbreedingbybbg.com\/de\/innovations\/sans-cornes\/\",\"name\":\"Hornlosigkeit - BBG For Crossing\",\"isPartOf\":{\"@id\":\"https:\/\/crossbreedingbybbg.com\/#website\"},\"primaryImageOfPage\":{\"@id\":\"https:\/\/crossbreedingbybbg.com\/de\/innovations\/sans-cornes\/#primaryimage\"},\"image\":{\"@id\":\"https:\/\/crossbreedingbybbg.com\/de\/innovations\/sans-cornes\/#primaryimage\"},\"thumbnailUrl\":\"https:\/\/crossbreedingbybbg.com\/wp-content\/uploads\/2024\/09\/SansCornes_18-Polled-PP-copie@2x.png\",\"datePublished\":\"2024-09-13T12:08:26+00:00\",\"dateModified\":\"2024-10-31T14:07:39+00:00\",\"breadcrumb\":{\"@id\":\"https:\/\/crossbreedingbybbg.com\/de\/innovations\/sans-cornes\/#breadcrumb\"},\"inLanguage\":\"de\",\"potentialAction\":[{\"@type\":\"ReadAction\",\"target\":[\"https:\/\/crossbreedingbybbg.com\/de\/innovations\/sans-cornes\/\"]}]},{\"@type\":\"ImageObject\",\"inLanguage\":\"de\",\"@id\":\"https:\/\/crossbreedingbybbg.com\/de\/innovations\/sans-cornes\/#primaryimage\",\"url\":\"https:\/\/crossbreedingbybbg.com\/wp-content\/uploads\/2024\/09\/SansCornes_18-Polled-PP-copie@2x.png\",\"contentUrl\":\"https:\/\/crossbreedingbybbg.com\/wp-content\/uploads\/2024\/09\/SansCornes_18-Polled-PP-copie@2x.png\"},{\"@type\":\"BreadcrumbList\",\"@id\":\"https:\/\/crossbreedingbybbg.com\/de\/innovations\/sans-cornes\/#breadcrumb\",\"itemListElement\":[{\"@type\":\"ListItem\",\"position\":1,\"name\":\"Accueil\",\"item\":\"https:\/\/crossbreedingbybbg.com\/de\/\"},{\"@type\":\"ListItem\",\"position\":2,\"name\":\"Innovationen\",\"item\":\"https:\/\/crossbreedingbybbg.com\/innovations\/\"},{\"@type\":\"ListItem\",\"position\":3,\"name\":\"Hornlosigkeit\"}]},{\"@type\":\"WebSite\",\"@id\":\"https:\/\/crossbreedingbybbg.com\/#website\",\"url\":\"https:\/\/crossbreedingbybbg.com\/\",\"name\":\"BBG For Crossing\",\"description\":\"L&rsquo;expertise de BBG au service du croisement\",\"publisher\":{\"@id\":\"https:\/\/crossbreedingbybbg.com\/#organization\"},\"potentialAction\":[{\"@type\":\"SearchAction\",\"target\":{\"@type\":\"EntryPoint\",\"urlTemplate\":\"https:\/\/crossbreedingbybbg.com\/?s={search_term_string}\"},\"query-input\":{\"@type\":\"PropertyValueSpecification\",\"valueRequired\":true,\"valueName\":\"search_term_string\"}}],\"inLanguage\":\"de\"},{\"@type\":\"Organization\",\"@id\":\"https:\/\/crossbreedingbybbg.com\/#organization\",\"name\":\"BBG For Crossing\",\"url\":\"https:\/\/crossbreedingbybbg.com\/\",\"logo\":{\"@type\":\"ImageObject\",\"inLanguage\":\"de\",\"@id\":\"https:\/\/crossbreedingbybbg.com\/#\/schema\/logo\/image\/\",\"url\":\"https:\/\/crossbreedingbybbg.com\/wp-content\/uploads\/2024\/09\/logo_blue.png\",\"contentUrl\":\"https:\/\/crossbreedingbybbg.com\/wp-content\/uploads\/2024\/09\/logo_blue.png\",\"width\":150,\"height\":183,\"caption\":\"BBG For Crossing\"},\"image\":{\"@id\":\"https:\/\/crossbreedingbybbg.com\/#\/schema\/logo\/image\/\"}}]}<\/script>\n<!-- \/ Yoast SEO plugin. -->","yoast_head_json":{"title":"Hornlosigkeit - BBG For Crossing","robots":{"index":"index","follow":"follow","max-snippet":"max-snippet:-1","max-image-preview":"max-image-preview:large","max-video-preview":"max-video-preview:-1"},"canonical":"https:\/\/crossbreedingbybbg.com\/de\/innovations\/sans-cornes\/","og_locale":"de_DE","og_type":"article","og_title":"Hornlosigkeit - BBG For Crossing","og_description":"Hornlosen Wei\u00dfblauen Belgiern BBG bietet das gr\u00f6\u00dfte Sortiment an hornlosen Wei\u00dfblauen Belgiern Bullen BBG leistete&nbsp;Pionierarbeit&nbsp;bei der Selektion&nbsp;hornloser Bullen der Rasse Wei\u00dfblaue Belgier. Dies erm\u00f6glicht es Ihnen, von der gr\u00f6\u00dften&nbsp;Auswahl an&nbsp;hornlosen&nbsp;Bullen&nbsp;zu profitieren, die es auf dem Markt gibt. Sie erkennen sie ganz einfach an der Abk\u00fcrzung nach dem Namen des Bullen: PP (reinerbig), P (mischerbig). Hornlose [&hellip;]","og_url":"https:\/\/crossbreedingbybbg.com\/de\/innovations\/sans-cornes\/","og_site_name":"BBG For Crossing","article_modified_time":"2024-10-31T14:07:39+00:00","og_image":[{"url":"https:\/\/crossbreedingbybbg.com\/wp-content\/uploads\/2024\/09\/SansCornes_18-Polled-PP-copie@2x.png","type":"","width":"","height":""}],"twitter_card":"summary_large_image","twitter_misc":{"Gesch\u00e4tzte Lesezeit":"1\u00a0Minute"},"schema":{"@context":"https:\/\/schema.org","@graph":[{"@type":"WebPage","@id":"https:\/\/crossbreedingbybbg.com\/de\/innovations\/sans-cornes\/","url":"https:\/\/crossbreedingbybbg.com\/de\/innovations\/sans-cornes\/","name":"Hornlosigkeit - BBG For Crossing","isPartOf":{"@id":"https:\/\/crossbreedingbybbg.com\/#website"},"primaryImageOfPage":{"@id":"https:\/\/crossbreedingbybbg.com\/de\/innovations\/sans-cornes\/#primaryimage"},"image":{"@id":"https:\/\/crossbreedingbybbg.com\/de\/innovations\/sans-cornes\/#primaryimage"},"thumbnailUrl":"https:\/\/crossbreedingbybbg.com\/wp-content\/uploads\/2024\/09\/SansCornes_18-Polled-PP-copie@2x.png","datePublished":"2024-09-13T12:08:26+00:00","dateModified":"2024-10-31T14:07:39+00:00","breadcrumb":{"@id":"https:\/\/crossbreedingbybbg.com\/de\/innovations\/sans-cornes\/#breadcrumb"},"inLanguage":"de","potentialAction":[{"@type":"ReadAction","target":["https:\/\/crossbreedingbybbg.com\/de\/innovations\/sans-cornes\/"]}]},{"@type":"ImageObject","inLanguage":"de","@id":"https:\/\/crossbreedingbybbg.com\/de\/innovations\/sans-cornes\/#primaryimage","url":"https:\/\/crossbreedingbybbg.com\/wp-content\/uploads\/2024\/09\/SansCornes_18-Polled-PP-copie@2x.png","contentUrl":"https:\/\/crossbreedingbybbg.com\/wp-content\/uploads\/2024\/09\/SansCornes_18-Polled-PP-copie@2x.png"},{"@type":"BreadcrumbList","@id":"https:\/\/crossbreedingbybbg.com\/de\/innovations\/sans-cornes\/#breadcrumb","itemListElement":[{"@type":"ListItem","position":1,"name":"Accueil","item":"https:\/\/crossbreedingbybbg.com\/de\/"},{"@type":"ListItem","position":2,"name":"Innovationen","item":"https:\/\/crossbreedingbybbg.com\/innovations\/"},{"@type":"ListItem","position":3,"name":"Hornlosigkeit"}]},{"@type":"WebSite","@id":"https:\/\/crossbreedingbybbg.com\/#website","url":"https:\/\/crossbreedingbybbg.com\/","name":"BBG For Crossing","description":"L&rsquo;expertise de BBG au service du croisement","publisher":{"@id":"https:\/\/crossbreedingbybbg.com\/#organization"},"potentialAction":[{"@type":"SearchAction","target":{"@type":"EntryPoint","urlTemplate":"https:\/\/crossbreedingbybbg.com\/?s={search_term_string}"},"query-input":{"@type":"PropertyValueSpecification","valueRequired":true,"valueName":"search_term_string"}}],"inLanguage":"de"},{"@type":"Organization","@id":"https:\/\/crossbreedingbybbg.com\/#organization","name":"BBG For Crossing","url":"https:\/\/crossbreedingbybbg.com\/","logo":{"@type":"ImageObject","inLanguage":"de","@id":"https:\/\/crossbreedingbybbg.com\/#\/schema\/logo\/image\/","url":"https:\/\/crossbreedingbybbg.com\/wp-content\/uploads\/2024\/09\/logo_blue.png","contentUrl":"https:\/\/crossbreedingbybbg.com\/wp-content\/uploads\/2024\/09\/logo_blue.png","width":150,"height":183,"caption":"BBG For Crossing"},"image":{"@id":"https:\/\/crossbreedingbybbg.com\/#\/schema\/logo\/image\/"}}]}},"_links":{"self":[{"href":"https:\/\/crossbreedingbybbg.com\/de\/wp-json\/wp\/v2\/pages\/1442","targetHints":{"allow":["GET"]}}],"collection":[{"href":"https:\/\/crossbreedingbybbg.com\/de\/wp-json\/wp\/v2\/pages"}],"about":[{"href":"https:\/\/crossbreedingbybbg.com\/de\/wp-json\/wp\/v2\/types\/page"}],"author":[{"embeddable":true,"href":"https:\/\/crossbreedingbybbg.com\/de\/wp-json\/wp\/v2\/users\/1"}],"replies":[{"embeddable":true,"href":"https:\/\/crossbreedingbybbg.com\/de\/wp-json\/wp\/v2\/comments?post=1442"}],"version-history":[{"count":1,"href":"https:\/\/crossbreedingbybbg.com\/de\/wp-json\/wp\/v2\/pages\/1442\/revisions"}],"predecessor-version":[{"id":1600,"href":"https:\/\/crossbreedingbybbg.com\/de\/wp-json\/wp\/v2\/pages\/1442\/revisions\/1600"}],"up":[{"embeddable":true,"href":"https:\/\/crossbreedingbybbg.com\/de\/wp-json\/wp\/v2\/pages\/1396"}],"wp:attachment":[{"href":"https:\/\/crossbreedingbybbg.com\/de\/wp-json\/wp\/v2\/media?parent=1442"}],"curies":[{"name":"wp","href":"https:\/\/api.w.org\/{rel}","templated":true}]}}